{"id":967,"date":"2021-11-08T09:40:16","date_gmt":"2021-11-08T09:40:16","guid":{"rendered":"https:\/\/nexusintegra.io\/es\/?page_id=967"},"modified":"2021-12-30T14:47:09","modified_gmt":"2021-12-30T14:47:09","slug":"colorker-caso-exito","status":"publish","type":"page","link":"https:\/\/nexusintegra.io\/es\/colorker-caso-exito\/","title":{"rendered":"Caso de \u00e9xito &#8211; Colorker"},"content":{"rendered":"\t<section class=\"section\" id=\"section_1756362493\">\n\t\t<div class=\"bg section-bg fill bg-fill  \" >\n\n\t\t\t\n\t\t\t\n\t\t\t\n\n\t\t<\/div>\n\n\t\t\n\n\t\t<div class=\"section-content relative\">\n\t\t\t\n<div class=\"row align-center\"  id=\"row-2046786509\">\n\n\t<div id=\"col-1872628183\" class=\"col medium-7 small-12 large-5\"  >\n\t\t\t\t<div class=\"col-inner text-center dark\"  >\n\t\t\t\n\t\t\t\n\t<div class=\"img has-hover x md-x lg-x y md-y lg-y\" id=\"image_999751407\">\n\t\t\t\t\t\t\t\t<div class=\"img-inner dark\" >\n\t\t\t<img loading=\"lazy\" decoding=\"async\" width=\"1020\" height=\"1020\" src=\"https:\/\/nexusintegra.io\/es\/wp-content\/uploads\/2021\/10\/nexus-integra-logo-circular-tittle-home-1.svg\" class=\"attachment-large size-large\" alt=\"\" \/>\t\t\t\t\t\t\n\t\t\t\t\t<\/div>\n\t\t\t\t\t\t\t\t\n<style>\n#image_999751407 {\n  width: 15%;\n}\n@media (min-width:550px) {\n  #image_999751407 {\n    width: 8%;\n  }\n}\n<\/style>\n\t<\/div>\n\t\n<p class=\"lead\" style=\"margin-bottom:0;\"><strong>Caso de \u00e9xito<\/strong><\/p>\n\t<div id=\"gap-877134584\" class=\"gap-element clearfix\" style=\"display:block; height:auto;\">\n\t\t\n<style>\n#gap-877134584 {\n  padding-top: 10px;\n}\n<\/style>\n\t<\/div>\n\t\n<h1><span style=\"font-size: 130%;\">Colorker<\/span><\/h1>\n\t\t<\/div>\n\t\t\t\t\t<\/div>\n\n\t\n<\/div>\n\t\t<\/div>\n\n\t\t\n<style>\n#section_1756362493 {\n  padding-top: 30px;\n  padding-bottom: 30px;\n  min-height: 50vh;\n}\n#section_1756362493 .section-bg.bg-loaded {\n  background-image: url(https:\/\/nexusintegra.io\/es\/wp-content\/uploads\/2021\/11\/nexus-integra-smart-industry-header-1.jpg);\n}\n#section_1756362493 .section-bg {\n  background-position: 37% 89%;\n}\n#section_1756362493 .ux-shape-divider--top svg {\n  height: 150px;\n  --divider-top-width: 100%;\n}\n#section_1756362493 .ux-shape-divider--bottom svg {\n  height: 150px;\n  --divider-width: 100%;\n}\n<\/style>\n\t<\/section>\n\t\n\t<div id=\"gap-545053682\" class=\"gap-element clearfix\" style=\"display:block; height:auto;\">\n\t\t\n<style>\n#gap-545053682 {\n  padding-top: 75px;\n}\n<\/style>\n\t<\/div>\n\t\n<div class=\"row row-large align-center\"  id=\"row-1049552492\">\n\n\t<div id=\"col-210277910\" class=\"col medium-10 small-12 large-7\"  >\n\t\t\t\t<div class=\"col-inner\"  >\n\t\t\t\n\t\t\t\n\t<div class=\"img has-hover x md-x lg-x y md-y lg-y\" id=\"image_1020988339\">\n\t\t\t\t\t\t\t\t<div class=\"img-inner dark\" >\n\t\t\t<img loading=\"lazy\" decoding=\"async\" width=\"443\" height=\"77\" src=\"https:\/\/nexusintegra.io\/es\/wp-content\/uploads\/2021\/11\/Grupo-37648.png\" class=\"attachment-original size-original\" alt=\"\" srcset=\"https:\/\/nexusintegra.io\/es\/wp-content\/uploads\/2021\/11\/Grupo-37648.png 443w, https:\/\/nexusintegra.io\/es\/wp-content\/uploads\/2021\/11\/Grupo-37648-300x52.png 300w\" sizes=\"auto, (max-width: 443px) 100vw, 443px\" \/>\t\t\t\t\t\t\n\t\t\t\t\t<\/div>\n\t\t\t\t\t\t\t\t\n<style>\n#image_1020988339 {\n  width: 85%;\n}\n@media (min-width:550px) {\n  #image_1020988339 {\n    width: 55%;\n  }\n}\n@media (min-width:850px) {\n  #image_1020988339 {\n    width: 45%;\n  }\n}\n<\/style>\n\t<\/div>\n\t\n<p><strong>Colorker<\/strong>\u00a0empresa de la industria cer\u00e1mica, apuesta por mantenerse a la vanguardia de la creatividad y la tecnolog\u00eda. Nexus Integra es la plataforma de operaciones integrada que le aporta la soluci\u00f3n tecnol\u00f3gica para monitorizar y digitalizar la producci\u00f3n.<\/p>\n<p>Nexus Integra le permite desplegar un sistema de trazabilidad a nivel de pieza, a lo largo de m\u00faltiples l\u00edneas de producci\u00f3n, como tambi\u00e9n, crear una base de datos hol\u00edstica combinando la informaci\u00f3n acerca de la trazabilidad junto con el flujo de datos procedente de todo el sistema productivo para conseguir una m\u00e9trica OEE mucho m\u00e1s refinada y altamente precisa.<\/p>\n\t<div id=\"gap-198425518\" class=\"gap-element clearfix\" style=\"display:block; height:auto;\">\n\t\t\n<style>\n#gap-198425518 {\n  padding-top: 25px;\n}\n<\/style>\n\t<\/div>\n\t\n<p class=\"lead\"><span style=\"color: #2875e9;\">Algunos de los beneficios logrados:<\/span><\/p>\n<ul class=\"check-bullets\">\n<li>Acceso a datos precisos, estructurados y actualizados sobre su realidad productiva.<\/li>\n<li>Optimizaci\u00f3n de costes a nivel de pieza en toda su cadena de suministro.<\/li>\n<li>Ahorro del 20% en costes de mantenimiento.<\/li>\n<li>Reducci\u00f3n del 70% en el precio del desarrollo de nuevas aplicaciones de la industria 4.0.<\/li>\n<\/ul>\n\t<div id=\"gap-2098811597\" class=\"gap-element clearfix\" style=\"display:block; height:auto;\">\n\t\t\n<style>\n#gap-2098811597 {\n  padding-top: 35px;\n}\n<\/style>\n\t<\/div>\n\t\n\t\t<\/div>\n\t\t\t\t\t<\/div>\n\n\t\n\n\t<div id=\"col-1905478036\" class=\"col shadowed-col rounded-border-10 medium-10 small-12 large-5\"  >\n\t\t\t\t<div class=\"col-inner\"  >\n\t\t\t\n\t\t\t\n<p class=\"lead\" style=\"margin-bottom:0\"><span style=\"color: #2875e9;\">Rellena el formulario para acceder al caso de \u00e9xito completo:<\/span><\/p>\n\n<p><script charset=\"utf-8\" type=\"text\/javascript\" src=\"\/\/js.hsforms.net\/forms\/shell.js\"><\/script><br \/>\n<script>\n  hbspt.forms.create({\n\tportalId: \"5762261\",\n\tformId: \"0a7e1522-d457-4b9c-ab35-19c2db565875\"\n});\n<\/script><br \/>\n\n\t\t<\/div>\n\t\t\t\t\n<style>\n#col-1905478036 > .col-inner {\n  padding: 25px 20px 0px 20px;\n}\n@media (min-width:550px) {\n  #col-1905478036 > .col-inner {\n    padding: 50px 50px 0px 50px;\n  }\n}\n<\/style>\n\t<\/div>\n\n\t\n<\/div>\n\t<div id=\"gap-566761753\" class=\"gap-element clearfix\" style=\"display:block; height:auto;\">\n\t\t\n<style>\n#gap-566761753 {\n  padding-top: 50px;\n}\n<\/style>\n\t<\/div>\n\t\n","protected":false},"excerpt":{"rendered":"","protected":false},"author":1,"featured_media":2255,"parent":0,"menu_order":0,"comment_status":"closed","ping_status":"closed","template":"page-blank.php","meta":{"_acf_changed":false,"inline_featured_image":false,"footnotes":""},"class_list":["post-967","page","type-page","status-publish","has-post-thumbnail","hentry"],"acf":[],"yoast_head":"<!-- This site is optimized with the Yoast SEO plugin v26.4 - https:\/\/yoast.com\/wordpress\/plugins\/seo\/ -->\n<title>Colorker - Caso de \u00e9xito - Nexus Integra<\/title>\n<meta name=\"robots\" content=\"index, follow, max-snippet:-1, max-image-preview:large, max-video-preview:-1\" \/>\n<link rel=\"canonical\" href=\"https:\/\/nexusintegra.io\/es\/colorker-caso-exito\/\" \/>\n<meta property=\"og:locale\" content=\"es_ES\" \/>\n<meta property=\"og:type\" content=\"article\" \/>\n<meta property=\"og:title\" content=\"Colorker - Caso de \u00e9xito - Nexus Integra\" \/>\n<meta property=\"og:url\" content=\"https:\/\/nexusintegra.io\/es\/colorker-caso-exito\/\" \/>\n<meta property=\"og:site_name\" content=\"Nexus Integra\" \/>\n<meta property=\"article:publisher\" content=\"https:\/\/www.facebook.com\/nexusintegra1\/\" \/>\n<meta property=\"article:modified_time\" content=\"2021-12-30T14:47:09+00:00\" \/>\n<meta property=\"og:image\" content=\"https:\/\/nexusintegra.io\/es\/wp-content\/uploads\/2021\/12\/nexus-integra-use-cases-10.jpg\" \/>\n\t<meta property=\"og:image:width\" content=\"1244\" \/>\n\t<meta property=\"og:image:height\" content=\"830\" \/>\n\t<meta property=\"og:image:type\" content=\"image\/jpeg\" \/>\n<meta name=\"twitter:card\" content=\"summary_large_image\" \/>\n<meta name=\"twitter:site\" content=\"@nexusintegra\" \/>\n<meta name=\"twitter:label1\" content=\"Tiempo de lectura\" \/>\n\t<meta name=\"twitter:data1\" content=\"1 minuto\" \/>\n<script type=\"application\/ld+json\" class=\"yoast-schema-graph\">{\"@context\":\"https:\/\/schema.org\",\"@graph\":[{\"@type\":\"WebPage\",\"@id\":\"https:\/\/nexusintegra.io\/es\/colorker-caso-exito\/\",\"url\":\"https:\/\/nexusintegra.io\/es\/colorker-caso-exito\/\",\"name\":\"Colorker - Caso de \u00e9xito - Nexus Integra\",\"isPartOf\":{\"@id\":\"https:\/\/nexusintegra.io\/es\/#website\"},\"primaryImageOfPage\":{\"@id\":\"https:\/\/nexusintegra.io\/es\/colorker-caso-exito\/#primaryimage\"},\"image\":{\"@id\":\"https:\/\/nexusintegra.io\/es\/colorker-caso-exito\/#primaryimage\"},\"thumbnailUrl\":\"https:\/\/nexusintegra.io\/es\/wp-content\/uploads\/2021\/12\/nexus-integra-use-cases-10.jpg\",\"datePublished\":\"2021-11-08T09:40:16+00:00\",\"dateModified\":\"2021-12-30T14:47:09+00:00\",\"breadcrumb\":{\"@id\":\"https:\/\/nexusintegra.io\/es\/colorker-caso-exito\/#breadcrumb\"},\"inLanguage\":\"es\",\"potentialAction\":[{\"@type\":\"ReadAction\",\"target\":[\"https:\/\/nexusintegra.io\/es\/colorker-caso-exito\/\"]}]},{\"@type\":\"ImageObject\",\"inLanguage\":\"es\",\"@id\":\"https:\/\/nexusintegra.io\/es\/colorker-caso-exito\/#primaryimage\",\"url\":\"https:\/\/nexusintegra.io\/es\/wp-content\/uploads\/2021\/12\/nexus-integra-use-cases-10.jpg\",\"contentUrl\":\"https:\/\/nexusintegra.io\/es\/wp-content\/uploads\/2021\/12\/nexus-integra-use-cases-10.jpg\",\"width\":1244,\"height\":830},{\"@type\":\"BreadcrumbList\",\"@id\":\"https:\/\/nexusintegra.io\/es\/colorker-caso-exito\/#breadcrumb\",\"itemListElement\":[{\"@type\":\"ListItem\",\"position\":1,\"name\":\"Home\",\"item\":\"https:\/\/nexusintegra.io\/es\/\"},{\"@type\":\"ListItem\",\"position\":2,\"name\":\"Caso de \u00e9xito &#8211; Colorker\"}]},{\"@type\":\"WebSite\",\"@id\":\"https:\/\/nexusintegra.io\/es\/#website\",\"url\":\"https:\/\/nexusintegra.io\/es\/\",\"name\":\"Nexus Integra\",\"description\":\"\",\"publisher\":{\"@id\":\"https:\/\/nexusintegra.io\/es\/#organization\"},\"potentialAction\":[{\"@type\":\"SearchAction\",\"target\":{\"@type\":\"EntryPoint\",\"urlTemplate\":\"https:\/\/nexusintegra.io\/es\/?s={search_term_string}\"},\"query-input\":{\"@type\":\"PropertyValueSpecification\",\"valueRequired\":true,\"valueName\":\"search_term_string\"}}],\"inLanguage\":\"es\"},{\"@type\":\"Organization\",\"@id\":\"https:\/\/nexusintegra.io\/es\/#organization\",\"name\":\"Nexus Integra\",\"url\":\"https:\/\/nexusintegra.io\/es\/\",\"logo\":{\"@type\":\"ImageObject\",\"inLanguage\":\"es\",\"@id\":\"https:\/\/nexusintegra.io\/es\/#\/schema\/logo\/image\/\",\"url\":\"https:\/\/nexusintegra.io\/es\/wp-content\/uploads\/2021\/10\/logo-nexus.svg\",\"contentUrl\":\"https:\/\/nexusintegra.io\/es\/wp-content\/uploads\/2021\/10\/logo-nexus.svg\",\"width\":\"1024\",\"height\":\"1024\",\"caption\":\"Nexus Integra\"},\"image\":{\"@id\":\"https:\/\/nexusintegra.io\/es\/#\/schema\/logo\/image\/\"},\"sameAs\":[\"https:\/\/www.facebook.com\/nexusintegra1\/\",\"https:\/\/x.com\/nexusintegra\",\"https:\/\/www.linkedin.com\/company\/nexusintegra\/\"]}]}<\/script>\n<!-- \/ Yoast SEO plugin. -->","yoast_head_json":{"title":"Colorker - Caso de \u00e9xito - Nexus Integra","robots":{"index":"index","follow":"follow","max-snippet":"max-snippet:-1","max-image-preview":"max-image-preview:large","max-video-preview":"max-video-preview:-1"},"canonical":"https:\/\/nexusintegra.io\/es\/colorker-caso-exito\/","og_locale":"es_ES","og_type":"article","og_title":"Colorker - Caso de \u00e9xito - Nexus Integra","og_url":"https:\/\/nexusintegra.io\/es\/colorker-caso-exito\/","og_site_name":"Nexus Integra","article_publisher":"https:\/\/www.facebook.com\/nexusintegra1\/","article_modified_time":"2021-12-30T14:47:09+00:00","og_image":[{"width":1244,"height":830,"url":"https:\/\/nexusintegra.io\/es\/wp-content\/uploads\/2021\/12\/nexus-integra-use-cases-10.jpg","type":"image\/jpeg"}],"twitter_card":"summary_large_image","twitter_site":"@nexusintegra","twitter_misc":{"Tiempo de lectura":"1 minuto"},"schema":{"@context":"https:\/\/schema.org","@graph":[{"@type":"WebPage","@id":"https:\/\/nexusintegra.io\/es\/colorker-caso-exito\/","url":"https:\/\/nexusintegra.io\/es\/colorker-caso-exito\/","name":"Colorker - Caso de \u00e9xito - Nexus Integra","isPartOf":{"@id":"https:\/\/nexusintegra.io\/es\/#website"},"primaryImageOfPage":{"@id":"https:\/\/nexusintegra.io\/es\/colorker-caso-exito\/#primaryimage"},"image":{"@id":"https:\/\/nexusintegra.io\/es\/colorker-caso-exito\/#primaryimage"},"thumbnailUrl":"https:\/\/nexusintegra.io\/es\/wp-content\/uploads\/2021\/12\/nexus-integra-use-cases-10.jpg","datePublished":"2021-11-08T09:40:16+00:00","dateModified":"2021-12-30T14:47:09+00:00","breadcrumb":{"@id":"https:\/\/nexusintegra.io\/es\/colorker-caso-exito\/#breadcrumb"},"inLanguage":"es","potentialAction":[{"@type":"ReadAction","target":["https:\/\/nexusintegra.io\/es\/colorker-caso-exito\/"]}]},{"@type":"ImageObject","inLanguage":"es","@id":"https:\/\/nexusintegra.io\/es\/colorker-caso-exito\/#primaryimage","url":"https:\/\/nexusintegra.io\/es\/wp-content\/uploads\/2021\/12\/nexus-integra-use-cases-10.jpg","contentUrl":"https:\/\/nexusintegra.io\/es\/wp-content\/uploads\/2021\/12\/nexus-integra-use-cases-10.jpg","width":1244,"height":830},{"@type":"BreadcrumbList","@id":"https:\/\/nexusintegra.io\/es\/colorker-caso-exito\/#breadcrumb","itemListElement":[{"@type":"ListItem","position":1,"name":"Home","item":"https:\/\/nexusintegra.io\/es\/"},{"@type":"ListItem","position":2,"name":"Caso de \u00e9xito &#8211; Colorker"}]},{"@type":"WebSite","@id":"https:\/\/nexusintegra.io\/es\/#website","url":"https:\/\/nexusintegra.io\/es\/","name":"Nexus Integra","description":"","publisher":{"@id":"https:\/\/nexusintegra.io\/es\/#organization"},"potentialAction":[{"@type":"SearchAction","target":{"@type":"EntryPoint","urlTemplate":"https:\/\/nexusintegra.io\/es\/?s={search_term_string}"},"query-input":{"@type":"PropertyValueSpecification","valueRequired":true,"valueName":"search_term_string"}}],"inLanguage":"es"},{"@type":"Organization","@id":"https:\/\/nexusintegra.io\/es\/#organization","name":"Nexus Integra","url":"https:\/\/nexusintegra.io\/es\/","logo":{"@type":"ImageObject","inLanguage":"es","@id":"https:\/\/nexusintegra.io\/es\/#\/schema\/logo\/image\/","url":"https:\/\/nexusintegra.io\/es\/wp-content\/uploads\/2021\/10\/logo-nexus.svg","contentUrl":"https:\/\/nexusintegra.io\/es\/wp-content\/uploads\/2021\/10\/logo-nexus.svg","width":"1024","height":"1024","caption":"Nexus Integra"},"image":{"@id":"https:\/\/nexusintegra.io\/es\/#\/schema\/logo\/image\/"},"sameAs":["https:\/\/www.facebook.com\/nexusintegra1\/","https:\/\/x.com\/nexusintegra","https:\/\/www.linkedin.com\/company\/nexusintegra\/"]}]}},"_links":{"self":[{"href":"https:\/\/nexusintegra.io\/es\/wp-json\/wp\/v2\/pages\/967","targetHints":{"allow":["GET"]}}],"collection":[{"href":"https:\/\/nexusintegra.io\/es\/wp-json\/wp\/v2\/pages"}],"about":[{"href":"https:\/\/nexusintegra.io\/es\/wp-json\/wp\/v2\/types\/page"}],"author":[{"embeddable":true,"href":"https:\/\/nexusintegra.io\/es\/wp-json\/wp\/v2\/users\/1"}],"replies":[{"embeddable":true,"href":"https:\/\/nexusintegra.io\/es\/wp-json\/wp\/v2\/comments?post=967"}],"version-history":[{"count":29,"href":"https:\/\/nexusintegra.io\/es\/wp-json\/wp\/v2\/pages\/967\/revisions"}],"predecessor-version":[{"id":1684,"href":"https:\/\/nexusintegra.io\/es\/wp-json\/wp\/v2\/pages\/967\/revisions\/1684"}],"wp:featuredmedia":[{"embeddable":true,"href":"https:\/\/nexusintegra.io\/es\/wp-json\/wp\/v2\/media\/2255"}],"wp:attachment":[{"href":"https:\/\/nexusintegra.io\/es\/wp-json\/wp\/v2\/media?parent=967"}],"curies":[{"name":"wp","href":"https:\/\/api.w.org\/{rel}","templated":true}]}}