{"id":3279,"date":"2022-08-05T09:16:17","date_gmt":"2022-08-05T08:16:17","guid":{"rendered":"https:\/\/nexusintegra.io\/es\/?page_id=3279"},"modified":"2022-08-08T11:15:45","modified_gmt":"2022-08-08T10:15:45","slug":"ebook-convergencia-it-y-ot-el-reto-para-la-industria-4-0","status":"publish","type":"page","link":"https:\/\/nexusintegra.io\/es\/ebook-convergencia-it-y-ot-el-reto-para-la-industria-4-0\/","title":{"rendered":"Ebook &#8211; Convergencia IT y OT: el reto para  la Industria 4.0"},"content":{"rendered":"\t<section class=\"section\" id=\"section_694561882\">\n\t\t<div class=\"bg section-bg fill bg-fill  \" >\n\n\t\t\t\n\t\t\t\n\t\t\t\n\n\t\t<\/div>\n\n\t\t\n\n\t\t<div class=\"section-content relative\">\n\t\t\t\n<div class=\"row align-center\"  id=\"row-1392392838\">\n\n\t<div id=\"col-1774975215\" class=\"col medium-7 small-12 large-8\"  >\n\t\t\t\t<div class=\"col-inner text-center dark\"  >\n\t\t\t\n\t\t\t\n\t<div class=\"img has-hover x md-x lg-x y md-y lg-y\" id=\"image_2039907450\">\n\t\t\t\t\t\t\t\t<div class=\"img-inner dark\" >\n\t\t\t<img loading=\"lazy\" decoding=\"async\" width=\"1020\" height=\"1020\" src=\"https:\/\/nexusintegra.io\/es\/wp-content\/uploads\/2021\/10\/nexus-integra-logo-circular-tittle-home-1.svg\" class=\"attachment-large size-large\" alt=\"\" \/>\t\t\t\t\t\t\n\t\t\t\t\t<\/div>\n\t\t\t\t\t\t\t\t\n<style>\n#image_2039907450 {\n  width: 15%;\n}\n@media (min-width:550px) {\n  #image_2039907450 {\n    width: 7%;\n  }\n}\n<\/style>\n\t<\/div>\n\t\n<p class=\"lead\" style=\"margin-bottom: 0;\"><strong>Gu\u00eda completa<\/strong><\/p>\n\t<div id=\"gap-1050349268\" class=\"gap-element clearfix\" style=\"display:block; height:auto;\">\n\t\t\n<style>\n#gap-1050349268 {\n  padding-top: 10px;\n}\n<\/style>\n\t<\/div>\n\t\n<h1>Convergencia IT y OT:<br \/>\nel reto para la Industria 4.0<\/h1>\n\t\t<\/div>\n\t\t\t\t\t<\/div>\n\n\t\n<\/div>\n\t\t<\/div>\n\n\t\t\n<style>\n#section_694561882 {\n  padding-top: 30px;\n  padding-bottom: 30px;\n  min-height: 50vh;\n}\n#section_694561882 .section-bg.bg-loaded {\n  background-image: url(https:\/\/nexusintegra.io\/es\/wp-content\/uploads\/2021\/11\/imagen-ebook-1.jpg);\n}\n#section_694561882 .section-bg {\n  background-position: 37% 89%;\n}\n#section_694561882 .ux-shape-divider--top svg {\n  height: 150px;\n  --divider-top-width: 100%;\n}\n#section_694561882 .ux-shape-divider--bottom svg {\n  height: 150px;\n  --divider-width: 100%;\n}\n<\/style>\n\t<\/section>\n\t\n\t<div id=\"gap-2012078442\" class=\"gap-element clearfix\" style=\"display:block; height:auto;\">\n\t\t\n<style>\n#gap-2012078442 {\n  padding-top: 50px;\n}\n<\/style>\n\t<\/div>\n\t\n<div class=\"row row-large align-center\"  id=\"row-1094412876\">\n\n\t<div id=\"col-1436424683\" class=\"col medium-10 small-12 large-7\"  >\n\t\t\t\t<div class=\"col-inner\"  >\n\t\t\t\n\t\t\t\n<p>Una prueba indudable de que la digitalizaci\u00f3n es un fen\u00f3meno imparable en la industria 4.0 es la convergencia absoluta de las \u00e1reas tecnol\u00f3gicas OT e IT, pero \u00bfCu\u00e1les han sido los factores clave para la convergencia entre IT y OT?<\/p>\n<p>Con el ebook\u00a0<b data-stringify-type=\"bold\">\u2018Convergencia IT y OT: el reto para la Industria 4.0\u2019<\/b>\u00a0aprender\u00e1s las diferencias entre IT y OT y como \u00e9stas han llegado a converger en la actualidad con la llegada de la industria 4.0<\/p>\n<ul class=\"check-bullets\">\n<li data-stringify-indent=\"0\" data-stringify-border=\"0\">Evoluci\u00f3n en la industria<\/li>\n<li data-stringify-indent=\"0\" data-stringify-border=\"0\">IT y OT en la actualidad<\/li>\n<li data-stringify-indent=\"0\" data-stringify-border=\"0\">\u00bfQu\u00e9 debo hacer para reforzar la ciberseguridad IT\/OT?<\/li>\n<li data-stringify-indent=\"0\" data-stringify-border=\"0\">Unifica todos tus datos bajo una \u00fanica plataforma con Nexus Integra<\/li>\n<\/ul>\n\t<div id=\"gap-1520874489\" class=\"gap-element clearfix\" style=\"display:block; height:auto;\">\n\t\t\n<style>\n#gap-1520874489 {\n  padding-top: 25px;\n}\n<\/style>\n\t<\/div>\n\t\n\t<div class=\"img has-hover x md-x lg-x y md-y lg-y\" id=\"image_2123916186\">\n\t\t\t\t\t\t\t\t<div class=\"img-inner dark\" >\n\t\t\t<img loading=\"lazy\" decoding=\"async\" width=\"682\" height=\"800\" src=\"https:\/\/nexusintegra.io\/es\/wp-content\/uploads\/2022\/08\/MOCKUP-ESP.png\" class=\"attachment-large size-large\" alt=\"\" srcset=\"https:\/\/nexusintegra.io\/es\/wp-content\/uploads\/2022\/08\/MOCKUP-ESP.png 682w, https:\/\/nexusintegra.io\/es\/wp-content\/uploads\/2022\/08\/MOCKUP-ESP-597x700.png 597w\" sizes=\"auto, (max-width: 682px) 100vw, 682px\" \/>\t\t\t\t\t\t\n\t\t\t\t\t<\/div>\n\t\t\t\t\t\t\t\t\n<style>\n#image_2123916186 {\n  width: 70%;\n}\n@media (min-width:550px) {\n  #image_2123916186 {\n    width: 35%;\n  }\n}\n<\/style>\n\t<\/div>\n\t\n\t<div id=\"gap-1673902640\" class=\"gap-element clearfix\" style=\"display:block; height:auto;\">\n\t\t\n<style>\n#gap-1673902640 {\n  padding-top: 35px;\n}\n<\/style>\n\t<\/div>\n\t\n\t\t<\/div>\n\t\t\t\t\t<\/div>\n\n\t\n\n\t<div id=\"col-1558962118\" class=\"col shadowed-col rounded-border-10 medium-10 small-12 large-5\"  >\n\t\t\t\t<div class=\"col-inner\"  >\n\t\t\t\n\t\t\t\n<p class=\"lead\" style=\"margin-bottom: 0;\"><span style=\"color: #2875e9;\">Rellena el formulario para acceder a la Gu\u00eda Completa:<\/span><\/p>\n\n<p><script charset=\"utf-8\" type=\"text\/javascript\" src=\"\/\/js.hsforms.net\/forms\/v2.js\"><\/script><br \/>\n<script>\nhbspt.forms.create({\nregion: \"na1\",\nportalId: \"5762261\",\nformId: \"77d921f3-e34f-4431-9390-8e396ec521bd\"\n});\n<\/script><br \/>\n\n\t\t<\/div>\n\t\t\t\t\n<style>\n#col-1558962118 > .col-inner {\n  padding: 25px 25px 0px 25px;\n}\n@media (min-width:550px) {\n  #col-1558962118 > .col-inner {\n    padding: 50px 50px 0px 50px;\n  }\n}\n<\/style>\n\t<\/div>\n\n\t\n<\/div>\n\t<div id=\"gap-139244559\" class=\"gap-element clearfix\" style=\"display:block; height:auto;\">\n\t\t\n<style>\n#gap-139244559 {\n  padding-top: 50px;\n}\n<\/style>\n\t<\/div>\n\t\n","protected":false},"excerpt":{"rendered":"","protected":false},"author":1,"featured_media":3306,"parent":0,"menu_order":0,"comment_status":"closed","ping_status":"closed","template":"page-blank.php","meta":{"_acf_changed":false,"inline_featured_image":false,"footnotes":""},"class_list":["post-3279","page","type-page","status-publish","has-post-thumbnail","hentry"],"acf":[],"yoast_head":"<!-- This site is optimized with the Yoast SEO plugin v26.4 - https:\/\/yoast.com\/wordpress\/plugins\/seo\/ -->\n<title>Convergencia IT y OT:el reto para la Industria 4.0 - Gu\u00eda Completa<\/title>\n<meta name=\"description\" content=\"Aprender\u00e1s las diferencias entre IT y OT y como \u00e9stas han llegado a converger en la actualidad con la llegada de la industria 4.0\" \/>\n<meta name=\"robots\" content=\"index, follow, max-snippet:-1, max-image-preview:large, max-video-preview:-1\" \/>\n<link rel=\"canonical\" href=\"https:\/\/nexusintegra.io\/es\/ebook-convergencia-it-y-ot-el-reto-para-la-industria-4-0\/\" \/>\n<meta property=\"og:locale\" content=\"es_ES\" \/>\n<meta property=\"og:type\" content=\"article\" \/>\n<meta property=\"og:title\" content=\"Convergencia IT y OT:el reto para la Industria 4.0 - Gu\u00eda Completa\" \/>\n<meta property=\"og:description\" content=\"Aprender\u00e1s las diferencias entre IT y OT y como \u00e9stas han llegado a converger en la actualidad con la llegada de la industria 4.0\" \/>\n<meta property=\"og:url\" content=\"https:\/\/nexusintegra.io\/es\/ebook-convergencia-it-y-ot-el-reto-para-la-industria-4-0\/\" \/>\n<meta property=\"og:site_name\" content=\"Nexus Integra\" \/>\n<meta property=\"article:publisher\" content=\"https:\/\/www.facebook.com\/nexusintegra1\/\" \/>\n<meta property=\"article:modified_time\" content=\"2022-08-08T10:15:45+00:00\" \/>\n<meta property=\"og:image\" content=\"https:\/\/nexusintegra.io\/es\/wp-content\/uploads\/2022\/08\/Linkedin-convergencias-ES.jpg\" \/>\n\t<meta property=\"og:image:width\" content=\"800\" \/>\n\t<meta property=\"og:image:height\" content=\"400\" \/>\n\t<meta property=\"og:image:type\" content=\"image\/jpeg\" \/>\n<meta name=\"twitter:card\" content=\"summary_large_image\" \/>\n<meta name=\"twitter:site\" content=\"@nexusintegra\" \/>\n<meta name=\"twitter:label1\" content=\"Tiempo de lectura\" \/>\n\t<meta name=\"twitter:data1\" content=\"1 minuto\" \/>\n<script type=\"application\/ld+json\" class=\"yoast-schema-graph\">{\"@context\":\"https:\/\/schema.org\",\"@graph\":[{\"@type\":\"WebPage\",\"@id\":\"https:\/\/nexusintegra.io\/es\/ebook-convergencia-it-y-ot-el-reto-para-la-industria-4-0\/\",\"url\":\"https:\/\/nexusintegra.io\/es\/ebook-convergencia-it-y-ot-el-reto-para-la-industria-4-0\/\",\"name\":\"Convergencia IT y OT:el reto para la Industria 4.0 - Gu\u00eda Completa\",\"isPartOf\":{\"@id\":\"https:\/\/nexusintegra.io\/es\/#website\"},\"primaryImageOfPage\":{\"@id\":\"https:\/\/nexusintegra.io\/es\/ebook-convergencia-it-y-ot-el-reto-para-la-industria-4-0\/#primaryimage\"},\"image\":{\"@id\":\"https:\/\/nexusintegra.io\/es\/ebook-convergencia-it-y-ot-el-reto-para-la-industria-4-0\/#primaryimage\"},\"thumbnailUrl\":\"https:\/\/nexusintegra.io\/es\/wp-content\/uploads\/2022\/08\/Linkedin-convergencias-ES.jpg\",\"datePublished\":\"2022-08-05T08:16:17+00:00\",\"dateModified\":\"2022-08-08T10:15:45+00:00\",\"description\":\"Aprender\u00e1s las diferencias entre IT y OT y como \u00e9stas han llegado a converger en la actualidad con la llegada de la industria 4.0\",\"breadcrumb\":{\"@id\":\"https:\/\/nexusintegra.io\/es\/ebook-convergencia-it-y-ot-el-reto-para-la-industria-4-0\/#breadcrumb\"},\"inLanguage\":\"es\",\"potentialAction\":[{\"@type\":\"ReadAction\",\"target\":[\"https:\/\/nexusintegra.io\/es\/ebook-convergencia-it-y-ot-el-reto-para-la-industria-4-0\/\"]}]},{\"@type\":\"ImageObject\",\"inLanguage\":\"es\",\"@id\":\"https:\/\/nexusintegra.io\/es\/ebook-convergencia-it-y-ot-el-reto-para-la-industria-4-0\/#primaryimage\",\"url\":\"https:\/\/nexusintegra.io\/es\/wp-content\/uploads\/2022\/08\/Linkedin-convergencias-ES.jpg\",\"contentUrl\":\"https:\/\/nexusintegra.io\/es\/wp-content\/uploads\/2022\/08\/Linkedin-convergencias-ES.jpg\",\"width\":800,\"height\":400},{\"@type\":\"BreadcrumbList\",\"@id\":\"https:\/\/nexusintegra.io\/es\/ebook-convergencia-it-y-ot-el-reto-para-la-industria-4-0\/#breadcrumb\",\"itemListElement\":[{\"@type\":\"ListItem\",\"position\":1,\"name\":\"Home\",\"item\":\"https:\/\/nexusintegra.io\/es\/\"},{\"@type\":\"ListItem\",\"position\":2,\"name\":\"Ebook &#8211; Convergencia IT y OT: el reto para la Industria 4.0\"}]},{\"@type\":\"WebSite\",\"@id\":\"https:\/\/nexusintegra.io\/es\/#website\",\"url\":\"https:\/\/nexusintegra.io\/es\/\",\"name\":\"Nexus Integra\",\"description\":\"\",\"publisher\":{\"@id\":\"https:\/\/nexusintegra.io\/es\/#organization\"},\"potentialAction\":[{\"@type\":\"SearchAction\",\"target\":{\"@type\":\"EntryPoint\",\"urlTemplate\":\"https:\/\/nexusintegra.io\/es\/?s={search_term_string}\"},\"query-input\":{\"@type\":\"PropertyValueSpecification\",\"valueRequired\":true,\"valueName\":\"search_term_string\"}}],\"inLanguage\":\"es\"},{\"@type\":\"Organization\",\"@id\":\"https:\/\/nexusintegra.io\/es\/#organization\",\"name\":\"Nexus Integra\",\"url\":\"https:\/\/nexusintegra.io\/es\/\",\"logo\":{\"@type\":\"ImageObject\",\"inLanguage\":\"es\",\"@id\":\"https:\/\/nexusintegra.io\/es\/#\/schema\/logo\/image\/\",\"url\":\"https:\/\/nexusintegra.io\/es\/wp-content\/uploads\/2021\/10\/logo-nexus.svg\",\"contentUrl\":\"https:\/\/nexusintegra.io\/es\/wp-content\/uploads\/2021\/10\/logo-nexus.svg\",\"width\":\"1024\",\"height\":\"1024\",\"caption\":\"Nexus Integra\"},\"image\":{\"@id\":\"https:\/\/nexusintegra.io\/es\/#\/schema\/logo\/image\/\"},\"sameAs\":[\"https:\/\/www.facebook.com\/nexusintegra1\/\",\"https:\/\/x.com\/nexusintegra\",\"https:\/\/www.linkedin.com\/company\/nexusintegra\/\"]}]}<\/script>\n<!-- \/ Yoast SEO plugin. -->","yoast_head_json":{"title":"Convergencia IT y OT:el reto para la Industria 4.0 - Gu\u00eda Completa","description":"Aprender\u00e1s las diferencias entre IT y OT y como \u00e9stas han llegado a converger en la actualidad con la llegada de la industria 4.0","robots":{"index":"index","follow":"follow","max-snippet":"max-snippet:-1","max-image-preview":"max-image-preview:large","max-video-preview":"max-video-preview:-1"},"canonical":"https:\/\/nexusintegra.io\/es\/ebook-convergencia-it-y-ot-el-reto-para-la-industria-4-0\/","og_locale":"es_ES","og_type":"article","og_title":"Convergencia IT y OT:el reto para la Industria 4.0 - Gu\u00eda Completa","og_description":"Aprender\u00e1s las diferencias entre IT y OT y como \u00e9stas han llegado a converger en la actualidad con la llegada de la industria 4.0","og_url":"https:\/\/nexusintegra.io\/es\/ebook-convergencia-it-y-ot-el-reto-para-la-industria-4-0\/","og_site_name":"Nexus Integra","article_publisher":"https:\/\/www.facebook.com\/nexusintegra1\/","article_modified_time":"2022-08-08T10:15:45+00:00","og_image":[{"width":800,"height":400,"url":"https:\/\/nexusintegra.io\/es\/wp-content\/uploads\/2022\/08\/Linkedin-convergencias-ES.jpg","type":"image\/jpeg"}],"twitter_card":"summary_large_image","twitter_site":"@nexusintegra","twitter_misc":{"Tiempo de lectura":"1 minuto"},"schema":{"@context":"https:\/\/schema.org","@graph":[{"@type":"WebPage","@id":"https:\/\/nexusintegra.io\/es\/ebook-convergencia-it-y-ot-el-reto-para-la-industria-4-0\/","url":"https:\/\/nexusintegra.io\/es\/ebook-convergencia-it-y-ot-el-reto-para-la-industria-4-0\/","name":"Convergencia IT y OT:el reto para la Industria 4.0 - Gu\u00eda Completa","isPartOf":{"@id":"https:\/\/nexusintegra.io\/es\/#website"},"primaryImageOfPage":{"@id":"https:\/\/nexusintegra.io\/es\/ebook-convergencia-it-y-ot-el-reto-para-la-industria-4-0\/#primaryimage"},"image":{"@id":"https:\/\/nexusintegra.io\/es\/ebook-convergencia-it-y-ot-el-reto-para-la-industria-4-0\/#primaryimage"},"thumbnailUrl":"https:\/\/nexusintegra.io\/es\/wp-content\/uploads\/2022\/08\/Linkedin-convergencias-ES.jpg","datePublished":"2022-08-05T08:16:17+00:00","dateModified":"2022-08-08T10:15:45+00:00","description":"Aprender\u00e1s las diferencias entre IT y OT y como \u00e9stas han llegado a converger en la actualidad con la llegada de la industria 4.0","breadcrumb":{"@id":"https:\/\/nexusintegra.io\/es\/ebook-convergencia-it-y-ot-el-reto-para-la-industria-4-0\/#breadcrumb"},"inLanguage":"es","potentialAction":[{"@type":"ReadAction","target":["https:\/\/nexusintegra.io\/es\/ebook-convergencia-it-y-ot-el-reto-para-la-industria-4-0\/"]}]},{"@type":"ImageObject","inLanguage":"es","@id":"https:\/\/nexusintegra.io\/es\/ebook-convergencia-it-y-ot-el-reto-para-la-industria-4-0\/#primaryimage","url":"https:\/\/nexusintegra.io\/es\/wp-content\/uploads\/2022\/08\/Linkedin-convergencias-ES.jpg","contentUrl":"https:\/\/nexusintegra.io\/es\/wp-content\/uploads\/2022\/08\/Linkedin-convergencias-ES.jpg","width":800,"height":400},{"@type":"BreadcrumbList","@id":"https:\/\/nexusintegra.io\/es\/ebook-convergencia-it-y-ot-el-reto-para-la-industria-4-0\/#breadcrumb","itemListElement":[{"@type":"ListItem","position":1,"name":"Home","item":"https:\/\/nexusintegra.io\/es\/"},{"@type":"ListItem","position":2,"name":"Ebook &#8211; Convergencia IT y OT: el reto para la Industria 4.0"}]},{"@type":"WebSite","@id":"https:\/\/nexusintegra.io\/es\/#website","url":"https:\/\/nexusintegra.io\/es\/","name":"Nexus Integra","description":"","publisher":{"@id":"https:\/\/nexusintegra.io\/es\/#organization"},"potentialAction":[{"@type":"SearchAction","target":{"@type":"EntryPoint","urlTemplate":"https:\/\/nexusintegra.io\/es\/?s={search_term_string}"},"query-input":{"@type":"PropertyValueSpecification","valueRequired":true,"valueName":"search_term_string"}}],"inLanguage":"es"},{"@type":"Organization","@id":"https:\/\/nexusintegra.io\/es\/#organization","name":"Nexus Integra","url":"https:\/\/nexusintegra.io\/es\/","logo":{"@type":"ImageObject","inLanguage":"es","@id":"https:\/\/nexusintegra.io\/es\/#\/schema\/logo\/image\/","url":"https:\/\/nexusintegra.io\/es\/wp-content\/uploads\/2021\/10\/logo-nexus.svg","contentUrl":"https:\/\/nexusintegra.io\/es\/wp-content\/uploads\/2021\/10\/logo-nexus.svg","width":"1024","height":"1024","caption":"Nexus Integra"},"image":{"@id":"https:\/\/nexusintegra.io\/es\/#\/schema\/logo\/image\/"},"sameAs":["https:\/\/www.facebook.com\/nexusintegra1\/","https:\/\/x.com\/nexusintegra","https:\/\/www.linkedin.com\/company\/nexusintegra\/"]}]}},"_links":{"self":[{"href":"https:\/\/nexusintegra.io\/es\/wp-json\/wp\/v2\/pages\/3279","targetHints":{"allow":["GET"]}}],"collection":[{"href":"https:\/\/nexusintegra.io\/es\/wp-json\/wp\/v2\/pages"}],"about":[{"href":"https:\/\/nexusintegra.io\/es\/wp-json\/wp\/v2\/types\/page"}],"author":[{"embeddable":true,"href":"https:\/\/nexusintegra.io\/es\/wp-json\/wp\/v2\/users\/1"}],"replies":[{"embeddable":true,"href":"https:\/\/nexusintegra.io\/es\/wp-json\/wp\/v2\/comments?post=3279"}],"version-history":[{"count":7,"href":"https:\/\/nexusintegra.io\/es\/wp-json\/wp\/v2\/pages\/3279\/revisions"}],"predecessor-version":[{"id":3311,"href":"https:\/\/nexusintegra.io\/es\/wp-json\/wp\/v2\/pages\/3279\/revisions\/3311"}],"wp:featuredmedia":[{"embeddable":true,"href":"https:\/\/nexusintegra.io\/es\/wp-json\/wp\/v2\/media\/3306"}],"wp:attachment":[{"href":"https:\/\/nexusintegra.io\/es\/wp-json\/wp\/v2\/media?parent=3279"}],"curies":[{"name":"wp","href":"https:\/\/api.w.org\/{rel}","templated":true}]}}