{"id":3239,"date":"2022-07-13T18:45:28","date_gmt":"2022-07-13T17:45:28","guid":{"rendered":"https:\/\/nexusintegra.io\/es\/?page_id=3239"},"modified":"2022-08-05T10:50:52","modified_gmt":"2022-08-05T09:50:52","slug":"ebook-smart-factory","status":"publish","type":"page","link":"https:\/\/nexusintegra.io\/es\/ebook-smart-factory\/","title":{"rendered":"Ebook &#8211; Como llevar tu empresa industrial hacia la Smart Factory"},"content":{"rendered":"\t<section class=\"section\" id=\"section_1737792618\">\n\t\t<div class=\"bg section-bg fill bg-fill  \" >\n\n\t\t\t\n\t\t\t\n\t\t\t\n\n\t\t<\/div>\n\n\t\t\n\n\t\t<div class=\"section-content relative\">\n\t\t\t\n<div class=\"row align-center\"  id=\"row-1497575999\">\n\n\t<div id=\"col-1320148056\" class=\"col medium-7 small-12 large-8\"  >\n\t\t\t\t<div class=\"col-inner text-center dark\"  >\n\t\t\t\n\t\t\t\n\t<div class=\"img has-hover x md-x lg-x y md-y lg-y\" id=\"image_1596954711\">\n\t\t\t\t\t\t\t\t<div class=\"img-inner dark\" >\n\t\t\t<img loading=\"lazy\" decoding=\"async\" width=\"1020\" height=\"1020\" src=\"https:\/\/nexusintegra.io\/es\/wp-content\/uploads\/2021\/10\/nexus-integra-logo-circular-tittle-home-1.svg\" class=\"attachment-large size-large\" alt=\"\" \/>\t\t\t\t\t\t\n\t\t\t\t\t<\/div>\n\t\t\t\t\t\t\t\t\n<style>\n#image_1596954711 {\n  width: 15%;\n}\n@media (min-width:550px) {\n  #image_1596954711 {\n    width: 7%;\n  }\n}\n<\/style>\n\t<\/div>\n\t\n<p class=\"lead\" style=\"margin-bottom: 0;\"><strong>Gu\u00eda completa<\/strong><\/p>\n\t<div id=\"gap-265294442\" class=\"gap-element clearfix\" style=\"display:block; height:auto;\">\n\t\t\n<style>\n#gap-265294442 {\n  padding-top: 10px;\n}\n<\/style>\n\t<\/div>\n\t\n<h1>Como llevar tu empresa industrial hacia la Smart Factory<\/h1>\n\t\t<\/div>\n\t\t\t\t\t<\/div>\n\n\t\n<\/div>\n\t\t<\/div>\n\n\t\t\n<style>\n#section_1737792618 {\n  padding-top: 30px;\n  padding-bottom: 30px;\n  min-height: 50vh;\n}\n#section_1737792618 .section-bg.bg-loaded {\n  background-image: url(https:\/\/nexusintegra.io\/es\/wp-content\/uploads\/2021\/11\/imagen-ebook-1.jpg);\n}\n#section_1737792618 .section-bg {\n  background-position: 37% 89%;\n}\n#section_1737792618 .ux-shape-divider--top svg {\n  height: 150px;\n  --divider-top-width: 100%;\n}\n#section_1737792618 .ux-shape-divider--bottom svg {\n  height: 150px;\n  --divider-width: 100%;\n}\n<\/style>\n\t<\/section>\n\t\n\t<div id=\"gap-867855657\" class=\"gap-element clearfix\" style=\"display:block; height:auto;\">\n\t\t\n<style>\n#gap-867855657 {\n  padding-top: 50px;\n}\n<\/style>\n\t<\/div>\n\t\n<div class=\"row row-large align-center\"  id=\"row-1608232555\">\n\n\t<div id=\"col-138295236\" class=\"col medium-10 small-12 large-7\"  >\n\t\t\t\t<div class=\"col-inner\"  >\n\t\t\t\n\t\t\t\n<p>La digitalizaci\u00f3n ya es parte de nuestro mundo actual, y cada vez est\u00e1 m\u00e1s presente en nuestras vidas.<\/p>\n<p>Con la gu\u00eda <strong>\u2018Como llevar tu empresa industrial hacia la Smart Factory\u2018<\/strong>, obtendr\u00e1s una visi\u00f3n global del proceso de transformaci\u00f3n digital. Adem\u00e1s profundizamos en las mejoras de rendimiento que se pueden obtener en cada \u00e1rea.<\/p>\n<p>Comienza el camino hacia la f\u00e1brica inteligente:<\/p>\n<ul class=\"check-bullets\">\n<li><span class=\"list-content\">Nivel de madurez digital \u00bfEn cu\u00e1l estoy?<\/span><\/li>\n<li><span class=\"list-content\">C\u00f3mo obtener mayor rapidez y eficiencia en la producci\u00f3n<\/span><\/li>\n<li><span class=\"list-content\">Mantenimiento industrial inteligente<\/span><\/li>\n<li>Almacenes 4.0<\/li>\n<li>Smart Manufacturing<\/li>\n<\/ul>\n\t<div id=\"gap-1337902799\" class=\"gap-element clearfix\" style=\"display:block; height:auto;\">\n\t\t\n<style>\n#gap-1337902799 {\n  padding-top: 25px;\n}\n<\/style>\n\t<\/div>\n\t\n\t<div class=\"img has-hover x md-x lg-x y md-y lg-y\" id=\"image_1352019954\">\n\t\t\t\t\t\t\t\t<div class=\"img-inner dark\" >\n\t\t\t<img loading=\"lazy\" decoding=\"async\" width=\"682\" height=\"800\" src=\"https:\/\/nexusintegra.io\/es\/wp-content\/uploads\/2022\/07\/Smat-Factory-Mockup-ES.png\" class=\"attachment-large size-large\" alt=\"\" srcset=\"https:\/\/nexusintegra.io\/es\/wp-content\/uploads\/2022\/07\/Smat-Factory-Mockup-ES.png 682w, https:\/\/nexusintegra.io\/es\/wp-content\/uploads\/2022\/07\/Smat-Factory-Mockup-ES-597x700.png 597w\" sizes=\"auto, (max-width: 682px) 100vw, 682px\" \/>\t\t\t\t\t\t\n\t\t\t\t\t<\/div>\n\t\t\t\t\t\t\t\t\n<style>\n#image_1352019954 {\n  width: 70%;\n}\n@media (min-width:550px) {\n  #image_1352019954 {\n    width: 35%;\n  }\n}\n<\/style>\n\t<\/div>\n\t\n\t<div id=\"gap-1704904906\" class=\"gap-element clearfix\" style=\"display:block; height:auto;\">\n\t\t\n<style>\n#gap-1704904906 {\n  padding-top: 35px;\n}\n<\/style>\n\t<\/div>\n\t\n\t\t<\/div>\n\t\t\t\t\t<\/div>\n\n\t\n\n\t<div id=\"col-1843490045\" class=\"col shadowed-col rounded-border-10 medium-10 small-12 large-5\"  >\n\t\t\t\t<div class=\"col-inner\"  >\n\t\t\t\n\t\t\t\n<p class=\"lead\" style=\"margin-bottom: 0;\"><span style=\"color: #2875e9;\">Rellena el formulario para acceder a la Gu\u00eda Completa:<\/span><\/p>\n\n<p><script charset=\"utf-8\" type=\"text\/javascript\" src=\"\/\/js.hsforms.net\/forms\/v2.js\"><\/script><br \/>\n<script>\n  hbspt.forms.create({\n    region: \"na1\",\n    portalId: \"5762261\",\n    formId: \"ac0d1c3e-64ff-44f3-887f-3b9a4a59bd04\"\n  });\n<\/script><br \/>\n\n\t\t<\/div>\n\t\t\t\t\n<style>\n#col-1843490045 > .col-inner {\n  padding: 25px 25px 0px 25px;\n}\n@media (min-width:550px) {\n  #col-1843490045 > .col-inner {\n    padding: 50px 50px 0px 50px;\n  }\n}\n<\/style>\n\t<\/div>\n\n\t\n<\/div>\n\t<div id=\"gap-106548426\" class=\"gap-element clearfix\" style=\"display:block; height:auto;\">\n\t\t\n<style>\n#gap-106548426 {\n  padding-top: 50px;\n}\n<\/style>\n\t<\/div>\n\t\n","protected":false},"excerpt":{"rendered":"","protected":false},"author":1,"featured_media":3251,"parent":0,"menu_order":0,"comment_status":"closed","ping_status":"closed","template":"page-blank.php","meta":{"_acf_changed":false,"inline_featured_image":false,"footnotes":""},"class_list":["post-3239","page","type-page","status-publish","has-post-thumbnail","hentry"],"acf":[],"yoast_head":"<!-- This site is optimized with the Yoast SEO plugin v26.4 - https:\/\/yoast.com\/wordpress\/plugins\/seo\/ -->\n<title>Como llevar tu empresa industrial hacia la Smart Factory - Gu\u00eda Completa<\/title>\n<meta name=\"robots\" content=\"index, follow, max-snippet:-1, max-image-preview:large, max-video-preview:-1\" \/>\n<link rel=\"canonical\" href=\"https:\/\/nexusintegra.io\/es\/ebook-smart-factory\/\" \/>\n<meta property=\"og:locale\" content=\"es_ES\" \/>\n<meta property=\"og:type\" content=\"article\" \/>\n<meta property=\"og:title\" content=\"Como llevar tu empresa industrial hacia la Smart Factory - Gu\u00eda Completa\" \/>\n<meta property=\"og:url\" content=\"https:\/\/nexusintegra.io\/es\/ebook-smart-factory\/\" \/>\n<meta property=\"og:site_name\" content=\"Nexus Integra\" \/>\n<meta property=\"article:publisher\" content=\"https:\/\/www.facebook.com\/nexusintegra1\/\" \/>\n<meta property=\"article:modified_time\" content=\"2022-08-05T09:50:52+00:00\" \/>\n<meta property=\"og:image\" content=\"https:\/\/nexusintegra.io\/es\/wp-content\/uploads\/2022\/07\/Linkedin-energeticas-ES.jpg\" \/>\n\t<meta property=\"og:image:width\" content=\"800\" \/>\n\t<meta property=\"og:image:height\" content=\"400\" \/>\n\t<meta property=\"og:image:type\" content=\"image\/jpeg\" \/>\n<meta name=\"twitter:card\" content=\"summary_large_image\" \/>\n<meta name=\"twitter:site\" content=\"@nexusintegra\" \/>\n<meta name=\"twitter:label1\" content=\"Tiempo de lectura\" \/>\n\t<meta name=\"twitter:data1\" content=\"1 minuto\" \/>\n<script type=\"application\/ld+json\" class=\"yoast-schema-graph\">{\"@context\":\"https:\/\/schema.org\",\"@graph\":[{\"@type\":\"WebPage\",\"@id\":\"https:\/\/nexusintegra.io\/es\/ebook-smart-factory\/\",\"url\":\"https:\/\/nexusintegra.io\/es\/ebook-smart-factory\/\",\"name\":\"Como llevar tu empresa industrial hacia la Smart Factory - Gu\u00eda Completa\",\"isPartOf\":{\"@id\":\"https:\/\/nexusintegra.io\/es\/#website\"},\"primaryImageOfPage\":{\"@id\":\"https:\/\/nexusintegra.io\/es\/ebook-smart-factory\/#primaryimage\"},\"image\":{\"@id\":\"https:\/\/nexusintegra.io\/es\/ebook-smart-factory\/#primaryimage\"},\"thumbnailUrl\":\"https:\/\/nexusintegra.io\/es\/wp-content\/uploads\/2022\/07\/Linkedin-energeticas-ES.jpg\",\"datePublished\":\"2022-07-13T17:45:28+00:00\",\"dateModified\":\"2022-08-05T09:50:52+00:00\",\"breadcrumb\":{\"@id\":\"https:\/\/nexusintegra.io\/es\/ebook-smart-factory\/#breadcrumb\"},\"inLanguage\":\"es\",\"potentialAction\":[{\"@type\":\"ReadAction\",\"target\":[\"https:\/\/nexusintegra.io\/es\/ebook-smart-factory\/\"]}]},{\"@type\":\"ImageObject\",\"inLanguage\":\"es\",\"@id\":\"https:\/\/nexusintegra.io\/es\/ebook-smart-factory\/#primaryimage\",\"url\":\"https:\/\/nexusintegra.io\/es\/wp-content\/uploads\/2022\/07\/Linkedin-energeticas-ES.jpg\",\"contentUrl\":\"https:\/\/nexusintegra.io\/es\/wp-content\/uploads\/2022\/07\/Linkedin-energeticas-ES.jpg\",\"width\":800,\"height\":400},{\"@type\":\"BreadcrumbList\",\"@id\":\"https:\/\/nexusintegra.io\/es\/ebook-smart-factory\/#breadcrumb\",\"itemListElement\":[{\"@type\":\"ListItem\",\"position\":1,\"name\":\"Home\",\"item\":\"https:\/\/nexusintegra.io\/es\/\"},{\"@type\":\"ListItem\",\"position\":2,\"name\":\"Ebook &#8211; Como llevar tu empresa industrial hacia la Smart Factory\"}]},{\"@type\":\"WebSite\",\"@id\":\"https:\/\/nexusintegra.io\/es\/#website\",\"url\":\"https:\/\/nexusintegra.io\/es\/\",\"name\":\"Nexus Integra\",\"description\":\"\",\"publisher\":{\"@id\":\"https:\/\/nexusintegra.io\/es\/#organization\"},\"potentialAction\":[{\"@type\":\"SearchAction\",\"target\":{\"@type\":\"EntryPoint\",\"urlTemplate\":\"https:\/\/nexusintegra.io\/es\/?s={search_term_string}\"},\"query-input\":{\"@type\":\"PropertyValueSpecification\",\"valueRequired\":true,\"valueName\":\"search_term_string\"}}],\"inLanguage\":\"es\"},{\"@type\":\"Organization\",\"@id\":\"https:\/\/nexusintegra.io\/es\/#organization\",\"name\":\"Nexus Integra\",\"url\":\"https:\/\/nexusintegra.io\/es\/\",\"logo\":{\"@type\":\"ImageObject\",\"inLanguage\":\"es\",\"@id\":\"https:\/\/nexusintegra.io\/es\/#\/schema\/logo\/image\/\",\"url\":\"https:\/\/nexusintegra.io\/es\/wp-content\/uploads\/2021\/10\/logo-nexus.svg\",\"contentUrl\":\"https:\/\/nexusintegra.io\/es\/wp-content\/uploads\/2021\/10\/logo-nexus.svg\",\"width\":\"1024\",\"height\":\"1024\",\"caption\":\"Nexus Integra\"},\"image\":{\"@id\":\"https:\/\/nexusintegra.io\/es\/#\/schema\/logo\/image\/\"},\"sameAs\":[\"https:\/\/www.facebook.com\/nexusintegra1\/\",\"https:\/\/x.com\/nexusintegra\",\"https:\/\/www.linkedin.com\/company\/nexusintegra\/\"]}]}<\/script>\n<!-- \/ Yoast SEO plugin. -->","yoast_head_json":{"title":"Como llevar tu empresa industrial hacia la Smart Factory - Gu\u00eda Completa","robots":{"index":"index","follow":"follow","max-snippet":"max-snippet:-1","max-image-preview":"max-image-preview:large","max-video-preview":"max-video-preview:-1"},"canonical":"https:\/\/nexusintegra.io\/es\/ebook-smart-factory\/","og_locale":"es_ES","og_type":"article","og_title":"Como llevar tu empresa industrial hacia la Smart Factory - Gu\u00eda Completa","og_url":"https:\/\/nexusintegra.io\/es\/ebook-smart-factory\/","og_site_name":"Nexus Integra","article_publisher":"https:\/\/www.facebook.com\/nexusintegra1\/","article_modified_time":"2022-08-05T09:50:52+00:00","og_image":[{"width":800,"height":400,"url":"https:\/\/nexusintegra.io\/es\/wp-content\/uploads\/2022\/07\/Linkedin-energeticas-ES.jpg","type":"image\/jpeg"}],"twitter_card":"summary_large_image","twitter_site":"@nexusintegra","twitter_misc":{"Tiempo de lectura":"1 minuto"},"schema":{"@context":"https:\/\/schema.org","@graph":[{"@type":"WebPage","@id":"https:\/\/nexusintegra.io\/es\/ebook-smart-factory\/","url":"https:\/\/nexusintegra.io\/es\/ebook-smart-factory\/","name":"Como llevar tu empresa industrial hacia la Smart Factory - Gu\u00eda Completa","isPartOf":{"@id":"https:\/\/nexusintegra.io\/es\/#website"},"primaryImageOfPage":{"@id":"https:\/\/nexusintegra.io\/es\/ebook-smart-factory\/#primaryimage"},"image":{"@id":"https:\/\/nexusintegra.io\/es\/ebook-smart-factory\/#primaryimage"},"thumbnailUrl":"https:\/\/nexusintegra.io\/es\/wp-content\/uploads\/2022\/07\/Linkedin-energeticas-ES.jpg","datePublished":"2022-07-13T17:45:28+00:00","dateModified":"2022-08-05T09:50:52+00:00","breadcrumb":{"@id":"https:\/\/nexusintegra.io\/es\/ebook-smart-factory\/#breadcrumb"},"inLanguage":"es","potentialAction":[{"@type":"ReadAction","target":["https:\/\/nexusintegra.io\/es\/ebook-smart-factory\/"]}]},{"@type":"ImageObject","inLanguage":"es","@id":"https:\/\/nexusintegra.io\/es\/ebook-smart-factory\/#primaryimage","url":"https:\/\/nexusintegra.io\/es\/wp-content\/uploads\/2022\/07\/Linkedin-energeticas-ES.jpg","contentUrl":"https:\/\/nexusintegra.io\/es\/wp-content\/uploads\/2022\/07\/Linkedin-energeticas-ES.jpg","width":800,"height":400},{"@type":"BreadcrumbList","@id":"https:\/\/nexusintegra.io\/es\/ebook-smart-factory\/#breadcrumb","itemListElement":[{"@type":"ListItem","position":1,"name":"Home","item":"https:\/\/nexusintegra.io\/es\/"},{"@type":"ListItem","position":2,"name":"Ebook &#8211; Como llevar tu empresa industrial hacia la Smart Factory"}]},{"@type":"WebSite","@id":"https:\/\/nexusintegra.io\/es\/#website","url":"https:\/\/nexusintegra.io\/es\/","name":"Nexus Integra","description":"","publisher":{"@id":"https:\/\/nexusintegra.io\/es\/#organization"},"potentialAction":[{"@type":"SearchAction","target":{"@type":"EntryPoint","urlTemplate":"https:\/\/nexusintegra.io\/es\/?s={search_term_string}"},"query-input":{"@type":"PropertyValueSpecification","valueRequired":true,"valueName":"search_term_string"}}],"inLanguage":"es"},{"@type":"Organization","@id":"https:\/\/nexusintegra.io\/es\/#organization","name":"Nexus Integra","url":"https:\/\/nexusintegra.io\/es\/","logo":{"@type":"ImageObject","inLanguage":"es","@id":"https:\/\/nexusintegra.io\/es\/#\/schema\/logo\/image\/","url":"https:\/\/nexusintegra.io\/es\/wp-content\/uploads\/2021\/10\/logo-nexus.svg","contentUrl":"https:\/\/nexusintegra.io\/es\/wp-content\/uploads\/2021\/10\/logo-nexus.svg","width":"1024","height":"1024","caption":"Nexus Integra"},"image":{"@id":"https:\/\/nexusintegra.io\/es\/#\/schema\/logo\/image\/"},"sameAs":["https:\/\/www.facebook.com\/nexusintegra1\/","https:\/\/x.com\/nexusintegra","https:\/\/www.linkedin.com\/company\/nexusintegra\/"]}]}},"_links":{"self":[{"href":"https:\/\/nexusintegra.io\/es\/wp-json\/wp\/v2\/pages\/3239","targetHints":{"allow":["GET"]}}],"collection":[{"href":"https:\/\/nexusintegra.io\/es\/wp-json\/wp\/v2\/pages"}],"about":[{"href":"https:\/\/nexusintegra.io\/es\/wp-json\/wp\/v2\/types\/page"}],"author":[{"embeddable":true,"href":"https:\/\/nexusintegra.io\/es\/wp-json\/wp\/v2\/users\/1"}],"replies":[{"embeddable":true,"href":"https:\/\/nexusintegra.io\/es\/wp-json\/wp\/v2\/comments?post=3239"}],"version-history":[{"count":14,"href":"https:\/\/nexusintegra.io\/es\/wp-json\/wp\/v2\/pages\/3239\/revisions"}],"predecessor-version":[{"id":3282,"href":"https:\/\/nexusintegra.io\/es\/wp-json\/wp\/v2\/pages\/3239\/revisions\/3282"}],"wp:featuredmedia":[{"embeddable":true,"href":"https:\/\/nexusintegra.io\/es\/wp-json\/wp\/v2\/media\/3251"}],"wp:attachment":[{"href":"https:\/\/nexusintegra.io\/es\/wp-json\/wp\/v2\/media?parent=3239"}],"curies":[{"name":"wp","href":"https:\/\/api.w.org\/{rel}","templated":true}]}}