{"id":2230,"date":"2021-12-28T17:31:41","date_gmt":"2021-12-28T17:31:41","guid":{"rendered":"https:\/\/nexusintegra.io\/es\/?page_id=2230"},"modified":"2021-12-29T10:20:41","modified_gmt":"2021-12-29T10:20:41","slug":"politica-de-privacidad","status":"publish","type":"page","link":"https:\/\/nexusintegra.io\/es\/politica-de-privacidad\/","title":{"rendered":"Pol\u00edtica de privacidad"},"content":{"rendered":"<div class=\"row align-center\"  id=\"row-2065893294\">\n\n\t<div id=\"col-932355868\" class=\"col texto-legal medium-8 small-12 large-8\"  >\n\t\t\t\t<div class=\"col-inner\"  >\n\t\t\t\n\t\t\t\n<h1>Pol\u00edtica de privacidad<\/h1>\n\t<div id=\"gap-1466184767\" class=\"gap-element clearfix\" style=\"display:block; height:auto;\">\n\t\t\n<style>\n#gap-1466184767 {\n  padding-top: 25px;\n}\n<\/style>\n\t<\/div>\n\t\n\t<div id=\"text-3622155686\" class=\"text\">\n\t\t\n<h2>Protecci\u00f3n de datos de car\u00e1cter personal y seguridad de la informaci\u00f3n<br \/>\nMarcos normativos.<\/h2>\n<p>ENSAI INGENIERIA S.L. se rige en materia de protecci\u00f3n de datos de car\u00e1cter personal y seguridad de la informaci\u00f3n, principalmente, por los siguientes marcos normativos y est\u00e1ndares:<br \/>\n\u2013 Reglamento (UE) 2016\/679 del Parlamento Europeo y del Consejo, de 27 de abril de 2016, relativo a la protecci\u00f3n de las personas f\u00edsicas en lo que respecta al tratamiento de sus datos personales y a la libre circulaci\u00f3n de estos datos (RGPD en adelante).<br \/>\n\u2013 Ley Org\u00e1nica 3\/2018 de 5 de diciembre, de Protecci\u00f3n de Datos de Car\u00e1cter Personal y garant\u00eda de los derechos digitales (LOPDGDD en adelante).<br \/>\n\u2013 Real Decreto 3\/2010 de 8 de diciembre. Esquema Nacional de Seguridad (ENS en adelante).<br \/>\n\u2013 Norma ISO\/IEC 27001:2013 y complementarias ISO\/IEC 27xxx (ISO27 en adelante).<br \/>\n\u2013 Desarrollos reglamentarios, instrucciones, directivas, normas y est\u00e1ndares vigentes en cada momento sobre protecci\u00f3n de datos de car\u00e1cter personal y seguridad de la informaci\u00f3n.<br \/>\nEn base a los requerimientos de RGPD y LOPDGDD, ENS e ISO27 referencian las medidas t\u00e9cnicas y organizativas apropiadas que NEXUS INTEGRA implementa para mantener la confidencialidad, integridad, disponibilidad y resiliencia de los servicios corporativos y las informaciones que gestionan, incluyendo los tratamientos de datos de car\u00e1cter personal implicados.<\/p>\n<p>Protecci\u00f3n de datos de car\u00e1cter personal \u2013 rgpd- lopdgdd deber de informaci\u00f3n.<\/p>\n<p>Responsable del Tratamiento<br \/>\nENSAI INGENIERIA S.L. NIF: B12868485<br \/>\nDomicilio<br \/>\nCalle \u00c1lvaro de Baz\u00e1n 10, 46010 VALENCIA, Espa\u00f1a<br \/>\nTel\u00e9fono: 963896172<\/p>\n<h2>Finalidades<\/h2>\n<p>Los datos que nos facilita son tratados con las siguientes finalidades (salvo que por el contexto se deduzca claramente que trataremos sus datos personales para una \u00fanica finalidad; por ejemplo en formularios o casilla de verificaci\u00f3n del tipo \u201csuscribirse a las newsletters\u201d):<br \/>\n\u2013 Gestionar su relaci\u00f3n comercial con nosotros en cuanto a los servicios ofrecidos.<br \/>\n\u2013 Cuando sea aplicable (porque aplique alguno de los supuestos en los que la legislaci\u00f3n vigente lo permita), enviarle nuestro bolet\u00edn electr\u00f3nico de noticias (newsletter) y enviarle comunicaciones comerciales y cualquier tipo de notificaciones por cualquier medio (postal, correo electr\u00f3nico o tel\u00e9fono) para informarle de nuestras ofertas, promociones, productos, servicios, circulares y campa\u00f1as.<br \/>\n\u2013 Atender sus solicitudes de informaci\u00f3n.<br \/>\n\u2013 Conocer sus preferencias de navegaci\u00f3n en nuestras p\u00e1ginas web para poder personalizar y mejorar nuestros servicios y mantener la seguridad del sitio.<br \/>\n\u2013 Mostrar los servicios y productos que puede ofertar Nexus Integra.<br \/>\n\u2013 Dar soporte t\u00e9cnico o de preventa acerca de nuestros servicios y soluciones.<br \/>\n\u2013 Gestionar su inscripci\u00f3n y tramitar su participaci\u00f3n en los eventos que organizamos o patrocinamos.<\/p>\n<p>Conservaci\u00f3n de los datos<\/p>\n<p>Sus datos ser\u00e1n conservados durante el periodo establecido por el tratamiento, la legislaci\u00f3n aplicable y los requerimientos aplicables a la conservaci\u00f3n de informaci\u00f3n por parte de la Empresa.<\/p>\n<h2>Legitimaci\u00f3n \/ bases jur\u00eddicas aplicables<\/h2>\n<p>Los diferentes procedimientos y actividades corporativas conllevan tratamientos basados en diferentes bases jur\u00eddicas enumeradas en el RGPD:<br \/>\n1. Consentimiento de la persona interesada, cuando se requiera.<br \/>\n2. Relaci\u00f3n contractual o precontractual.<br \/>\n3. Inter\u00e9s leg\u00edtimo del responsable de tratamiento.<\/p>\n<h2>Destinatarios<\/h2>\n<p>Sus datos podr\u00e1n ser comunicados a las entidades p\u00fablicas y\/o privadas competentes, intervinientes o necesarias para la gesti\u00f3n de los servicios corporativos, y en los supuestos previstos por la Ley.<\/p>\n<h2>Derechos<\/h2>\n<p>Usted puede ejercer sus derechos de acceso, rectificaci\u00f3n, supresi\u00f3n, oposici\u00f3n, limitaci\u00f3n del tratamiento, portabilidad y (en su caso) retirada del consentimiento prestado. Asimismo, Vd. puede dirigirse a la Autoridad de Control para reclamar sus derechos.<br \/>\nPara ejercer estos derechos, Vd. debe dirigir una solicitud a NEXUS INTEGRA, Calle \u00c1lvaro de Baz\u00e1n 10, 46010 VALENCIA, Espa\u00f1a, indicando \u201cResponsable de Protecci\u00f3n de Datos\u201d.<br \/>\nEsta solicitud puede realizarla mediante:<br \/>\n1) Correo ordinario. Recomendado (no obligatorio) correo certificado.<br \/>\n2) Correo electr\u00f3nico dirigido a: info@nexusintegra.io<br \/>\nEn todos los casos, NEXUS INTEGRA debe verificar su identidad como titular de los datos. Para esta verificaci\u00f3n, Vd. debe aportar:<br \/>\n\u2013 Fotocopia de un documento acreditativo de su identidad (DNI, NIE, Pasaporte).<\/p>\n<h2>Transferencias internacionales.<\/h2>\n<p>No se realizan transferencias internacionales de datos. En casos puntuales donde fuera necesario, se solicitar\u00e1 la correspondiente autorizaci\u00f3n a la Autoridad de Control.<\/p>\n\t\t\n<style>\n#text-3622155686 {\n  font-size: 0.8rem;\n}\n<\/style>\n\t<\/div>\n\t\n\t\t<\/div>\n\t\t\t\t\t<\/div>\n\n\t\n<\/div>\n","protected":false},"excerpt":{"rendered":"","protected":false},"author":1,"featured_media":0,"parent":0,"menu_order":0,"comment_status":"closed","ping_status":"closed","template":"","meta":{"_acf_changed":false,"inline_featured_image":false,"footnotes":""},"class_list":["post-2230","page","type-page","status-publish","hentry"],"acf":[],"yoast_head":"<!-- This site is optimized with the Yoast SEO plugin v26.4 - https:\/\/yoast.com\/wordpress\/plugins\/seo\/ -->\n<title>Pol\u00edtica de privacidad | Nexus Integra<\/title>\n<meta name=\"robots\" content=\"noindex, follow\" \/>\n<meta property=\"og:locale\" content=\"es_ES\" \/>\n<meta property=\"og:type\" content=\"article\" \/>\n<meta property=\"og:title\" content=\"Pol\u00edtica de privacidad | Nexus Integra\" \/>\n<meta property=\"og:url\" content=\"https:\/\/nexusintegra.io\/es\/politica-de-privacidad\/\" \/>\n<meta property=\"og:site_name\" content=\"Nexus Integra\" \/>\n<meta property=\"article:publisher\" content=\"https:\/\/www.facebook.com\/nexusintegra1\/\" \/>\n<meta property=\"article:modified_time\" content=\"2021-12-29T10:20:41+00:00\" \/>\n<meta name=\"twitter:card\" content=\"summary_large_image\" \/>\n<meta name=\"twitter:site\" content=\"@nexusintegra\" \/>\n<meta name=\"twitter:label1\" content=\"Tiempo de lectura\" \/>\n\t<meta name=\"twitter:data1\" content=\"3 minutos\" \/>\n<script type=\"application\/ld+json\" class=\"yoast-schema-graph\">{\"@context\":\"https:\/\/schema.org\",\"@graph\":[{\"@type\":\"WebPage\",\"@id\":\"https:\/\/nexusintegra.io\/es\/politica-de-privacidad\/\",\"url\":\"https:\/\/nexusintegra.io\/es\/politica-de-privacidad\/\",\"name\":\"Pol\u00edtica de privacidad | Nexus Integra\",\"isPartOf\":{\"@id\":\"https:\/\/nexusintegra.io\/es\/#website\"},\"datePublished\":\"2021-12-28T17:31:41+00:00\",\"dateModified\":\"2021-12-29T10:20:41+00:00\",\"breadcrumb\":{\"@id\":\"https:\/\/nexusintegra.io\/es\/politica-de-privacidad\/#breadcrumb\"},\"inLanguage\":\"es\",\"potentialAction\":[{\"@type\":\"ReadAction\",\"target\":[\"https:\/\/nexusintegra.io\/es\/politica-de-privacidad\/\"]}]},{\"@type\":\"BreadcrumbList\",\"@id\":\"https:\/\/nexusintegra.io\/es\/politica-de-privacidad\/#breadcrumb\",\"itemListElement\":[{\"@type\":\"ListItem\",\"position\":1,\"name\":\"Home\",\"item\":\"https:\/\/nexusintegra.io\/es\/\"},{\"@type\":\"ListItem\",\"position\":2,\"name\":\"Pol\u00edtica de privacidad\"}]},{\"@type\":\"WebSite\",\"@id\":\"https:\/\/nexusintegra.io\/es\/#website\",\"url\":\"https:\/\/nexusintegra.io\/es\/\",\"name\":\"Nexus Integra\",\"description\":\"\",\"publisher\":{\"@id\":\"https:\/\/nexusintegra.io\/es\/#organization\"},\"potentialAction\":[{\"@type\":\"SearchAction\",\"target\":{\"@type\":\"EntryPoint\",\"urlTemplate\":\"https:\/\/nexusintegra.io\/es\/?s={search_term_string}\"},\"query-input\":{\"@type\":\"PropertyValueSpecification\",\"valueRequired\":true,\"valueName\":\"search_term_string\"}}],\"inLanguage\":\"es\"},{\"@type\":\"Organization\",\"@id\":\"https:\/\/nexusintegra.io\/es\/#organization\",\"name\":\"Nexus Integra\",\"url\":\"https:\/\/nexusintegra.io\/es\/\",\"logo\":{\"@type\":\"ImageObject\",\"inLanguage\":\"es\",\"@id\":\"https:\/\/nexusintegra.io\/es\/#\/schema\/logo\/image\/\",\"url\":\"https:\/\/nexusintegra.io\/es\/wp-content\/uploads\/2021\/10\/logo-nexus.svg\",\"contentUrl\":\"https:\/\/nexusintegra.io\/es\/wp-content\/uploads\/2021\/10\/logo-nexus.svg\",\"width\":\"1024\",\"height\":\"1024\",\"caption\":\"Nexus Integra\"},\"image\":{\"@id\":\"https:\/\/nexusintegra.io\/es\/#\/schema\/logo\/image\/\"},\"sameAs\":[\"https:\/\/www.facebook.com\/nexusintegra1\/\",\"https:\/\/x.com\/nexusintegra\",\"https:\/\/www.linkedin.com\/company\/nexusintegra\/\"]}]}<\/script>\n<!-- \/ Yoast SEO plugin. -->","yoast_head_json":{"title":"Pol\u00edtica de privacidad | Nexus Integra","robots":{"index":"noindex","follow":"follow"},"og_locale":"es_ES","og_type":"article","og_title":"Pol\u00edtica de privacidad | Nexus Integra","og_url":"https:\/\/nexusintegra.io\/es\/politica-de-privacidad\/","og_site_name":"Nexus Integra","article_publisher":"https:\/\/www.facebook.com\/nexusintegra1\/","article_modified_time":"2021-12-29T10:20:41+00:00","twitter_card":"summary_large_image","twitter_site":"@nexusintegra","twitter_misc":{"Tiempo de lectura":"3 minutos"},"schema":{"@context":"https:\/\/schema.org","@graph":[{"@type":"WebPage","@id":"https:\/\/nexusintegra.io\/es\/politica-de-privacidad\/","url":"https:\/\/nexusintegra.io\/es\/politica-de-privacidad\/","name":"Pol\u00edtica de privacidad | Nexus Integra","isPartOf":{"@id":"https:\/\/nexusintegra.io\/es\/#website"},"datePublished":"2021-12-28T17:31:41+00:00","dateModified":"2021-12-29T10:20:41+00:00","breadcrumb":{"@id":"https:\/\/nexusintegra.io\/es\/politica-de-privacidad\/#breadcrumb"},"inLanguage":"es","potentialAction":[{"@type":"ReadAction","target":["https:\/\/nexusintegra.io\/es\/politica-de-privacidad\/"]}]},{"@type":"BreadcrumbList","@id":"https:\/\/nexusintegra.io\/es\/politica-de-privacidad\/#breadcrumb","itemListElement":[{"@type":"ListItem","position":1,"name":"Home","item":"https:\/\/nexusintegra.io\/es\/"},{"@type":"ListItem","position":2,"name":"Pol\u00edtica de privacidad"}]},{"@type":"WebSite","@id":"https:\/\/nexusintegra.io\/es\/#website","url":"https:\/\/nexusintegra.io\/es\/","name":"Nexus Integra","description":"","publisher":{"@id":"https:\/\/nexusintegra.io\/es\/#organization"},"potentialAction":[{"@type":"SearchAction","target":{"@type":"EntryPoint","urlTemplate":"https:\/\/nexusintegra.io\/es\/?s={search_term_string}"},"query-input":{"@type":"PropertyValueSpecification","valueRequired":true,"valueName":"search_term_string"}}],"inLanguage":"es"},{"@type":"Organization","@id":"https:\/\/nexusintegra.io\/es\/#organization","name":"Nexus Integra","url":"https:\/\/nexusintegra.io\/es\/","logo":{"@type":"ImageObject","inLanguage":"es","@id":"https:\/\/nexusintegra.io\/es\/#\/schema\/logo\/image\/","url":"https:\/\/nexusintegra.io\/es\/wp-content\/uploads\/2021\/10\/logo-nexus.svg","contentUrl":"https:\/\/nexusintegra.io\/es\/wp-content\/uploads\/2021\/10\/logo-nexus.svg","width":"1024","height":"1024","caption":"Nexus Integra"},"image":{"@id":"https:\/\/nexusintegra.io\/es\/#\/schema\/logo\/image\/"},"sameAs":["https:\/\/www.facebook.com\/nexusintegra1\/","https:\/\/x.com\/nexusintegra","https:\/\/www.linkedin.com\/company\/nexusintegra\/"]}]}},"_links":{"self":[{"href":"https:\/\/nexusintegra.io\/es\/wp-json\/wp\/v2\/pages\/2230","targetHints":{"allow":["GET"]}}],"collection":[{"href":"https:\/\/nexusintegra.io\/es\/wp-json\/wp\/v2\/pages"}],"about":[{"href":"https:\/\/nexusintegra.io\/es\/wp-json\/wp\/v2\/types\/page"}],"author":[{"embeddable":true,"href":"https:\/\/nexusintegra.io\/es\/wp-json\/wp\/v2\/users\/1"}],"replies":[{"embeddable":true,"href":"https:\/\/nexusintegra.io\/es\/wp-json\/wp\/v2\/comments?post=2230"}],"version-history":[{"count":3,"href":"https:\/\/nexusintegra.io\/es\/wp-json\/wp\/v2\/pages\/2230\/revisions"}],"predecessor-version":[{"id":2239,"href":"https:\/\/nexusintegra.io\/es\/wp-json\/wp\/v2\/pages\/2230\/revisions\/2239"}],"wp:attachment":[{"href":"https:\/\/nexusintegra.io\/es\/wp-json\/wp\/v2\/media?parent=2230"}],"curies":[{"name":"wp","href":"https:\/\/api.w.org\/{rel}","templated":true}]}}