{"id":2225,"date":"2021-12-28T17:25:54","date_gmt":"2021-12-28T17:25:54","guid":{"rendered":"https:\/\/nexusintegra.io\/es\/?page_id=2225"},"modified":"2021-12-29T10:21:10","modified_gmt":"2021-12-29T10:21:10","slug":"politica-de-cookies","status":"publish","type":"page","link":"https:\/\/nexusintegra.io\/es\/politica-de-cookies\/","title":{"rendered":"Pol\u00edtica de cookies"},"content":{"rendered":"<div class=\"row align-center\"  id=\"row-1932601759\">\n\n\t<div id=\"col-552779959\" class=\"col texto-legal medium-9 small-12 large-9\"  >\n\t\t\t\t<div class=\"col-inner\"  >\n\t\t\t\n\t\t\t\n<h1>Pol\u00edtica de cookies<\/h1>\n\t<div id=\"gap-1975436900\" class=\"gap-element clearfix\" style=\"display:block; height:auto;\">\n\t\t\n<style>\n#gap-1975436900 {\n  padding-top: 25px;\n}\n<\/style>\n\t<\/div>\n\t\n\t<div id=\"text-828829516\" class=\"text\">\n\t\t\n<p>Las cookies son peque\u00f1os archivos que se almacenan en el ordenador del usuario, tableta, smartphone o cualquier otro dispositivo con informaci\u00f3n relacionada con la navegaci\u00f3n. Las cookies permiten a un sitio web, entre otras cosas, medir el uso que los usuarios hacen de \u00e9l. La finalidad de cada una de las cookies utilizadas en este sitio se describe a continuaci\u00f3n.<\/p>\n<p>Clasificaci\u00f3n de las cookies utilizadas en nuestro sitio web<\/p>\n<h2>Seg\u00fan la entidad gestora:<\/h2>\n<p>Cookies propias: Son a las que se env\u00edan a su ordenador desde nuestros propios ordenadores o dominios y desde los que nos proporcionamos el servicio que nos solicita.<br \/>Cookies de terceros: Son acciones enviadas a su ordenador desde un ordenador o dominio que no es gestionado por nosotros, sino por alguna instituci\u00f3n colaboradora. Como los de Google Analytics.<\/p>\n<h2>Seg\u00fan la l\u00ednea de tiempo que est\u00e1n habilitados:<\/h2>\n<p>Cookies de sesi\u00f3n: Son cookies temporales que permanecen en el archivo de cookies de su navegador hasta que abandona el sitio web, de modo que ninguna se registra en el disco duro de su ordenador.<br \/>Cookies persistentes: Se almacenan en el disco duro y leen nuestro sitio web cada vez que realiza una visita de devoluci\u00f3n. Un sitio permanente tiene una fecha de caducidad. La cookie caducar\u00e1 despu\u00e9s de esa fecha.<\/p>\n<h2>Por tipo \/prop\u00f3sito:<\/h2>\n<p>Cookies t\u00e9cnicas: Son necesarias para la navegaci\u00f3n o para el correcto funcionamiento de nuestra p\u00e1gina web.<br \/>Cookies anal\u00edticas: Son a son a son a son a son a las que nos permiten cuantificar el n\u00famero de usuarios y permitir la medici\u00f3n y an\u00e1lisis estad\u00edstico sobre la utilizaci\u00f3n por parte de usuarios de diferentes contenidos.<\/p>\n<p>Relaci\u00f3n de cookies utilizadas en nuestro sitio web<\/p>\n<p>La aplicaci\u00f3n que utilizamos para obtener informaci\u00f3n de la navegaci\u00f3n y para medir y analizar el uso que nuestros usuarios hacen de nuestro sitio web es Google Analytics.<\/p>\n<p>Esta aplicaci\u00f3n fue desarrollada por Google y proporciona los servicios de medici\u00f3n y an\u00e1lisis de audiencia de nuestros sitios web. Google tambi\u00e9n puede utilizar estos datos para mejorar sus propios servicios y ofrecer servicios a otras empresas. Puede cumplir con dichos usos desde el enlace indicado anteriormente o en el sitio web de Google Developers.<\/p>\n<p>Esta herramienta genera Cookies Anal\u00edticas como se indic\u00f3 anteriormente. Para ello, Google Analytics genera un ID de usuario an\u00f3nimo, que se utiliza para contar el n\u00famero de usuarios que visita el sitio web. Tambi\u00e9n registra la primera y \u00faltima vez en la que el usuario visit\u00f3 el sitio web. Al mismo tiempo, al final de la sesi\u00f3n de navegaci\u00f3n, calcula los datos relacionados con la misma.<\/p>\n<h2>\u00bfC\u00f3mo configurar el comportamiento de las cookies en su navegador?<\/h2>\n<p>Para, permitir, bloquear o eliminar las cookies instaladas en su ordenador puede hacerlo mediante la configuraci\u00f3n de opciones en el navegador de Internet instalado en su ordenador. En caso de que no permita la instalaci\u00f3n de cookies (cookies en s\u00ed) en su navegador, puede alterar parte del funcionamiento de nuestros servicios o dejar de funcionar con normalidad.<\/p>\n<p>En los siguientes enlaces puede encontrar la informaci\u00f3n necesaria para configurar su navegador de Internet:<\/p>\n<p>Mozilla Firefox<\/p>\n<p>Google Chrome<\/p>\n<p>Chrome para Android<\/p>\n<p>Internet Explorer<\/p>\n<p>Safari<\/p>\n<p>Safari para IOS (iPhone y iPad)<\/p>\n<h2>Consentimiento<\/h2>\n<p>La navegaci\u00f3n y continuaci\u00f3n en nuestro sitio web significa que usted da su consentimiento para el uso de cookies previamente explicadas, y en las condiciones especificadas en esta Pol\u00edtica de Cookies.<\/p>\n\t\t\n<style>\n#text-828829516 {\n  font-size: 0.8rem;\n}\n<\/style>\n\t<\/div>\n\t\n\t\t<\/div>\n\t\t\t\t\t<\/div>\n\n\t\n<\/div>\n","protected":false},"excerpt":{"rendered":"","protected":false},"author":1,"featured_media":0,"parent":0,"menu_order":0,"comment_status":"closed","ping_status":"closed","template":"","meta":{"_acf_changed":false,"inline_featured_image":false,"footnotes":""},"class_list":["post-2225","page","type-page","status-publish","hentry"],"acf":[],"yoast_head":"<!-- This site is optimized with the Yoast SEO plugin v26.4 - https:\/\/yoast.com\/wordpress\/plugins\/seo\/ -->\n<title>Pol\u00edtica de cookies | Nexus Integra<\/title>\n<meta name=\"robots\" content=\"noindex, follow\" \/>\n<meta property=\"og:locale\" content=\"es_ES\" \/>\n<meta property=\"og:type\" content=\"article\" \/>\n<meta property=\"og:title\" content=\"Pol\u00edtica de cookies | Nexus Integra\" \/>\n<meta property=\"og:url\" content=\"https:\/\/nexusintegra.io\/es\/politica-de-cookies\/\" \/>\n<meta property=\"og:site_name\" content=\"Nexus Integra\" \/>\n<meta property=\"article:publisher\" content=\"https:\/\/www.facebook.com\/nexusintegra1\/\" \/>\n<meta property=\"article:modified_time\" content=\"2021-12-29T10:21:10+00:00\" \/>\n<meta name=\"twitter:card\" content=\"summary_large_image\" \/>\n<meta name=\"twitter:site\" content=\"@nexusintegra\" \/>\n<meta name=\"twitter:label1\" content=\"Tiempo de lectura\" \/>\n\t<meta name=\"twitter:data1\" content=\"3 minutos\" \/>\n<script type=\"application\/ld+json\" class=\"yoast-schema-graph\">{\"@context\":\"https:\/\/schema.org\",\"@graph\":[{\"@type\":\"WebPage\",\"@id\":\"https:\/\/nexusintegra.io\/es\/politica-de-cookies\/\",\"url\":\"https:\/\/nexusintegra.io\/es\/politica-de-cookies\/\",\"name\":\"Pol\u00edtica de cookies | Nexus Integra\",\"isPartOf\":{\"@id\":\"https:\/\/nexusintegra.io\/es\/#website\"},\"datePublished\":\"2021-12-28T17:25:54+00:00\",\"dateModified\":\"2021-12-29T10:21:10+00:00\",\"breadcrumb\":{\"@id\":\"https:\/\/nexusintegra.io\/es\/politica-de-cookies\/#breadcrumb\"},\"inLanguage\":\"es\",\"potentialAction\":[{\"@type\":\"ReadAction\",\"target\":[\"https:\/\/nexusintegra.io\/es\/politica-de-cookies\/\"]}]},{\"@type\":\"BreadcrumbList\",\"@id\":\"https:\/\/nexusintegra.io\/es\/politica-de-cookies\/#breadcrumb\",\"itemListElement\":[{\"@type\":\"ListItem\",\"position\":1,\"name\":\"Home\",\"item\":\"https:\/\/nexusintegra.io\/es\/\"},{\"@type\":\"ListItem\",\"position\":2,\"name\":\"Pol\u00edtica de cookies\"}]},{\"@type\":\"WebSite\",\"@id\":\"https:\/\/nexusintegra.io\/es\/#website\",\"url\":\"https:\/\/nexusintegra.io\/es\/\",\"name\":\"Nexus Integra\",\"description\":\"\",\"publisher\":{\"@id\":\"https:\/\/nexusintegra.io\/es\/#organization\"},\"potentialAction\":[{\"@type\":\"SearchAction\",\"target\":{\"@type\":\"EntryPoint\",\"urlTemplate\":\"https:\/\/nexusintegra.io\/es\/?s={search_term_string}\"},\"query-input\":{\"@type\":\"PropertyValueSpecification\",\"valueRequired\":true,\"valueName\":\"search_term_string\"}}],\"inLanguage\":\"es\"},{\"@type\":\"Organization\",\"@id\":\"https:\/\/nexusintegra.io\/es\/#organization\",\"name\":\"Nexus Integra\",\"url\":\"https:\/\/nexusintegra.io\/es\/\",\"logo\":{\"@type\":\"ImageObject\",\"inLanguage\":\"es\",\"@id\":\"https:\/\/nexusintegra.io\/es\/#\/schema\/logo\/image\/\",\"url\":\"https:\/\/nexusintegra.io\/es\/wp-content\/uploads\/2021\/10\/logo-nexus.svg\",\"contentUrl\":\"https:\/\/nexusintegra.io\/es\/wp-content\/uploads\/2021\/10\/logo-nexus.svg\",\"width\":\"1024\",\"height\":\"1024\",\"caption\":\"Nexus Integra\"},\"image\":{\"@id\":\"https:\/\/nexusintegra.io\/es\/#\/schema\/logo\/image\/\"},\"sameAs\":[\"https:\/\/www.facebook.com\/nexusintegra1\/\",\"https:\/\/x.com\/nexusintegra\",\"https:\/\/www.linkedin.com\/company\/nexusintegra\/\"]}]}<\/script>\n<!-- \/ Yoast SEO plugin. -->","yoast_head_json":{"title":"Pol\u00edtica de cookies | Nexus Integra","robots":{"index":"noindex","follow":"follow"},"og_locale":"es_ES","og_type":"article","og_title":"Pol\u00edtica de cookies | Nexus Integra","og_url":"https:\/\/nexusintegra.io\/es\/politica-de-cookies\/","og_site_name":"Nexus Integra","article_publisher":"https:\/\/www.facebook.com\/nexusintegra1\/","article_modified_time":"2021-12-29T10:21:10+00:00","twitter_card":"summary_large_image","twitter_site":"@nexusintegra","twitter_misc":{"Tiempo de lectura":"3 minutos"},"schema":{"@context":"https:\/\/schema.org","@graph":[{"@type":"WebPage","@id":"https:\/\/nexusintegra.io\/es\/politica-de-cookies\/","url":"https:\/\/nexusintegra.io\/es\/politica-de-cookies\/","name":"Pol\u00edtica de cookies | Nexus Integra","isPartOf":{"@id":"https:\/\/nexusintegra.io\/es\/#website"},"datePublished":"2021-12-28T17:25:54+00:00","dateModified":"2021-12-29T10:21:10+00:00","breadcrumb":{"@id":"https:\/\/nexusintegra.io\/es\/politica-de-cookies\/#breadcrumb"},"inLanguage":"es","potentialAction":[{"@type":"ReadAction","target":["https:\/\/nexusintegra.io\/es\/politica-de-cookies\/"]}]},{"@type":"BreadcrumbList","@id":"https:\/\/nexusintegra.io\/es\/politica-de-cookies\/#breadcrumb","itemListElement":[{"@type":"ListItem","position":1,"name":"Home","item":"https:\/\/nexusintegra.io\/es\/"},{"@type":"ListItem","position":2,"name":"Pol\u00edtica de cookies"}]},{"@type":"WebSite","@id":"https:\/\/nexusintegra.io\/es\/#website","url":"https:\/\/nexusintegra.io\/es\/","name":"Nexus Integra","description":"","publisher":{"@id":"https:\/\/nexusintegra.io\/es\/#organization"},"potentialAction":[{"@type":"SearchAction","target":{"@type":"EntryPoint","urlTemplate":"https:\/\/nexusintegra.io\/es\/?s={search_term_string}"},"query-input":{"@type":"PropertyValueSpecification","valueRequired":true,"valueName":"search_term_string"}}],"inLanguage":"es"},{"@type":"Organization","@id":"https:\/\/nexusintegra.io\/es\/#organization","name":"Nexus Integra","url":"https:\/\/nexusintegra.io\/es\/","logo":{"@type":"ImageObject","inLanguage":"es","@id":"https:\/\/nexusintegra.io\/es\/#\/schema\/logo\/image\/","url":"https:\/\/nexusintegra.io\/es\/wp-content\/uploads\/2021\/10\/logo-nexus.svg","contentUrl":"https:\/\/nexusintegra.io\/es\/wp-content\/uploads\/2021\/10\/logo-nexus.svg","width":"1024","height":"1024","caption":"Nexus Integra"},"image":{"@id":"https:\/\/nexusintegra.io\/es\/#\/schema\/logo\/image\/"},"sameAs":["https:\/\/www.facebook.com\/nexusintegra1\/","https:\/\/x.com\/nexusintegra","https:\/\/www.linkedin.com\/company\/nexusintegra\/"]}]}},"_links":{"self":[{"href":"https:\/\/nexusintegra.io\/es\/wp-json\/wp\/v2\/pages\/2225","targetHints":{"allow":["GET"]}}],"collection":[{"href":"https:\/\/nexusintegra.io\/es\/wp-json\/wp\/v2\/pages"}],"about":[{"href":"https:\/\/nexusintegra.io\/es\/wp-json\/wp\/v2\/types\/page"}],"author":[{"embeddable":true,"href":"https:\/\/nexusintegra.io\/es\/wp-json\/wp\/v2\/users\/1"}],"replies":[{"embeddable":true,"href":"https:\/\/nexusintegra.io\/es\/wp-json\/wp\/v2\/comments?post=2225"}],"version-history":[{"count":4,"href":"https:\/\/nexusintegra.io\/es\/wp-json\/wp\/v2\/pages\/2225\/revisions"}],"predecessor-version":[{"id":2229,"href":"https:\/\/nexusintegra.io\/es\/wp-json\/wp\/v2\/pages\/2225\/revisions\/2229"}],"wp:attachment":[{"href":"https:\/\/nexusintegra.io\/es\/wp-json\/wp\/v2\/media?parent=2225"}],"curies":[{"name":"wp","href":"https:\/\/api.w.org\/{rel}","templated":true}]}}