{"id":2215,"date":"2021-12-28T16:39:32","date_gmt":"2021-12-28T16:39:32","guid":{"rendered":"https:\/\/nexusintegra.io\/es\/?page_id=2215"},"modified":"2021-12-29T10:20:54","modified_gmt":"2021-12-29T10:20:54","slug":"aviso-legal","status":"publish","type":"page","link":"https:\/\/nexusintegra.io\/es\/aviso-legal\/","title":{"rendered":"Aviso legal"},"content":{"rendered":"<div class=\"row align-center\"  id=\"row-1928582806\">\n\n\t<div id=\"col-292116633\" class=\"col texto-legal medium-9 small-12 large-9\"  >\n\t\t\t\t<div class=\"col-inner\"  >\n\t\t\t\n\t\t\t\n<h1>Aviso legal<\/h1>\n\t<div id=\"gap-1574555082\" class=\"gap-element clearfix\" style=\"display:block; height:auto;\">\n\t\t\n<style>\n#gap-1574555082 {\n  padding-top: 25px;\n}\n<\/style>\n\t<\/div>\n\t\n\t<div id=\"text-2619667718\" class=\"text\">\n\t\t\n<h2><span class=\"title-policy\">Aviso legal y condiciones de uso del portal web<\/span><\/h2>\n<p>Aviso Legal y Condiciones de Uso que regulan el acceso, navegaci\u00f3n y uso del Portal Web de la entidad ENSAI INGENIERIA S.L. (en adelante, NEXUS INTEGRA) ubicada en la URL https:\/\/nexusintegra.io (en adelante, el \u201cPortal Web\u201d).<br \/>Se entender\u00e1 por Usuario a la persona que acceda, navegue, utilice o participe en los servicios y actividades, gratuitas o no, desarrolladas en el Portal Web.<br \/>El acceso, navegaci\u00f3n y utilizaci\u00f3n de esta p\u00e1gina web implica por parte del Usuario la aceptaci\u00f3n expresa, inequ\u00edvoca y sin reservas de todos los t\u00e9rminos del presente Aviso Legal y las condiciones contenidas en el mismo.<\/p>\n<h2><span class=\"title-policy\">Datos de la organizaci\u00f3n<\/span><\/h2>\n<p>En cumplimiento de lo previsto en el art\u00edculo 10 de la Ley 34\/2002, de 11 de julio, de Servicios de la Sociedad de la Informaci\u00f3n y Comercio Electr\u00f3nico (LSSI-CE), se informa al Usuario que la titularidad de este Portal Web pertenece a:<br \/>Raz\u00f3n Social: ENSAI INGENIERIA S.L.<br \/>CIF: B-12868485<br \/>Domicilio: Calle \u00c1lvaro de Baz\u00e1n 10, 46010 VALENCIA, Espa\u00f1a<br \/>Tel\u00e9fono: 963896172<br \/>Correo corporativo: info@nexusintegra.io<br \/>ENSAI INGENIERIA S.L. est\u00e1 inscrita en el Registro Mercantil de Castell\u00f3n, tomo 1569, libro 1131, folio 210, hoja CS-33327, inscripci\u00f3n 1\u00aa.<\/p>\n<h2><span class=\"title-policy\">Objeto y \u00e1mbito de aplicaci\u00f3n<\/span><\/h2>\n<p>Las presentes Condiciones regulan el acceso a los contenidos y todos los servicios y productos ofrecidos por NEXUS INTEGRA a trav\u00e9s del Portal Web, as\u00ed como la utilizaci\u00f3n de los mismos por parte del Usuario.<br \/>NEXUS INTEGRA se reserva el derecho a modificar la configuraci\u00f3n, presentaci\u00f3n y contenido del Portal Web, as\u00ed como tambi\u00e9n las condiciones requeridas para su acceso y\/o utilizaci\u00f3n.<\/p>\n<h2><span class=\"title-policy\">Acceso al portal web<\/span><\/h2>\n<p>El acceso a los contenidos y la utilizaci\u00f3n de los servicios proporcionados por https:\/\/nexusintegra.io tiene car\u00e1cter gratuito, si bien alguno de los servicios y contenidos ofrecidos por NEXUS INTEGRA a trav\u00e9s del Portal Web pueden estar sujetos a su contrataci\u00f3n previa y al pago de la cantidad correspondiente, lo cual se especificar\u00e1 en sus propias condiciones de contrataci\u00f3n.<br \/>El acceso y navegaci\u00f3n a trav\u00e9s del Portal Web no requiere registro, sin embargo determinados servicios pueden requerir cierta informaci\u00f3n por parte del usuario.<\/p>\n<h2><span class=\"title-policy\">Derechos de propiedad intelectual e industrial<\/span><\/h2>\n<p>El presente Portal Web se rige por las leyes espa\u00f1olas y por la legislaci\u00f3n nacional e internacional sobre propiedad intelectual e industrial.<br \/>En ning\u00fan caso se entender\u00e1 que el acceso y navegaci\u00f3n del Usuario por el Portal Web o la utilizaci\u00f3n, adquisici\u00f3n y\/o contrataci\u00f3n de productos o servicios ofertados a trav\u00e9s del Portal Web, implique una renuncia, transmisi\u00f3n, licencia o cesi\u00f3n total ni parcial de dichos derechos por parte de NEXUS INTEGRA.<\/p>\n<p>Las referencias a nombres y marcas comerciales o registradas, logotipos u otros signos distintivos, ya sean titularidad de NEXUS INTEGRA o de terceras Entidades, llevan impl\u00edcitas la prohibici\u00f3n sobre su uso sin el consentimiento de NEXUS INTEGRA o de sus leg\u00edtimos propietarios.<br \/>El acceso o uso del Portal Web y\/o de sus contenidos y\/o servicios, no confiere al Usuario derecho alguno sobre las marcas, logotipos y\/o signos distintivos en \u00e9l incluidos protegidos por Ley.<\/p>\n<p>Quedan reservados todos los derechos de Propiedad Intelectual e Industrial sobre los contenidos y\/o servicios y, en particular, queda prohibido modificar, copiar, reproducir, comunicar p\u00fablicamente, transformar o distribuir de cualquier forma la totalidad o parte de los contenidos y\/o servicios incluidos en el Portal Web, para prop\u00f3sitos p\u00fablicos o comerciales, si no se cuenta con la autorizaci\u00f3n previa, expresa y por escrito de NEXUS INTEGRA o, en su caso, del titular de los derechos correspondientes.<\/p>\n<h2><span class=\"title-policy\">Utilizaci\u00f3n del portal web<\/span><\/h2>\n<p>El Usuario se compromete a utilizar el Portal Web de conformidad con la Ley y con las presentes Condiciones Generales.<br \/>El Usuario se obliga asimismo a abstenerse de utilizar el Portal Web con fines o efectos il\u00edcitos o contrarios a lo establecido en estas Condiciones Generales.<br \/>Al utilizar los servicios, el Usuario manifiesta su conformidad con estas Condiciones Generales, comprometi\u00e9ndose a no transmitir, difundir o poner a disposici\u00f3n de terceros a trav\u00e9s de los servicios proporcionados por https:\/\/nexusintegra.io cualquier clase de material que de cualquier forma contravenga la legislaci\u00f3n vigente. En particular, y a t\u00edtulo meramente indicativo y no exhaustivo, el Usuario se compromete a no captar datos con finalidad publicitaria, a no enviar ning\u00fan tipo de publicidad online ni cadenas de mensajes y a no transmitir, difundir o poner a disposici\u00f3n de terceros a trav\u00e9s de los Servicios proporcionados por https:\/\/nexusintegra.io cualquier clase de material, datos o contenidos que, sin \u00e1nimo exhaustivo:<br \/>(1). Incurran en actividades il\u00edcitas, ilegales o contrarias a la buena fe y al orden p\u00fablico que, de cualquier forma, contravengan, menosprecien o atenten contra los derechos fundamentales y libertades p\u00fablicas reconocidas constitucionalmente o en los tratados internacionales y en el resto del ordenamiento jur\u00eddico.<br \/>(2). Induzcan, inciten o promuevan actuaciones delictivas, denigratorias, difamatorias o violentas.<br \/>(3). Induzcan, inciten o promuevan actuaciones, actitudes o ideas discriminatorias por raz\u00f3n de sexo, raza, religi\u00f3n, creencias o edad.<br \/>(4). Incorporen mensajes delictivos, violentos o degradantes.<br \/>(5). Induzcan o inciten a involucrarse en pr\u00e1cticas peligrosas, de riesgo o nocivas para la salud y el equilibrio ps\u00edquico.<br \/>(6). Sean falsos, ambiguos, inexactos, exagerados o extempor\u00e1neos, de forma que puedan inducir a error sobre su objeto o sobre las intenciones o prop\u00f3sitos del comunicante.<br \/>(7). Se encuentren protegidos por cualesquiera derechos de propiedad intelectual o industrial pertenecientes a terceros, sin que el Usuario haya obtenido previamente de sus titulares la autorizaci\u00f3n necesaria para llevar a cabo el uso que efect\u00faa o pretende efectuar.<br \/>(8). Violen los secretos empresariales de terceros.<br \/>(9). Sean contrarios al derecho al honor, a la intimidad personal y familiar o a la propia imagen de las personas.<br \/>(10). Infrinjan la normativa sobre secreto de las comunicaciones.<br \/>(11). Provoquen por sus caracter\u00edsticas (como formato, extensi\u00f3n, etc.) dificultades en el normal funcionamiento de los Servicios.<\/p>\n<h2><span class=\"title-policy\">Utilizaci\u00f3n del blog<\/span><\/h2>\n<p>El Usuario podr\u00e1 publicar comentarios en el Blog del Portal Web (si estuviera disponible) indicando al efecto su nombre, apellidos y direcci\u00f3n de correo electr\u00f3nico y, en este sentido, queda informado de que sus comentarios, junto con los datos identificativos que aporte, podr\u00e1n ser publicados en el Blog.<\/p>\n<p>El Usuario se compromete a no publicar ning\u00fan comentario que pudiese contravenir los aspectos se\u00f1alados en el apartado UTILIZACI\u00d3N DEL PORTAL WEB del presente Aviso Legal y ser\u00e1 exclusivamente responsable de los comentarios que publique, as\u00ed como de sus interacciones con el resto de los usuarios, eximiendo a NEXUS INTEGRA de cualquier responsabilidad por ello.<\/p>\n<p>NEXUS INTEGRA se reserva la facultad de denegar la publicaci\u00f3n, o retirar, cualquier comentario o contenido que pudiese vulnerar lo establecido en el presente Aviso Legal.<\/p>\n<h2><span class=\"title-policy\">Comunicaciones.<\/span><\/h2>\n<p>El Usuario reconoce asumir la responsabilidad y dejar\u00e1 indemne a NEXUS INTEGRA por cualquier comunicaci\u00f3n que suministre personalmente o a su nombre, alcanzando dicha responsabilidad sin restricci\u00f3n alguna la exactitud, legalidad, originalidad y titularidad de la misma.<\/p>\n<h2><span class=\"title-policy\">Responsabilidades de nexus integra.<\/span><\/h2>\n<p>Debido a las caracter\u00edsticas de un Portal Web y las dependencias tecnol\u00f3gicas (internas y externas) que lo condicionan, NEXUS INTEGRA no garantiza ni se hace responsable de:<br \/>(1). La continuidad de los contenidos del Portal Web.<br \/>(2). La ausencia de errores en dichos contenidos o productos.<br \/>(3). La invulnerabilidad del Portal Web y\/o la inexpugnabilidad de las medidas de seguridad que se adopten en el mismo.<br \/>(4). La ausencia de virus y\/o dem\u00e1s componentes da\u00f1inos en el Portal Web o en el servidor que lo suministra.<br \/>(5). Los da\u00f1os o perjuicios que cause, a s\u00ed mismo o a un tercero, cualquier persona que infringiera las condiciones, normas e instrucciones que NEXUS INTEGRA establece en el Portal Web o a trav\u00e9s de la vulneraci\u00f3n de los sistemas de seguridad del Portal Web.<br \/>(6). La falta de utilidad o rendimiento de los contenidos, servicios y\/o productos del Portal Web.<br \/>(7). Los da\u00f1os o perjuicios que cause, a s\u00ed mismo o a un tercero, cualquier persona que infringiera las condiciones, normas e instrucciones que NEXUS INTEGRA establece en el Portal Web o a trav\u00e9s de la vulneraci\u00f3n de los sistemas de seguridad del Portal Web.<\/p>\n<p>NEXUS INTEGRA declara que implementa, mantiene y evoluciona las medidas apropiadas, dentro de sus posibilidades y del estado de la tecnolog\u00eda, para proteger la disponibilidad, resiliencia, integridad y confidencialidad del Portal Web y de las transacciones realizadas a trav\u00e9s del mismo. Estas medidas de seguridad est\u00e1n alineadas con las normas y est\u00e1ndares aceptadas al efecto como \u201cbuenas pr\u00e1cticas\u201d, entre ellas ISO\/IEC 27001:2013 y el Esquema Nacional de Seguridad (RD 3\/2010 de 8 de enero), y sus desarrollos normativos.<\/p>\n<p>Si el Usuario tuviera conocimiento de la existencia de alg\u00fan contenido il\u00edcito, ilegal, contrario a las leyes o que pudiera suponer una infracci\u00f3n de derechos de propiedad intelectual y\/o industrial, deber\u00e1 notificarlo inmediatamente a NEXUS INTEGRA para que \u00e9sta pueda proceder a la adopci\u00f3n de las medidas oportunas.<\/p>\n<h2>Enlaces a otras p\u00e1ginas web..<\/h2>\n<p>En caso de que en el Portal Web el Usuario pudiera encontrar enlaces a otras p\u00e1ginas Web mediante diferentes botones, links, banners, etc., \u00e9stos ser\u00edan gestionados por terceros. NEXUS INTEGRA no tiene facultad ni medios humanos ni t\u00e9cnicos para conocer, controlar ni aprobar toda la informaci\u00f3n, contenidos, productos o servicios facilitados por otros sitios Web a los que se puedan establecer enlaces desde el Portal Web.<\/p>\n<p>En consecuencia, NEXUS INTEGRA no asumir\u00e1 ning\u00fan tipo de responsabilidad por cualquier aspecto relativo a la p\u00e1gina Web a la que se pudiera establecer un enlace desde el Portal Web., en concreto, a t\u00edtulo enunciativo y no taxativo, sobre su funcionamiento, acceso, datos, informaci\u00f3n, archivos, calidad y fiabilidad de sus productos y servicios, sus propios enlaces y\/o cualquiera de sus contenidos, en general.<\/p>\n<p>En este sentido, si los Usuarios tuvieran conocimiento efectivo de la ilicitud de actividades desarrolladas a trav\u00e9s de estas p\u00e1ginas Web de terceros, deber\u00e1n comunicarlo inmediatamente a NEXUS INTEGRA a los efectos de que se proceda a deshabilitar el enlace de acceso a la misma.<\/p>\n<p>El establecimiento de cualquier tipo de enlace desde el Portal Web a otra p\u00e1gina Web ajena no implicar\u00e1 que exista alg\u00fan tipo de relaci\u00f3n, colaboraci\u00f3n o dependencia entre NEXUS INTEGRA y el responsable de la p\u00e1gina Web ajena.<\/p>\n<p><span class=\"title-policy\">Enlaces en otras p\u00e1ginas web con destino al portal web de nexus integra..<\/span><\/p>\n<p>Si cualquier Usuario, Entidad o Portal Web deseara establecer alg\u00fan tipo de enlace con destino al Portal Web deber\u00e1 atenerse a las siguientes estipulaciones:<br \/>(1). El enlace solamente se podr\u00e1 dirigir a la P\u00e1gina Principal o Home del Portal Web, salvo autorizaci\u00f3n expresa y por escrito de NEXUS INTEGRA.<br \/>(2). El enlace debe ser absoluto y completo, es decir, debe llevar al Usuario, mediante un clic, a la propia direcci\u00f3n URL del Portal Web y debe abarcar completamente toda la extensi\u00f3n de la pantalla de la P\u00e1gina Principal del Portal Web. En ning\u00fan caso, salvo que NEXUS INTEGRA lo autorice de manera expresa y por escrito, el Portal Web que realiza el enlace podr\u00e1 reproducir, de cualquier manera, el Portal Web, incluirlo como parte de su Web o dentro de uno de sus \u201cframes\u201d o crear un \u201cbrowser\u201d sobre cualquiera de las p\u00e1ginas del Portal Web.<br \/>(3). En la p\u00e1gina que establece el enlace no se podr\u00e1 declarar de ninguna manera que NEXUS INTEGRA ha autorizado tal enlace, salvo que NEXUS INTEGRA lo haya hecho expresamente y por escrito. Si la entidad que realiza el enlace desde su p\u00e1gina al Portal Web deseara incluir en su p\u00e1gina Web la marca, denominaci\u00f3n, nombre comercial, r\u00f3tulo, logotipo, slogan o cualquier otro tipo de elemento identificativo de NEXUS INTEGRA y\/o del Portal Web, deber\u00e1 contar previamente con su autorizaci\u00f3n expresa y por escrito de NEXUS INTEGRA.<br \/>(4). NEXUS INTEGRA no autoriza el establecimiento de un enlace al Portal Web desde aquellas p\u00e1ginas Web que contengan materiales, informaci\u00f3n o contenidos il\u00edcitos o ilegales.<\/p>\n<p>NEXUS INTEGRA no dispone de medios humanos y t\u00e9cnicos para conocer, controlar ni aprobar toda la informaci\u00f3n, contenidos, productos o servicios facilitados por otros sitios Web que tengan establecidos enlaces con destino al Portal Web. Por tanto, NEXUS INTEGRA no asume ning\u00fan tipo de responsabilidad por cualquier aspecto relativo a la p\u00e1gina web que establece ese enlace con destino al Portal Web.<br \/>REDES SOCIALES.<\/p>\n<p>NEXUS INTEGRA puede estar presente, actualmente o en el futuro, en las redes sociales donde considere oportuno establecer presencia. NEXUS INTEGRA, como administradora de sus instancias propias en dichas redes, podr\u00e1 decidir la no publicaci\u00f3n y\/o el borrado de cualquier contenido publicado en las mismas.<br \/>En cualquier caso, el Usuario es el \u00fanico responsable de los contenidos que publique en las redes sociales de NEXUS INTEGRA, siendo plenamente aplicable a las redes sociales los preceptos especificados en el cap\u00edtulo UTILIZACI\u00d3N DEL PORTAL WEB en este mismo documento.<\/p>\n<h2><span class=\"title-policy\">Pol\u00edtica de cookies.<\/span><\/h2>\n<p>La Pol\u00edtica de cookies de https:\/\/nexusintegra.io queda determinada por lo establecido en el documento de POL\u00cdTICA DE COOKIES, https:\/\/nexusintegra.io\/es\/politica-de-cookies\/<\/p>\n<h2><span class=\"title-policy\">Pol\u00edtica de privacidad.<\/span><\/h2>\n<p>La Pol\u00edtica de privacidad de https:\/\/nexusintegra.io queda determinada por lo establecido en el documento de PROTECCI\u00d3N DE DATOS Y SEGURIDAD DE LA INFORMACI\u00d3N (https:\/\/nexusintegra.io\/es\/politica-de-privacidad\/).<\/p>\n<h2><span class=\"title-policy\">Vigencia y modificaci\u00f3n..<\/span><\/h2>\n<p>NEXUS INTEGRA podr\u00e1 modificar los t\u00e9rminos y condiciones aqu\u00ed estipuladas, total o parcialmente, publicando cualquier cambio en la misma forma en que aparece este Aviso Legal o a trav\u00e9s de cualquier tipo de comunicaci\u00f3n dirigida a los Usuarios.<\/p>\n<p>La vigencia temporal de este Aviso Legal, por tanto, no se establece en un periodo concreto de tiempo. S\u00f3lo el contenido presente en un momento determinado, salvo indicaci\u00f3n expresa de su p\u00e9rdida de vigencia, constituye el contenido vigente de este Aviso Legal.<\/p>\n<p>Con independencia de lo dispuesto en las condiciones particulares (si existieran), NEXUS INTEGRA podr\u00e1 dar por terminado, suspender o interrumpir, en cualquier momento y sin necesidad de preaviso, el acceso a los contenidos del Portal Web, sin posibilidad por parte del Usuario de exigir reparaci\u00f3n alguna.<\/p>\n<h2><span class=\"title-policy\">Observaciones.<\/span><\/h2>\n<p>Los encabezamientos de las distintas cl\u00e1usulas son \u00fanicamente informativos, y no afectar\u00e1n, calificar\u00e1n o ampliar\u00e1n la interpretaci\u00f3n del Aviso Legal.<br \/>En caso de existir discrepancia entre lo establecido en este Aviso Legal y las condiciones particulares de cada servicio espec\u00edfico, prevalecer\u00e1 lo dispuesto en estas \u00faltimas.<\/p>\n<p>En el caso de que cualquier disposici\u00f3n o disposiciones de este Aviso Legal fuera(n) considerada(s) nula(s) o inaplicable(s), en su totalidad o en parte, por cualquier Juzgado, Tribunal u \u00f3rgano administrativo competente, dicha nulidad o inaplicaci\u00f3n no afectar\u00e1 a las otras disposiciones del Aviso Legal.<br \/>El no ejercicio o ejecuci\u00f3n por parte de NEXUS INTEGRA de cualquier derecho o disposici\u00f3n contenida en este Aviso Legal no constituir\u00e1 una renuncia al mismo, salvo reconocimiento y acuerdo por escrito por su parte.<\/p>\n<h2><span class=\"title-policy\">Legislaci\u00f3n y jurisdicci\u00f3n aplicable.<\/span><\/h2>\n<p>Las relaciones establecidas entre NEXUS INTEGRA y el Usuario se regir\u00e1n por lo dispuesto en la normativa espa\u00f1ola vigente.<br \/>NEXUS INTEGRA y el Usuario, con renuncia expresa a cualquier otro fuero que pudiera corresponderles, someter\u00e1n cualesquiera controversias y\/o litigios al conocimiento de los Juzgados y Tribunales de la ciudad de Valencia.<\/p>\n\t\t\n<style>\n#text-2619667718 {\n  font-size: 0.8rem;\n}\n<\/style>\n\t<\/div>\n\t\n\t\t<\/div>\n\t\t\t\t\t<\/div>\n\n\t\n<\/div>\n","protected":false},"excerpt":{"rendered":"","protected":false},"author":1,"featured_media":0,"parent":0,"menu_order":0,"comment_status":"closed","ping_status":"closed","template":"","meta":{"_acf_changed":false,"inline_featured_image":false,"footnotes":""},"class_list":["post-2215","page","type-page","status-publish","hentry"],"acf":[],"yoast_head":"<!-- This site is optimized with the Yoast SEO plugin v26.4 - https:\/\/yoast.com\/wordpress\/plugins\/seo\/ -->\n<title>Aviso legal | Nexus Integra<\/title>\n<meta name=\"robots\" content=\"noindex, follow\" \/>\n<meta property=\"og:locale\" content=\"es_ES\" \/>\n<meta property=\"og:type\" content=\"article\" \/>\n<meta property=\"og:title\" content=\"Aviso legal | Nexus Integra\" \/>\n<meta property=\"og:url\" content=\"https:\/\/nexusintegra.io\/es\/aviso-legal\/\" \/>\n<meta property=\"og:site_name\" content=\"Nexus Integra\" \/>\n<meta property=\"article:publisher\" content=\"https:\/\/www.facebook.com\/nexusintegra1\/\" \/>\n<meta property=\"article:modified_time\" content=\"2021-12-29T10:20:54+00:00\" \/>\n<meta name=\"twitter:card\" content=\"summary_large_image\" \/>\n<meta name=\"twitter:site\" content=\"@nexusintegra\" \/>\n<meta name=\"twitter:label1\" content=\"Tiempo de lectura\" \/>\n\t<meta name=\"twitter:data1\" content=\"12 minutos\" \/>\n<script type=\"application\/ld+json\" class=\"yoast-schema-graph\">{\"@context\":\"https:\/\/schema.org\",\"@graph\":[{\"@type\":\"WebPage\",\"@id\":\"https:\/\/nexusintegra.io\/es\/aviso-legal\/\",\"url\":\"https:\/\/nexusintegra.io\/es\/aviso-legal\/\",\"name\":\"Aviso legal | Nexus Integra\",\"isPartOf\":{\"@id\":\"https:\/\/nexusintegra.io\/es\/#website\"},\"datePublished\":\"2021-12-28T16:39:32+00:00\",\"dateModified\":\"2021-12-29T10:20:54+00:00\",\"breadcrumb\":{\"@id\":\"https:\/\/nexusintegra.io\/es\/aviso-legal\/#breadcrumb\"},\"inLanguage\":\"es\",\"potentialAction\":[{\"@type\":\"ReadAction\",\"target\":[\"https:\/\/nexusintegra.io\/es\/aviso-legal\/\"]}]},{\"@type\":\"BreadcrumbList\",\"@id\":\"https:\/\/nexusintegra.io\/es\/aviso-legal\/#breadcrumb\",\"itemListElement\":[{\"@type\":\"ListItem\",\"position\":1,\"name\":\"Home\",\"item\":\"https:\/\/nexusintegra.io\/es\/\"},{\"@type\":\"ListItem\",\"position\":2,\"name\":\"Aviso legal\"}]},{\"@type\":\"WebSite\",\"@id\":\"https:\/\/nexusintegra.io\/es\/#website\",\"url\":\"https:\/\/nexusintegra.io\/es\/\",\"name\":\"Nexus Integra\",\"description\":\"\",\"publisher\":{\"@id\":\"https:\/\/nexusintegra.io\/es\/#organization\"},\"potentialAction\":[{\"@type\":\"SearchAction\",\"target\":{\"@type\":\"EntryPoint\",\"urlTemplate\":\"https:\/\/nexusintegra.io\/es\/?s={search_term_string}\"},\"query-input\":{\"@type\":\"PropertyValueSpecification\",\"valueRequired\":true,\"valueName\":\"search_term_string\"}}],\"inLanguage\":\"es\"},{\"@type\":\"Organization\",\"@id\":\"https:\/\/nexusintegra.io\/es\/#organization\",\"name\":\"Nexus Integra\",\"url\":\"https:\/\/nexusintegra.io\/es\/\",\"logo\":{\"@type\":\"ImageObject\",\"inLanguage\":\"es\",\"@id\":\"https:\/\/nexusintegra.io\/es\/#\/schema\/logo\/image\/\",\"url\":\"https:\/\/nexusintegra.io\/es\/wp-content\/uploads\/2021\/10\/logo-nexus.svg\",\"contentUrl\":\"https:\/\/nexusintegra.io\/es\/wp-content\/uploads\/2021\/10\/logo-nexus.svg\",\"width\":\"1024\",\"height\":\"1024\",\"caption\":\"Nexus Integra\"},\"image\":{\"@id\":\"https:\/\/nexusintegra.io\/es\/#\/schema\/logo\/image\/\"},\"sameAs\":[\"https:\/\/www.facebook.com\/nexusintegra1\/\",\"https:\/\/x.com\/nexusintegra\",\"https:\/\/www.linkedin.com\/company\/nexusintegra\/\"]}]}<\/script>\n<!-- \/ Yoast SEO plugin. -->","yoast_head_json":{"title":"Aviso legal | Nexus Integra","robots":{"index":"noindex","follow":"follow"},"og_locale":"es_ES","og_type":"article","og_title":"Aviso legal | Nexus Integra","og_url":"https:\/\/nexusintegra.io\/es\/aviso-legal\/","og_site_name":"Nexus Integra","article_publisher":"https:\/\/www.facebook.com\/nexusintegra1\/","article_modified_time":"2021-12-29T10:20:54+00:00","twitter_card":"summary_large_image","twitter_site":"@nexusintegra","twitter_misc":{"Tiempo de lectura":"12 minutos"},"schema":{"@context":"https:\/\/schema.org","@graph":[{"@type":"WebPage","@id":"https:\/\/nexusintegra.io\/es\/aviso-legal\/","url":"https:\/\/nexusintegra.io\/es\/aviso-legal\/","name":"Aviso legal | Nexus Integra","isPartOf":{"@id":"https:\/\/nexusintegra.io\/es\/#website"},"datePublished":"2021-12-28T16:39:32+00:00","dateModified":"2021-12-29T10:20:54+00:00","breadcrumb":{"@id":"https:\/\/nexusintegra.io\/es\/aviso-legal\/#breadcrumb"},"inLanguage":"es","potentialAction":[{"@type":"ReadAction","target":["https:\/\/nexusintegra.io\/es\/aviso-legal\/"]}]},{"@type":"BreadcrumbList","@id":"https:\/\/nexusintegra.io\/es\/aviso-legal\/#breadcrumb","itemListElement":[{"@type":"ListItem","position":1,"name":"Home","item":"https:\/\/nexusintegra.io\/es\/"},{"@type":"ListItem","position":2,"name":"Aviso legal"}]},{"@type":"WebSite","@id":"https:\/\/nexusintegra.io\/es\/#website","url":"https:\/\/nexusintegra.io\/es\/","name":"Nexus Integra","description":"","publisher":{"@id":"https:\/\/nexusintegra.io\/es\/#organization"},"potentialAction":[{"@type":"SearchAction","target":{"@type":"EntryPoint","urlTemplate":"https:\/\/nexusintegra.io\/es\/?s={search_term_string}"},"query-input":{"@type":"PropertyValueSpecification","valueRequired":true,"valueName":"search_term_string"}}],"inLanguage":"es"},{"@type":"Organization","@id":"https:\/\/nexusintegra.io\/es\/#organization","name":"Nexus Integra","url":"https:\/\/nexusintegra.io\/es\/","logo":{"@type":"ImageObject","inLanguage":"es","@id":"https:\/\/nexusintegra.io\/es\/#\/schema\/logo\/image\/","url":"https:\/\/nexusintegra.io\/es\/wp-content\/uploads\/2021\/10\/logo-nexus.svg","contentUrl":"https:\/\/nexusintegra.io\/es\/wp-content\/uploads\/2021\/10\/logo-nexus.svg","width":"1024","height":"1024","caption":"Nexus Integra"},"image":{"@id":"https:\/\/nexusintegra.io\/es\/#\/schema\/logo\/image\/"},"sameAs":["https:\/\/www.facebook.com\/nexusintegra1\/","https:\/\/x.com\/nexusintegra","https:\/\/www.linkedin.com\/company\/nexusintegra\/"]}]}},"_links":{"self":[{"href":"https:\/\/nexusintegra.io\/es\/wp-json\/wp\/v2\/pages\/2215","targetHints":{"allow":["GET"]}}],"collection":[{"href":"https:\/\/nexusintegra.io\/es\/wp-json\/wp\/v2\/pages"}],"about":[{"href":"https:\/\/nexusintegra.io\/es\/wp-json\/wp\/v2\/types\/page"}],"author":[{"embeddable":true,"href":"https:\/\/nexusintegra.io\/es\/wp-json\/wp\/v2\/users\/1"}],"replies":[{"embeddable":true,"href":"https:\/\/nexusintegra.io\/es\/wp-json\/wp\/v2\/comments?post=2215"}],"version-history":[{"count":2,"href":"https:\/\/nexusintegra.io\/es\/wp-json\/wp\/v2\/pages\/2215\/revisions"}],"predecessor-version":[{"id":2218,"href":"https:\/\/nexusintegra.io\/es\/wp-json\/wp\/v2\/pages\/2215\/revisions\/2218"}],"wp:attachment":[{"href":"https:\/\/nexusintegra.io\/es\/wp-json\/wp\/v2\/media?parent=2215"}],"curies":[{"name":"wp","href":"https:\/\/api.w.org\/{rel}","templated":true}]}}