{"id":1734,"date":"2021-11-17T15:30:29","date_gmt":"2021-11-17T15:30:29","guid":{"rendered":"https:\/\/nexusintegra.io\/es\/?page_id=1734"},"modified":"2021-12-30T15:45:08","modified_gmt":"2021-12-30T15:45:08","slug":"infografia-madurez-digital-industria","status":"publish","type":"page","link":"https:\/\/nexusintegra.io\/es\/infografia-madurez-digital-industria\/","title":{"rendered":"Infograf\u00eda &#8211; Los 4 niveles de Madurez Digital en Industria"},"content":{"rendered":"\t<section class=\"section\" id=\"section_358067719\">\n\t\t<div class=\"bg section-bg fill bg-fill  \" >\n\n\t\t\t\n\t\t\t\n\t\t\t\n\n\t\t<\/div>\n\n\t\t\n\n\t\t<div class=\"section-content relative\">\n\t\t\t\n<div class=\"row align-center\"  id=\"row-15746128\">\n\n\t<div id=\"col-278705620\" class=\"col medium-7 small-12 large-8\"  >\n\t\t\t\t<div class=\"col-inner text-center dark\"  >\n\t\t\t\n\t\t\t\n\t<div class=\"img has-hover x md-x lg-x y md-y lg-y\" id=\"image_1975673138\">\n\t\t\t\t\t\t\t\t<div class=\"img-inner dark\" >\n\t\t\t<img loading=\"lazy\" decoding=\"async\" width=\"1020\" height=\"1020\" src=\"https:\/\/nexusintegra.io\/es\/wp-content\/uploads\/2021\/10\/nexus-integra-logo-circular-tittle-home-1.svg\" class=\"attachment-large size-large\" alt=\"\" \/>\t\t\t\t\t\t\n\t\t\t\t\t<\/div>\n\t\t\t\t\t\t\t\t\n<style>\n#image_1975673138 {\n  width: 15%;\n}\n@media (min-width:550px) {\n  #image_1975673138 {\n    width: 7%;\n  }\n}\n<\/style>\n\t<\/div>\n\t\n<p class=\"lead\" style=\"margin-bottom: 0;\"><strong>Infograf\u00eda<\/strong><\/p>\n\t<div id=\"gap-218453333\" class=\"gap-element clearfix\" style=\"display:block; height:auto;\">\n\t\t\n<style>\n#gap-218453333 {\n  padding-top: 10px;\n}\n<\/style>\n\t<\/div>\n\t\n<h1><span>Los 4 niveles de Madurez Digital en Industria<\/span><\/h1>\n\t\t<\/div>\n\t\t\t\t\t<\/div>\n\n\t\n<\/div>\n\t\t<\/div>\n\n\t\t\n<style>\n#section_358067719 {\n  padding-top: 30px;\n  padding-bottom: 30px;\n  min-height: 50vh;\n}\n#section_358067719 .section-bg.bg-loaded {\n  background-image: url(https:\/\/nexusintegra.io\/es\/wp-content\/uploads\/2021\/11\/imagen-ebook-1.jpg);\n}\n#section_358067719 .section-bg {\n  background-position: 37% 89%;\n}\n#section_358067719 .ux-shape-divider--top svg {\n  height: 150px;\n  --divider-top-width: 100%;\n}\n#section_358067719 .ux-shape-divider--bottom svg {\n  height: 150px;\n  --divider-width: 100%;\n}\n<\/style>\n\t<\/section>\n\t\n\t<div id=\"gap-488408316\" class=\"gap-element clearfix\" style=\"display:block; height:auto;\">\n\t\t\n<style>\n#gap-488408316 {\n  padding-top: 50px;\n}\n<\/style>\n\t<\/div>\n\t\n<div class=\"row row-large align-center\"  id=\"row-229272630\">\n\n\t<div id=\"col-254567855\" class=\"col medium-10 small-12 large-7\"  >\n\t\t\t\t<div class=\"col-inner\"  >\n\t\t\t\n\t\t\t\n<div class=\"wpb_text_column wpb_content_element\">\n<div class=\"wpb_wrapper\">\n<p>El proceso de transformaci\u00f3n digital est\u00e1 en auge debido a la competitividad que hay en el mercado. Una compa\u00f1\u00eda 4.0 es el doble de eficiente que una empresa antes de realizar la transformaci\u00f3n. Con la infograf\u00eda \u2018<strong>Los 4 niveles de Madurez Digital<\/strong>\u2019 descubrir\u00e1s todo sobre la transformaci\u00f3n digital en industria y conocer\u00e1s la situaci\u00f3n actual en la que se encuentra tu compa\u00f1\u00eda.<\/p>\n<\/div>\n<\/div>\n<ul class=\"check-bullets\">\n<li><span class=\"list-content\">Impacto en la cadena de valor industrial<\/span><\/li>\n<li><span class=\"list-content\">Automatizaci\u00f3n industrial<\/span><\/li>\n<li><span class=\"list-content\">Niveles de Madurez Digital<\/span><\/li>\n<\/ul>\n\t<div id=\"gap-1871924509\" class=\"gap-element clearfix\" style=\"display:block; height:auto;\">\n\t\t\n<style>\n#gap-1871924509 {\n  padding-top: 25px;\n}\n<\/style>\n\t<\/div>\n\t\n\t<div class=\"img has-hover x md-x lg-x y md-y lg-y\" id=\"image_681406608\">\n\t\t\t\t\t\t\t\t<div class=\"img-inner dark\" >\n\t\t\t<img loading=\"lazy\" decoding=\"async\" width=\"256\" height=\"300\" src=\"https:\/\/nexusintegra.io\/es\/wp-content\/uploads\/2021\/11\/PORTADA-ES-256x300-1-1.png\" class=\"attachment-large size-large\" alt=\"\" \/>\t\t\t\t\t\t\n\t\t\t\t\t<\/div>\n\t\t\t\t\t\t\t\t\n<style>\n#image_681406608 {\n  width: 70%;\n}\n@media (min-width:550px) {\n  #image_681406608 {\n    width: 35%;\n  }\n}\n<\/style>\n\t<\/div>\n\t\n\t<div id=\"gap-1706346312\" class=\"gap-element clearfix\" style=\"display:block; height:auto;\">\n\t\t\n<style>\n#gap-1706346312 {\n  padding-top: 35px;\n}\n<\/style>\n\t<\/div>\n\t\n\t\t<\/div>\n\t\t\t\t\t<\/div>\n\n\t\n\n\t<div id=\"col-112496661\" class=\"col shadowed-col rounded-border-10 medium-10 small-12 large-5\"  >\n\t\t\t\t<div class=\"col-inner\"  >\n\t\t\t\n\t\t\t\n<p class=\"lead\" style=\"margin-bottom: 0;\"><span style=\"color: #2875e9;\">Rellena el formulario para acceder a la Infograf\u00eda completa:<\/span><\/p>\n\n<p><script charset=\"utf-8\" type=\"text\/javascript\" src=\"\/\/js.hsforms.net\/forms\/shell.js\"><\/script><br \/>\n<script>\n  hbspt.forms.create({\n\tregion: \"na1\",\n\tportalId: \"5762261\",\n\tformId: \"62684db2-002a-4b94-a857-a87de99068cb\"\n});\n<\/script><br \/>\n\n\t\t<\/div>\n\t\t\t\t\n<style>\n#col-112496661 > .col-inner {\n  padding: 25px 25px 0px 25px;\n}\n@media (min-width:550px) {\n  #col-112496661 > .col-inner {\n    padding: 50px 50px 0px 50px;\n  }\n}\n<\/style>\n\t<\/div>\n\n\t\n<\/div>\n\t<div id=\"gap-651287957\" class=\"gap-element clearfix\" style=\"display:block; height:auto;\">\n\t\t\n<style>\n#gap-651287957 {\n  padding-top: 50px;\n}\n<\/style>\n\t<\/div>\n\t\n","protected":false},"excerpt":{"rendered":"","protected":false},"author":1,"featured_media":2297,"parent":0,"menu_order":0,"comment_status":"closed","ping_status":"closed","template":"page-blank.php","meta":{"_acf_changed":false,"inline_featured_image":false,"footnotes":""},"class_list":["post-1734","page","type-page","status-publish","has-post-thumbnail","hentry"],"acf":[],"yoast_head":"<!-- This site is optimized with the Yoast SEO plugin v26.4 - https:\/\/yoast.com\/wordpress\/plugins\/seo\/ -->\n<title>Infograf\u00eda - Los 4 niveles de Madurez Digital en Industria<\/title>\n<meta name=\"robots\" content=\"index, follow, max-snippet:-1, max-image-preview:large, max-video-preview:-1\" \/>\n<link rel=\"canonical\" href=\"https:\/\/nexusintegra.io\/es\/infografia-madurez-digital-industria\/\" \/>\n<meta property=\"og:locale\" content=\"es_ES\" \/>\n<meta property=\"og:type\" content=\"article\" \/>\n<meta property=\"og:title\" content=\"Infograf\u00eda - Los 4 niveles de Madurez Digital en Industria\" \/>\n<meta property=\"og:url\" content=\"https:\/\/nexusintegra.io\/es\/infografia-madurez-digital-industria\/\" \/>\n<meta property=\"og:site_name\" content=\"Nexus Integra\" \/>\n<meta property=\"article:publisher\" content=\"https:\/\/www.facebook.com\/nexusintegra1\/\" \/>\n<meta property=\"article:modified_time\" content=\"2021-12-30T15:45:08+00:00\" \/>\n<meta property=\"og:image\" content=\"https:\/\/nexusintegra.io\/es\/wp-content\/uploads\/2021\/12\/Linkedin-madurez-digital-ES.jpg\" \/>\n\t<meta property=\"og:image:width\" content=\"800\" \/>\n\t<meta property=\"og:image:height\" content=\"400\" \/>\n\t<meta property=\"og:image:type\" content=\"image\/jpeg\" \/>\n<meta name=\"twitter:card\" content=\"summary_large_image\" \/>\n<meta name=\"twitter:site\" content=\"@nexusintegra\" \/>\n<meta name=\"twitter:label1\" content=\"Tiempo de lectura\" \/>\n\t<meta name=\"twitter:data1\" content=\"1 minuto\" \/>\n<script type=\"application\/ld+json\" class=\"yoast-schema-graph\">{\"@context\":\"https:\/\/schema.org\",\"@graph\":[{\"@type\":\"WebPage\",\"@id\":\"https:\/\/nexusintegra.io\/es\/infografia-madurez-digital-industria\/\",\"url\":\"https:\/\/nexusintegra.io\/es\/infografia-madurez-digital-industria\/\",\"name\":\"Infograf\u00eda - Los 4 niveles de Madurez Digital en Industria\",\"isPartOf\":{\"@id\":\"https:\/\/nexusintegra.io\/es\/#website\"},\"primaryImageOfPage\":{\"@id\":\"https:\/\/nexusintegra.io\/es\/infografia-madurez-digital-industria\/#primaryimage\"},\"image\":{\"@id\":\"https:\/\/nexusintegra.io\/es\/infografia-madurez-digital-industria\/#primaryimage\"},\"thumbnailUrl\":\"https:\/\/nexusintegra.io\/es\/wp-content\/uploads\/2021\/12\/Linkedin-madurez-digital-ES.jpg\",\"datePublished\":\"2021-11-17T15:30:29+00:00\",\"dateModified\":\"2021-12-30T15:45:08+00:00\",\"breadcrumb\":{\"@id\":\"https:\/\/nexusintegra.io\/es\/infografia-madurez-digital-industria\/#breadcrumb\"},\"inLanguage\":\"es\",\"potentialAction\":[{\"@type\":\"ReadAction\",\"target\":[\"https:\/\/nexusintegra.io\/es\/infografia-madurez-digital-industria\/\"]}]},{\"@type\":\"ImageObject\",\"inLanguage\":\"es\",\"@id\":\"https:\/\/nexusintegra.io\/es\/infografia-madurez-digital-industria\/#primaryimage\",\"url\":\"https:\/\/nexusintegra.io\/es\/wp-content\/uploads\/2021\/12\/Linkedin-madurez-digital-ES.jpg\",\"contentUrl\":\"https:\/\/nexusintegra.io\/es\/wp-content\/uploads\/2021\/12\/Linkedin-madurez-digital-ES.jpg\",\"width\":800,\"height\":400},{\"@type\":\"BreadcrumbList\",\"@id\":\"https:\/\/nexusintegra.io\/es\/infografia-madurez-digital-industria\/#breadcrumb\",\"itemListElement\":[{\"@type\":\"ListItem\",\"position\":1,\"name\":\"Home\",\"item\":\"https:\/\/nexusintegra.io\/es\/\"},{\"@type\":\"ListItem\",\"position\":2,\"name\":\"Infograf\u00eda &#8211; Los 4 niveles de Madurez Digital en Industria\"}]},{\"@type\":\"WebSite\",\"@id\":\"https:\/\/nexusintegra.io\/es\/#website\",\"url\":\"https:\/\/nexusintegra.io\/es\/\",\"name\":\"Nexus Integra\",\"description\":\"\",\"publisher\":{\"@id\":\"https:\/\/nexusintegra.io\/es\/#organization\"},\"potentialAction\":[{\"@type\":\"SearchAction\",\"target\":{\"@type\":\"EntryPoint\",\"urlTemplate\":\"https:\/\/nexusintegra.io\/es\/?s={search_term_string}\"},\"query-input\":{\"@type\":\"PropertyValueSpecification\",\"valueRequired\":true,\"valueName\":\"search_term_string\"}}],\"inLanguage\":\"es\"},{\"@type\":\"Organization\",\"@id\":\"https:\/\/nexusintegra.io\/es\/#organization\",\"name\":\"Nexus Integra\",\"url\":\"https:\/\/nexusintegra.io\/es\/\",\"logo\":{\"@type\":\"ImageObject\",\"inLanguage\":\"es\",\"@id\":\"https:\/\/nexusintegra.io\/es\/#\/schema\/logo\/image\/\",\"url\":\"https:\/\/nexusintegra.io\/es\/wp-content\/uploads\/2021\/10\/logo-nexus.svg\",\"contentUrl\":\"https:\/\/nexusintegra.io\/es\/wp-content\/uploads\/2021\/10\/logo-nexus.svg\",\"width\":\"1024\",\"height\":\"1024\",\"caption\":\"Nexus Integra\"},\"image\":{\"@id\":\"https:\/\/nexusintegra.io\/es\/#\/schema\/logo\/image\/\"},\"sameAs\":[\"https:\/\/www.facebook.com\/nexusintegra1\/\",\"https:\/\/x.com\/nexusintegra\",\"https:\/\/www.linkedin.com\/company\/nexusintegra\/\"]}]}<\/script>\n<!-- \/ Yoast SEO plugin. -->","yoast_head_json":{"title":"Infograf\u00eda - Los 4 niveles de Madurez Digital en Industria","robots":{"index":"index","follow":"follow","max-snippet":"max-snippet:-1","max-image-preview":"max-image-preview:large","max-video-preview":"max-video-preview:-1"},"canonical":"https:\/\/nexusintegra.io\/es\/infografia-madurez-digital-industria\/","og_locale":"es_ES","og_type":"article","og_title":"Infograf\u00eda - Los 4 niveles de Madurez Digital en Industria","og_url":"https:\/\/nexusintegra.io\/es\/infografia-madurez-digital-industria\/","og_site_name":"Nexus Integra","article_publisher":"https:\/\/www.facebook.com\/nexusintegra1\/","article_modified_time":"2021-12-30T15:45:08+00:00","og_image":[{"width":800,"height":400,"url":"https:\/\/nexusintegra.io\/es\/wp-content\/uploads\/2021\/12\/Linkedin-madurez-digital-ES.jpg","type":"image\/jpeg"}],"twitter_card":"summary_large_image","twitter_site":"@nexusintegra","twitter_misc":{"Tiempo de lectura":"1 minuto"},"schema":{"@context":"https:\/\/schema.org","@graph":[{"@type":"WebPage","@id":"https:\/\/nexusintegra.io\/es\/infografia-madurez-digital-industria\/","url":"https:\/\/nexusintegra.io\/es\/infografia-madurez-digital-industria\/","name":"Infograf\u00eda - Los 4 niveles de Madurez Digital en Industria","isPartOf":{"@id":"https:\/\/nexusintegra.io\/es\/#website"},"primaryImageOfPage":{"@id":"https:\/\/nexusintegra.io\/es\/infografia-madurez-digital-industria\/#primaryimage"},"image":{"@id":"https:\/\/nexusintegra.io\/es\/infografia-madurez-digital-industria\/#primaryimage"},"thumbnailUrl":"https:\/\/nexusintegra.io\/es\/wp-content\/uploads\/2021\/12\/Linkedin-madurez-digital-ES.jpg","datePublished":"2021-11-17T15:30:29+00:00","dateModified":"2021-12-30T15:45:08+00:00","breadcrumb":{"@id":"https:\/\/nexusintegra.io\/es\/infografia-madurez-digital-industria\/#breadcrumb"},"inLanguage":"es","potentialAction":[{"@type":"ReadAction","target":["https:\/\/nexusintegra.io\/es\/infografia-madurez-digital-industria\/"]}]},{"@type":"ImageObject","inLanguage":"es","@id":"https:\/\/nexusintegra.io\/es\/infografia-madurez-digital-industria\/#primaryimage","url":"https:\/\/nexusintegra.io\/es\/wp-content\/uploads\/2021\/12\/Linkedin-madurez-digital-ES.jpg","contentUrl":"https:\/\/nexusintegra.io\/es\/wp-content\/uploads\/2021\/12\/Linkedin-madurez-digital-ES.jpg","width":800,"height":400},{"@type":"BreadcrumbList","@id":"https:\/\/nexusintegra.io\/es\/infografia-madurez-digital-industria\/#breadcrumb","itemListElement":[{"@type":"ListItem","position":1,"name":"Home","item":"https:\/\/nexusintegra.io\/es\/"},{"@type":"ListItem","position":2,"name":"Infograf\u00eda &#8211; Los 4 niveles de Madurez Digital en Industria"}]},{"@type":"WebSite","@id":"https:\/\/nexusintegra.io\/es\/#website","url":"https:\/\/nexusintegra.io\/es\/","name":"Nexus Integra","description":"","publisher":{"@id":"https:\/\/nexusintegra.io\/es\/#organization"},"potentialAction":[{"@type":"SearchAction","target":{"@type":"EntryPoint","urlTemplate":"https:\/\/nexusintegra.io\/es\/?s={search_term_string}"},"query-input":{"@type":"PropertyValueSpecification","valueRequired":true,"valueName":"search_term_string"}}],"inLanguage":"es"},{"@type":"Organization","@id":"https:\/\/nexusintegra.io\/es\/#organization","name":"Nexus Integra","url":"https:\/\/nexusintegra.io\/es\/","logo":{"@type":"ImageObject","inLanguage":"es","@id":"https:\/\/nexusintegra.io\/es\/#\/schema\/logo\/image\/","url":"https:\/\/nexusintegra.io\/es\/wp-content\/uploads\/2021\/10\/logo-nexus.svg","contentUrl":"https:\/\/nexusintegra.io\/es\/wp-content\/uploads\/2021\/10\/logo-nexus.svg","width":"1024","height":"1024","caption":"Nexus Integra"},"image":{"@id":"https:\/\/nexusintegra.io\/es\/#\/schema\/logo\/image\/"},"sameAs":["https:\/\/www.facebook.com\/nexusintegra1\/","https:\/\/x.com\/nexusintegra","https:\/\/www.linkedin.com\/company\/nexusintegra\/"]}]}},"_links":{"self":[{"href":"https:\/\/nexusintegra.io\/es\/wp-json\/wp\/v2\/pages\/1734","targetHints":{"allow":["GET"]}}],"collection":[{"href":"https:\/\/nexusintegra.io\/es\/wp-json\/wp\/v2\/pages"}],"about":[{"href":"https:\/\/nexusintegra.io\/es\/wp-json\/wp\/v2\/types\/page"}],"author":[{"embeddable":true,"href":"https:\/\/nexusintegra.io\/es\/wp-json\/wp\/v2\/users\/1"}],"replies":[{"embeddable":true,"href":"https:\/\/nexusintegra.io\/es\/wp-json\/wp\/v2\/comments?post=1734"}],"version-history":[{"count":5,"href":"https:\/\/nexusintegra.io\/es\/wp-json\/wp\/v2\/pages\/1734\/revisions"}],"predecessor-version":[{"id":2296,"href":"https:\/\/nexusintegra.io\/es\/wp-json\/wp\/v2\/pages\/1734\/revisions\/2296"}],"wp:featuredmedia":[{"embeddable":true,"href":"https:\/\/nexusintegra.io\/es\/wp-json\/wp\/v2\/media\/2297"}],"wp:attachment":[{"href":"https:\/\/nexusintegra.io\/es\/wp-json\/wp\/v2\/media?parent=1734"}],"curies":[{"name":"wp","href":"https:\/\/api.w.org\/{rel}","templated":true}]}}