{"id":1433,"date":"2021-11-08T17:28:44","date_gmt":"2021-11-08T17:28:44","guid":{"rendered":"http:\/\/dev.nexusintegra.io\/es\/?page_id=1433"},"modified":"2022-01-12T15:13:33","modified_gmt":"2022-01-12T15:13:33","slug":"implmentar-plataforma-iot","status":"publish","type":"page","link":"https:\/\/nexusintegra.io\/es\/implmentar-plataforma-iot\/","title":{"rendered":"Ebook \u2013 Implementar plataforma IoT"},"content":{"rendered":"\t<section class=\"section\" id=\"section_330846912\">\n\t\t<div class=\"bg section-bg fill bg-fill  \" >\n\n\t\t\t\n\t\t\t\n\t\t\t\n\n\t\t<\/div>\n\n\t\t\n\n\t\t<div class=\"section-content relative\">\n\t\t\t\n<div class=\"row align-center\"  id=\"row-1577734376\">\n\n\t<div id=\"col-1745986766\" class=\"col medium-7 small-12 large-8\"  >\n\t\t\t\t<div class=\"col-inner text-center dark\"  >\n\t\t\t\n\t\t\t\n\t<div class=\"img has-hover x md-x lg-x y md-y lg-y\" id=\"image_161854587\">\n\t\t\t\t\t\t\t\t<div class=\"img-inner dark\" >\n\t\t\t<img loading=\"lazy\" decoding=\"async\" width=\"1020\" height=\"1020\" src=\"https:\/\/nexusintegra.io\/es\/wp-content\/uploads\/2021\/10\/nexus-integra-logo-circular-tittle-home-1.svg\" class=\"attachment-large size-large\" alt=\"\" \/>\t\t\t\t\t\t\n\t\t\t\t\t<\/div>\n\t\t\t\t\t\t\t\t\n<style>\n#image_161854587 {\n  width: 15%;\n}\n@media (min-width:550px) {\n  #image_161854587 {\n    width: 7%;\n  }\n}\n<\/style>\n\t<\/div>\n\t\n<p class=\"lead\" style=\"margin-bottom: 0;\"><strong>Ebook<\/strong><\/p>\n\t<div id=\"gap-1344904875\" class=\"gap-element clearfix\" style=\"display:block; height:auto;\">\n\t\t\n<style>\n#gap-1344904875 {\n  padding-top: 10px;\n}\n<\/style>\n\t<\/div>\n\t\n<h1><span>Mejora tu aplicaci\u00f3n con una plataforma de IIoT<\/span><\/h1>\n\t\t<\/div>\n\t\t\t\t\t<\/div>\n\n\t\n<\/div>\n\t\t<\/div>\n\n\t\t\n<style>\n#section_330846912 {\n  padding-top: 30px;\n  padding-bottom: 30px;\n  min-height: 50vh;\n}\n#section_330846912 .section-bg.bg-loaded {\n  background-image: url(https:\/\/nexusintegra.io\/es\/wp-content\/uploads\/2021\/11\/imagen-ebook-1.jpg);\n}\n#section_330846912 .section-bg {\n  background-position: 37% 89%;\n}\n#section_330846912 .ux-shape-divider--top svg {\n  height: 150px;\n  --divider-top-width: 100%;\n}\n#section_330846912 .ux-shape-divider--bottom svg {\n  height: 150px;\n  --divider-width: 100%;\n}\n<\/style>\n\t<\/section>\n\t\n\t<div id=\"gap-79289798\" class=\"gap-element clearfix\" style=\"display:block; height:auto;\">\n\t\t\n<style>\n#gap-79289798 {\n  padding-top: 50px;\n}\n<\/style>\n\t<\/div>\n\t\n<div class=\"row row-large align-center\"  id=\"row-1266401951\">\n\n\t<div id=\"col-145932643\" class=\"col medium-10 small-12 large-7\"  >\n\t\t\t\t<div class=\"col-inner\"  >\n\t\t\t\n\t\t\t\n<p>\u00bfConoces todos los beneficios de implementar una plataforma de IIoT en tu empresa? Con el uso adecuado del IIoT, es posible optimizar el uso de los activos y predecir errores, o incluso activar procesos de mantenimiento de forma aut\u00f3noma.<\/p>\n<p>Con el ebook <strong>&#8216;Mejora tu aplicaci\u00f3n con una plataforma de IIoT&#8217;<\/strong> descubrir\u00e1s por qu\u00e9 es necesario implementar una plataforma adecuada de IIoT en tu empresa para favorecer lo que se ha convertido en el t\u00e9rmino Industria 4.0. Un tipo de producci\u00f3n en la que la maquinaria y las infraestructuras industriales utilizar\u00e1n el an\u00e1lisis de datos en tiempo real y los datos hist\u00f3ricos para autoprogramarse y tomar las mejores decisiones por s\u00ed mismos.<\/p>\n<ul class=\"check-bullets\">\n<li><span class=\"list-content\">Diferencias entre IOT y IIOT.<\/span><\/li>\n<li><span class=\"list-content\">Principales funciones del IIoT y su infraestructura.<\/span><\/li>\n<li><span class=\"list-content\">Beneficios del uso de las plataformas IIoT y Big Data.<\/span><\/li>\n<\/ul>\n\t<div id=\"gap-1551061543\" class=\"gap-element clearfix\" style=\"display:block; height:auto;\">\n\t\t\n<style>\n#gap-1551061543 {\n  padding-top: 25px;\n}\n<\/style>\n\t<\/div>\n\t\n\t<div class=\"img has-hover x md-x lg-x y md-y lg-y\" id=\"image_1135009749\">\n\t\t\t\t\t\t\t\t<div class=\"img-inner dark\" >\n\t\t\t<img loading=\"lazy\" decoding=\"async\" width=\"256\" height=\"300\" src=\"https:\/\/nexusintegra.io\/es\/wp-content\/uploads\/2022\/01\/ebook-plataforma-iot-256x300-1.png\" class=\"attachment-large size-large\" alt=\"\" \/>\t\t\t\t\t\t\n\t\t\t\t\t<\/div>\n\t\t\t\t\t\t\t\t\n<style>\n#image_1135009749 {\n  width: 70%;\n}\n@media (min-width:550px) {\n  #image_1135009749 {\n    width: 35%;\n  }\n}\n<\/style>\n\t<\/div>\n\t\n\t<div id=\"gap-1060963313\" class=\"gap-element clearfix\" style=\"display:block; height:auto;\">\n\t\t\n<style>\n#gap-1060963313 {\n  padding-top: 35px;\n}\n<\/style>\n\t<\/div>\n\t\n\t\t<\/div>\n\t\t\t\t\t<\/div>\n\n\t\n\n\t<div id=\"col-852832277\" class=\"col shadowed-col rounded-border-10 medium-10 small-12 large-5\"  >\n\t\t\t\t<div class=\"col-inner\"  >\n\t\t\t\n\t\t\t\n<p class=\"lead\" style=\"margin-bottom: 0;\"><span style=\"color: #2875e9;\">Rellena el formulario para acceder al Ebook completo:<\/span><\/p>\n\n<p><script charset=\"utf-8\" type=\"text\/javascript\" src=\"\/\/js.hsforms.net\/forms\/shell.js\"><\/script><br \/>\n<script>\n  hbspt.forms.create({\n\tportalId: \"5762261\",\n\tformId: \"aaceeb8e-1dc8-4eb2-90b4-de8f5259c1ce\"\n});\n<\/script><br \/>\n\n\t\t<\/div>\n\t\t\t\t\n<style>\n#col-852832277 > .col-inner {\n  padding: 25px 25px 0px 25px;\n}\n@media (min-width:550px) {\n  #col-852832277 > .col-inner {\n    padding: 50px 50px 0px 50px;\n  }\n}\n<\/style>\n\t<\/div>\n\n\t\n<\/div>\n\t<div id=\"gap-812705525\" class=\"gap-element clearfix\" style=\"display:block; height:auto;\">\n\t\t\n<style>\n#gap-812705525 {\n  padding-top: 50px;\n}\n<\/style>\n\t<\/div>\n\t\n","protected":false},"excerpt":{"rendered":"","protected":false},"author":1,"featured_media":0,"parent":0,"menu_order":0,"comment_status":"closed","ping_status":"closed","template":"page-blank.php","meta":{"_acf_changed":false,"inline_featured_image":false,"footnotes":""},"class_list":["post-1433","page","type-page","status-publish","hentry"],"acf":[],"yoast_head":"<!-- This site is optimized with the Yoast SEO plugin v26.4 - https:\/\/yoast.com\/wordpress\/plugins\/seo\/ -->\n<title>Ebook \u2013 Implementar plataforma IoT | Nexus Integra<\/title>\n<meta name=\"robots\" content=\"noindex, follow\" \/>\n<meta property=\"og:locale\" content=\"es_ES\" \/>\n<meta property=\"og:type\" content=\"article\" \/>\n<meta property=\"og:title\" content=\"Ebook \u2013 Implementar plataforma IoT | Nexus Integra\" \/>\n<meta property=\"og:url\" content=\"https:\/\/nexusintegra.io\/es\/implmentar-plataforma-iot\/\" \/>\n<meta property=\"og:site_name\" content=\"Nexus Integra\" \/>\n<meta property=\"article:publisher\" content=\"https:\/\/www.facebook.com\/nexusintegra1\/\" \/>\n<meta property=\"article:modified_time\" content=\"2022-01-12T15:13:33+00:00\" \/>\n<meta name=\"twitter:card\" content=\"summary_large_image\" \/>\n<meta name=\"twitter:site\" content=\"@nexusintegra\" \/>\n<meta name=\"twitter:label1\" content=\"Tiempo de lectura\" \/>\n\t<meta name=\"twitter:data1\" content=\"1 minuto\" \/>\n<script type=\"application\/ld+json\" class=\"yoast-schema-graph\">{\"@context\":\"https:\/\/schema.org\",\"@graph\":[{\"@type\":\"WebPage\",\"@id\":\"https:\/\/nexusintegra.io\/es\/implmentar-plataforma-iot\/\",\"url\":\"https:\/\/nexusintegra.io\/es\/implmentar-plataforma-iot\/\",\"name\":\"Ebook \u2013 Implementar plataforma IoT | Nexus Integra\",\"isPartOf\":{\"@id\":\"https:\/\/nexusintegra.io\/es\/#website\"},\"datePublished\":\"2021-11-08T17:28:44+00:00\",\"dateModified\":\"2022-01-12T15:13:33+00:00\",\"breadcrumb\":{\"@id\":\"https:\/\/nexusintegra.io\/es\/implmentar-plataforma-iot\/#breadcrumb\"},\"inLanguage\":\"es\",\"potentialAction\":[{\"@type\":\"ReadAction\",\"target\":[\"https:\/\/nexusintegra.io\/es\/implmentar-plataforma-iot\/\"]}]},{\"@type\":\"BreadcrumbList\",\"@id\":\"https:\/\/nexusintegra.io\/es\/implmentar-plataforma-iot\/#breadcrumb\",\"itemListElement\":[{\"@type\":\"ListItem\",\"position\":1,\"name\":\"Home\",\"item\":\"https:\/\/nexusintegra.io\/es\/\"},{\"@type\":\"ListItem\",\"position\":2,\"name\":\"Ebook \u2013 Implementar plataforma IoT\"}]},{\"@type\":\"WebSite\",\"@id\":\"https:\/\/nexusintegra.io\/es\/#website\",\"url\":\"https:\/\/nexusintegra.io\/es\/\",\"name\":\"Nexus Integra\",\"description\":\"\",\"publisher\":{\"@id\":\"https:\/\/nexusintegra.io\/es\/#organization\"},\"potentialAction\":[{\"@type\":\"SearchAction\",\"target\":{\"@type\":\"EntryPoint\",\"urlTemplate\":\"https:\/\/nexusintegra.io\/es\/?s={search_term_string}\"},\"query-input\":{\"@type\":\"PropertyValueSpecification\",\"valueRequired\":true,\"valueName\":\"search_term_string\"}}],\"inLanguage\":\"es\"},{\"@type\":\"Organization\",\"@id\":\"https:\/\/nexusintegra.io\/es\/#organization\",\"name\":\"Nexus Integra\",\"url\":\"https:\/\/nexusintegra.io\/es\/\",\"logo\":{\"@type\":\"ImageObject\",\"inLanguage\":\"es\",\"@id\":\"https:\/\/nexusintegra.io\/es\/#\/schema\/logo\/image\/\",\"url\":\"https:\/\/nexusintegra.io\/es\/wp-content\/uploads\/2021\/10\/logo-nexus.svg\",\"contentUrl\":\"https:\/\/nexusintegra.io\/es\/wp-content\/uploads\/2021\/10\/logo-nexus.svg\",\"width\":\"1024\",\"height\":\"1024\",\"caption\":\"Nexus Integra\"},\"image\":{\"@id\":\"https:\/\/nexusintegra.io\/es\/#\/schema\/logo\/image\/\"},\"sameAs\":[\"https:\/\/www.facebook.com\/nexusintegra1\/\",\"https:\/\/x.com\/nexusintegra\",\"https:\/\/www.linkedin.com\/company\/nexusintegra\/\"]}]}<\/script>\n<!-- \/ Yoast SEO plugin. -->","yoast_head_json":{"title":"Ebook \u2013 Implementar plataforma IoT | Nexus Integra","robots":{"index":"noindex","follow":"follow"},"og_locale":"es_ES","og_type":"article","og_title":"Ebook \u2013 Implementar plataforma IoT | Nexus Integra","og_url":"https:\/\/nexusintegra.io\/es\/implmentar-plataforma-iot\/","og_site_name":"Nexus Integra","article_publisher":"https:\/\/www.facebook.com\/nexusintegra1\/","article_modified_time":"2022-01-12T15:13:33+00:00","twitter_card":"summary_large_image","twitter_site":"@nexusintegra","twitter_misc":{"Tiempo de lectura":"1 minuto"},"schema":{"@context":"https:\/\/schema.org","@graph":[{"@type":"WebPage","@id":"https:\/\/nexusintegra.io\/es\/implmentar-plataforma-iot\/","url":"https:\/\/nexusintegra.io\/es\/implmentar-plataforma-iot\/","name":"Ebook \u2013 Implementar plataforma IoT | Nexus Integra","isPartOf":{"@id":"https:\/\/nexusintegra.io\/es\/#website"},"datePublished":"2021-11-08T17:28:44+00:00","dateModified":"2022-01-12T15:13:33+00:00","breadcrumb":{"@id":"https:\/\/nexusintegra.io\/es\/implmentar-plataforma-iot\/#breadcrumb"},"inLanguage":"es","potentialAction":[{"@type":"ReadAction","target":["https:\/\/nexusintegra.io\/es\/implmentar-plataforma-iot\/"]}]},{"@type":"BreadcrumbList","@id":"https:\/\/nexusintegra.io\/es\/implmentar-plataforma-iot\/#breadcrumb","itemListElement":[{"@type":"ListItem","position":1,"name":"Home","item":"https:\/\/nexusintegra.io\/es\/"},{"@type":"ListItem","position":2,"name":"Ebook \u2013 Implementar plataforma IoT"}]},{"@type":"WebSite","@id":"https:\/\/nexusintegra.io\/es\/#website","url":"https:\/\/nexusintegra.io\/es\/","name":"Nexus Integra","description":"","publisher":{"@id":"https:\/\/nexusintegra.io\/es\/#organization"},"potentialAction":[{"@type":"SearchAction","target":{"@type":"EntryPoint","urlTemplate":"https:\/\/nexusintegra.io\/es\/?s={search_term_string}"},"query-input":{"@type":"PropertyValueSpecification","valueRequired":true,"valueName":"search_term_string"}}],"inLanguage":"es"},{"@type":"Organization","@id":"https:\/\/nexusintegra.io\/es\/#organization","name":"Nexus Integra","url":"https:\/\/nexusintegra.io\/es\/","logo":{"@type":"ImageObject","inLanguage":"es","@id":"https:\/\/nexusintegra.io\/es\/#\/schema\/logo\/image\/","url":"https:\/\/nexusintegra.io\/es\/wp-content\/uploads\/2021\/10\/logo-nexus.svg","contentUrl":"https:\/\/nexusintegra.io\/es\/wp-content\/uploads\/2021\/10\/logo-nexus.svg","width":"1024","height":"1024","caption":"Nexus Integra"},"image":{"@id":"https:\/\/nexusintegra.io\/es\/#\/schema\/logo\/image\/"},"sameAs":["https:\/\/www.facebook.com\/nexusintegra1\/","https:\/\/x.com\/nexusintegra","https:\/\/www.linkedin.com\/company\/nexusintegra\/"]}]}},"_links":{"self":[{"href":"https:\/\/nexusintegra.io\/es\/wp-json\/wp\/v2\/pages\/1433","targetHints":{"allow":["GET"]}}],"collection":[{"href":"https:\/\/nexusintegra.io\/es\/wp-json\/wp\/v2\/pages"}],"about":[{"href":"https:\/\/nexusintegra.io\/es\/wp-json\/wp\/v2\/types\/page"}],"author":[{"embeddable":true,"href":"https:\/\/nexusintegra.io\/es\/wp-json\/wp\/v2\/users\/1"}],"replies":[{"embeddable":true,"href":"https:\/\/nexusintegra.io\/es\/wp-json\/wp\/v2\/comments?post=1433"}],"version-history":[{"count":8,"href":"https:\/\/nexusintegra.io\/es\/wp-json\/wp\/v2\/pages\/1433\/revisions"}],"predecessor-version":[{"id":2415,"href":"https:\/\/nexusintegra.io\/es\/wp-json\/wp\/v2\/pages\/1433\/revisions\/2415"}],"wp:attachment":[{"href":"https:\/\/nexusintegra.io\/es\/wp-json\/wp\/v2\/media?parent=1433"}],"curies":[{"name":"wp","href":"https:\/\/api.w.org\/{rel}","templated":true}]}}