{"id":1377,"date":"2021-11-08T15:12:47","date_gmt":"2021-11-08T15:12:47","guid":{"rendered":"http:\/\/dev.nexusintegra.io\/es\/?page_id=1377"},"modified":"2022-01-14T14:11:07","modified_gmt":"2022-01-14T14:11:07","slug":"caso-exito-giahsa","status":"publish","type":"page","link":"https:\/\/nexusintegra.io\/es\/caso-exito-giahsa\/","title":{"rendered":"Caso de \u00e9xito &#8211; Giahsa"},"content":{"rendered":"\t<section class=\"section\" id=\"section_1481107410\">\n\t\t<div class=\"bg section-bg fill bg-fill  \" >\n\n\t\t\t\n\t\t\t\n\t\t\t\n\n\t\t<\/div>\n\n\t\t\n\n\t\t<div class=\"section-content relative\">\n\t\t\t\n<div class=\"row align-center\"  id=\"row-821642315\">\n\n\t<div id=\"col-495886215\" class=\"col medium-7 small-12 large-5\"  >\n\t\t\t\t<div class=\"col-inner text-center dark\"  >\n\t\t\t\n\t\t\t\n\t<div class=\"img has-hover x md-x lg-x y md-y lg-y\" id=\"image_844228122\">\n\t\t\t\t\t\t\t\t<div class=\"img-inner dark\" >\n\t\t\t<img loading=\"lazy\" decoding=\"async\" width=\"1020\" height=\"1020\" src=\"https:\/\/nexusintegra.io\/es\/wp-content\/uploads\/2021\/10\/nexus-integra-logo-circular-tittle-home-1.svg\" class=\"attachment-large size-large\" alt=\"\" \/>\t\t\t\t\t\t\n\t\t\t\t\t<\/div>\n\t\t\t\t\t\t\t\t\n<style>\n#image_844228122 {\n  width: 15%;\n}\n@media (min-width:550px) {\n  #image_844228122 {\n    width: 8%;\n  }\n}\n<\/style>\n\t<\/div>\n\t\n<p class=\"lead\" style=\"margin-bottom: 0;\"><strong>Caso de \u00e9xito<\/strong><\/p>\n\t<div id=\"gap-684924438\" class=\"gap-element clearfix\" style=\"display:block; height:auto;\">\n\t\t\n<style>\n#gap-684924438 {\n  padding-top: 10px;\n}\n<\/style>\n\t<\/div>\n\t\n<h1><span style=\"font-size: 130%;\">Giahsa<\/span><\/h1>\n\t\t<\/div>\n\t\t\t\t\t<\/div>\n\n\t\n<\/div>\n\t\t<\/div>\n\n\t\t\n<style>\n#section_1481107410 {\n  padding-top: 30px;\n  padding-bottom: 30px;\n  min-height: 50vh;\n}\n#section_1481107410 .section-bg.bg-loaded {\n  background-image: url(https:\/\/nexusintegra.io\/es\/wp-content\/uploads\/2021\/11\/nexus-integra-giahsa-header.jpg);\n}\n#section_1481107410 .section-bg {\n  background-position: 37% 89%;\n}\n#section_1481107410 .ux-shape-divider--top svg {\n  height: 150px;\n  --divider-top-width: 100%;\n}\n#section_1481107410 .ux-shape-divider--bottom svg {\n  height: 150px;\n  --divider-width: 100%;\n}\n<\/style>\n\t<\/section>\n\t\n\t<div id=\"gap-1490092406\" class=\"gap-element clearfix\" style=\"display:block; height:auto;\">\n\t\t\n<style>\n#gap-1490092406 {\n  padding-top: 75px;\n}\n<\/style>\n\t<\/div>\n\t\n<div class=\"row row-large align-center\"  id=\"row-982613907\">\n\n\t<div id=\"col-201932262\" class=\"col medium-10 small-12 large-7\"  >\n\t\t\t\t<div class=\"col-inner\"  >\n\t\t\t\n\t\t\t\n\t<div class=\"img has-hover x md-x lg-x y md-y lg-y\" id=\"image_1542946369\">\n\t\t\t\t\t\t\t\t<div class=\"img-inner dark\" >\n\t\t\t<img loading=\"lazy\" decoding=\"async\" width=\"445\" height=\"73\" src=\"https:\/\/nexusintegra.io\/es\/wp-content\/uploads\/2021\/11\/logo-giahsa.png\" class=\"attachment-original size-original\" alt=\"\" srcset=\"https:\/\/nexusintegra.io\/es\/wp-content\/uploads\/2021\/11\/logo-giahsa.png 445w, https:\/\/nexusintegra.io\/es\/wp-content\/uploads\/2021\/11\/logo-giahsa-300x49.png 300w\" sizes=\"auto, (max-width: 445px) 100vw, 445px\" \/>\t\t\t\t\t\t\n\t\t\t\t\t<\/div>\n\t\t\t\t\t\t\t\t\n<style>\n#image_1542946369 {\n  width: 85%;\n}\n@media (min-width:550px) {\n  #image_1542946369 {\n    width: 55%;\n  }\n}\n@media (min-width:850px) {\n  #image_1542946369 {\n    width: 45%;\n  }\n}\n<\/style>\n\t<\/div>\n\t\n<p>Gesti\u00f3n Integral del Agua de Huelva (<strong>GIAHSA<\/strong>) ha implantado Nexus Integra, la plataforma de operaciones integrada para la monitorizaci\u00f3n y el control de sus instalaciones y procesos del ciclo integral del agua.<\/p>\n<p>Nexus Integra les permite supervisar procesos industriales a distancia a partir de la aplicaci\u00f3n Smart SCADA, adem\u00e1s de ofrecer aplicativos para el tratamiento estad\u00edstico de datos, parametrizar alarmas sobre dichos datos e interoperar con otras aplicaciones.<\/p>\n<p>Al tratarse de una aplicaci\u00f3n basada en tecnolog\u00eda web, se puede acceder a la misma desde cualquier punto conectado. Giahsa ha modificado la l\u00f3gica de funcionamiento autom\u00e1tica de los bombeos de aguas residuales, mejorando con ello su control y capacidad de respuesta y, por tanto, haciendo m\u00e1s eficiente el desarrollo de las actividades propias del operador de Telecontrol.<\/p>\n\t<div id=\"gap-557179669\" class=\"gap-element clearfix\" style=\"display:block; height:auto;\">\n\t\t\n<style>\n#gap-557179669 {\n  padding-top: 25px;\n}\n<\/style>\n\t<\/div>\n\t\n<p class=\"lead\"><span style=\"color: #2875e9;\">Algunos de los beneficios logrados:<\/span><\/p>\n<ul class=\"check-bullets\">\n<li>Reducci\u00f3n del 20% en costes de mantenimiento.<\/li>\n<li>Sistema centralizado de monitorizaci\u00f3n de procesos.<\/li>\n<li>Sistema de operaci\u00f3n remota (gesti\u00f3n de maniobras y env\u00edo de consignas).<\/li>\n<li>Automatizaci\u00f3n de informes de funcionamiento.<\/li>\n<\/ul>\n\t<div id=\"gap-92088182\" class=\"gap-element clearfix\" style=\"display:block; height:auto;\">\n\t\t\n<style>\n#gap-92088182 {\n  padding-top: 35px;\n}\n<\/style>\n\t<\/div>\n\t\n\t\t<\/div>\n\t\t\t\t\t<\/div>\n\n\t\n\n\t<div id=\"col-1412576330\" class=\"col shadowed-col rounded-border-10 medium-10 small-12 large-5\"  >\n\t\t\t\t<div class=\"col-inner\"  >\n\t\t\t\n\t\t\t\n<p class=\"lead\" style=\"margin-bottom: 0;\"><span style=\"color: #2875e9;\">Rellena el formulario para acceder al caso de \u00e9xito completo:<\/span><\/p>\n\n<p><script charset=\"utf-8\" type=\"text\/javascript\" src=\"\/\/js.hsforms.net\/forms\/shell.js\"><\/script><br \/>\n<script>\n  hbspt.forms.create({\n\tportalId: \"5762261\",\n\tformId: \"8616fcac-ccfa-41ce-aee7-6ad45a1c1ad1\"\n});\n<\/script><br \/>\n\n\t\t<\/div>\n\t\t\t\t\n<style>\n#col-1412576330 > .col-inner {\n  padding: 25px 20px 0px 20px;\n}\n@media (min-width:550px) {\n  #col-1412576330 > .col-inner {\n    padding: 50px 50px 0px 50px;\n  }\n}\n<\/style>\n\t<\/div>\n\n\t\n<\/div>\n\t<div id=\"gap-774358111\" class=\"gap-element clearfix\" style=\"display:block; height:auto;\">\n\t\t\n<style>\n#gap-774358111 {\n  padding-top: 50px;\n}\n<\/style>\n\t<\/div>\n\t\n","protected":false},"excerpt":{"rendered":"","protected":false},"author":1,"featured_media":1385,"parent":0,"menu_order":0,"comment_status":"closed","ping_status":"closed","template":"page-blank.php","meta":{"_acf_changed":false,"inline_featured_image":false,"footnotes":""},"class_list":["post-1377","page","type-page","status-publish","has-post-thumbnail","hentry"],"acf":[],"yoast_head":"<!-- This site is optimized with the Yoast SEO plugin v26.4 - https:\/\/yoast.com\/wordpress\/plugins\/seo\/ -->\n<title>Giahsa - Caso de \u00e9xito - Nexus Integra<\/title>\n<meta name=\"description\" content=\"Nexus Integra les permite supervisar procesos industriales a distancia a partir de la aplicaci\u00f3n Smart SCADA. Conoce todos los beneficios logrados.\" \/>\n<meta name=\"robots\" content=\"index, follow, max-snippet:-1, max-image-preview:large, max-video-preview:-1\" \/>\n<link rel=\"canonical\" href=\"https:\/\/nexusintegra.io\/es\/caso-exito-giahsa\/\" \/>\n<meta property=\"og:locale\" content=\"es_ES\" \/>\n<meta property=\"og:type\" content=\"article\" \/>\n<meta property=\"og:title\" content=\"Giahsa - Caso de \u00e9xito - Nexus Integra\" \/>\n<meta property=\"og:description\" content=\"Nexus Integra les permite supervisar procesos industriales a distancia a partir de la aplicaci\u00f3n Smart SCADA. Conoce todos los beneficios logrados.\" \/>\n<meta property=\"og:url\" content=\"https:\/\/nexusintegra.io\/es\/caso-exito-giahsa\/\" \/>\n<meta property=\"og:site_name\" content=\"Nexus Integra\" \/>\n<meta property=\"article:publisher\" content=\"https:\/\/www.facebook.com\/nexusintegra1\/\" \/>\n<meta property=\"article:modified_time\" content=\"2022-01-14T14:11:07+00:00\" \/>\n<meta property=\"og:image\" content=\"https:\/\/nexusintegra.io\/es\/wp-content\/uploads\/2021\/11\/nexus-integra-giahsa-header.jpg\" \/>\n\t<meta property=\"og:image:width\" content=\"1920\" \/>\n\t<meta property=\"og:image:height\" content=\"721\" \/>\n\t<meta property=\"og:image:type\" content=\"image\/jpeg\" \/>\n<meta name=\"twitter:card\" content=\"summary_large_image\" \/>\n<meta name=\"twitter:site\" content=\"@nexusintegra\" \/>\n<meta name=\"twitter:label1\" content=\"Tiempo de lectura\" \/>\n\t<meta name=\"twitter:data1\" content=\"1 minuto\" \/>\n<script type=\"application\/ld+json\" class=\"yoast-schema-graph\">{\"@context\":\"https:\/\/schema.org\",\"@graph\":[{\"@type\":\"WebPage\",\"@id\":\"https:\/\/nexusintegra.io\/es\/caso-exito-giahsa\/\",\"url\":\"https:\/\/nexusintegra.io\/es\/caso-exito-giahsa\/\",\"name\":\"Giahsa - Caso de \u00e9xito - Nexus Integra\",\"isPartOf\":{\"@id\":\"https:\/\/nexusintegra.io\/es\/#website\"},\"primaryImageOfPage\":{\"@id\":\"https:\/\/nexusintegra.io\/es\/caso-exito-giahsa\/#primaryimage\"},\"image\":{\"@id\":\"https:\/\/nexusintegra.io\/es\/caso-exito-giahsa\/#primaryimage\"},\"thumbnailUrl\":\"https:\/\/nexusintegra.io\/es\/wp-content\/uploads\/2021\/11\/nexus-integra-giahsa-header.jpg\",\"datePublished\":\"2021-11-08T15:12:47+00:00\",\"dateModified\":\"2022-01-14T14:11:07+00:00\",\"description\":\"Nexus Integra les permite supervisar procesos industriales a distancia a partir de la aplicaci\u00f3n Smart SCADA. Conoce todos los beneficios logrados.\",\"breadcrumb\":{\"@id\":\"https:\/\/nexusintegra.io\/es\/caso-exito-giahsa\/#breadcrumb\"},\"inLanguage\":\"es\",\"potentialAction\":[{\"@type\":\"ReadAction\",\"target\":[\"https:\/\/nexusintegra.io\/es\/caso-exito-giahsa\/\"]}]},{\"@type\":\"ImageObject\",\"inLanguage\":\"es\",\"@id\":\"https:\/\/nexusintegra.io\/es\/caso-exito-giahsa\/#primaryimage\",\"url\":\"https:\/\/nexusintegra.io\/es\/wp-content\/uploads\/2021\/11\/nexus-integra-giahsa-header.jpg\",\"contentUrl\":\"https:\/\/nexusintegra.io\/es\/wp-content\/uploads\/2021\/11\/nexus-integra-giahsa-header.jpg\",\"width\":1920,\"height\":721},{\"@type\":\"BreadcrumbList\",\"@id\":\"https:\/\/nexusintegra.io\/es\/caso-exito-giahsa\/#breadcrumb\",\"itemListElement\":[{\"@type\":\"ListItem\",\"position\":1,\"name\":\"Home\",\"item\":\"https:\/\/nexusintegra.io\/es\/\"},{\"@type\":\"ListItem\",\"position\":2,\"name\":\"Caso de \u00e9xito &#8211; Giahsa\"}]},{\"@type\":\"WebSite\",\"@id\":\"https:\/\/nexusintegra.io\/es\/#website\",\"url\":\"https:\/\/nexusintegra.io\/es\/\",\"name\":\"Nexus Integra\",\"description\":\"\",\"publisher\":{\"@id\":\"https:\/\/nexusintegra.io\/es\/#organization\"},\"potentialAction\":[{\"@type\":\"SearchAction\",\"target\":{\"@type\":\"EntryPoint\",\"urlTemplate\":\"https:\/\/nexusintegra.io\/es\/?s={search_term_string}\"},\"query-input\":{\"@type\":\"PropertyValueSpecification\",\"valueRequired\":true,\"valueName\":\"search_term_string\"}}],\"inLanguage\":\"es\"},{\"@type\":\"Organization\",\"@id\":\"https:\/\/nexusintegra.io\/es\/#organization\",\"name\":\"Nexus Integra\",\"url\":\"https:\/\/nexusintegra.io\/es\/\",\"logo\":{\"@type\":\"ImageObject\",\"inLanguage\":\"es\",\"@id\":\"https:\/\/nexusintegra.io\/es\/#\/schema\/logo\/image\/\",\"url\":\"https:\/\/nexusintegra.io\/es\/wp-content\/uploads\/2021\/10\/logo-nexus.svg\",\"contentUrl\":\"https:\/\/nexusintegra.io\/es\/wp-content\/uploads\/2021\/10\/logo-nexus.svg\",\"width\":\"1024\",\"height\":\"1024\",\"caption\":\"Nexus Integra\"},\"image\":{\"@id\":\"https:\/\/nexusintegra.io\/es\/#\/schema\/logo\/image\/\"},\"sameAs\":[\"https:\/\/www.facebook.com\/nexusintegra1\/\",\"https:\/\/x.com\/nexusintegra\",\"https:\/\/www.linkedin.com\/company\/nexusintegra\/\"]}]}<\/script>\n<!-- \/ Yoast SEO plugin. -->","yoast_head_json":{"title":"Giahsa - Caso de \u00e9xito - Nexus Integra","description":"Nexus Integra les permite supervisar procesos industriales a distancia a partir de la aplicaci\u00f3n Smart SCADA. Conoce todos los beneficios logrados.","robots":{"index":"index","follow":"follow","max-snippet":"max-snippet:-1","max-image-preview":"max-image-preview:large","max-video-preview":"max-video-preview:-1"},"canonical":"https:\/\/nexusintegra.io\/es\/caso-exito-giahsa\/","og_locale":"es_ES","og_type":"article","og_title":"Giahsa - Caso de \u00e9xito - Nexus Integra","og_description":"Nexus Integra les permite supervisar procesos industriales a distancia a partir de la aplicaci\u00f3n Smart SCADA. Conoce todos los beneficios logrados.","og_url":"https:\/\/nexusintegra.io\/es\/caso-exito-giahsa\/","og_site_name":"Nexus Integra","article_publisher":"https:\/\/www.facebook.com\/nexusintegra1\/","article_modified_time":"2022-01-14T14:11:07+00:00","og_image":[{"width":1920,"height":721,"url":"https:\/\/nexusintegra.io\/es\/wp-content\/uploads\/2021\/11\/nexus-integra-giahsa-header.jpg","type":"image\/jpeg"}],"twitter_card":"summary_large_image","twitter_site":"@nexusintegra","twitter_misc":{"Tiempo de lectura":"1 minuto"},"schema":{"@context":"https:\/\/schema.org","@graph":[{"@type":"WebPage","@id":"https:\/\/nexusintegra.io\/es\/caso-exito-giahsa\/","url":"https:\/\/nexusintegra.io\/es\/caso-exito-giahsa\/","name":"Giahsa - Caso de \u00e9xito - Nexus Integra","isPartOf":{"@id":"https:\/\/nexusintegra.io\/es\/#website"},"primaryImageOfPage":{"@id":"https:\/\/nexusintegra.io\/es\/caso-exito-giahsa\/#primaryimage"},"image":{"@id":"https:\/\/nexusintegra.io\/es\/caso-exito-giahsa\/#primaryimage"},"thumbnailUrl":"https:\/\/nexusintegra.io\/es\/wp-content\/uploads\/2021\/11\/nexus-integra-giahsa-header.jpg","datePublished":"2021-11-08T15:12:47+00:00","dateModified":"2022-01-14T14:11:07+00:00","description":"Nexus Integra les permite supervisar procesos industriales a distancia a partir de la aplicaci\u00f3n Smart SCADA. Conoce todos los beneficios logrados.","breadcrumb":{"@id":"https:\/\/nexusintegra.io\/es\/caso-exito-giahsa\/#breadcrumb"},"inLanguage":"es","potentialAction":[{"@type":"ReadAction","target":["https:\/\/nexusintegra.io\/es\/caso-exito-giahsa\/"]}]},{"@type":"ImageObject","inLanguage":"es","@id":"https:\/\/nexusintegra.io\/es\/caso-exito-giahsa\/#primaryimage","url":"https:\/\/nexusintegra.io\/es\/wp-content\/uploads\/2021\/11\/nexus-integra-giahsa-header.jpg","contentUrl":"https:\/\/nexusintegra.io\/es\/wp-content\/uploads\/2021\/11\/nexus-integra-giahsa-header.jpg","width":1920,"height":721},{"@type":"BreadcrumbList","@id":"https:\/\/nexusintegra.io\/es\/caso-exito-giahsa\/#breadcrumb","itemListElement":[{"@type":"ListItem","position":1,"name":"Home","item":"https:\/\/nexusintegra.io\/es\/"},{"@type":"ListItem","position":2,"name":"Caso de \u00e9xito &#8211; Giahsa"}]},{"@type":"WebSite","@id":"https:\/\/nexusintegra.io\/es\/#website","url":"https:\/\/nexusintegra.io\/es\/","name":"Nexus Integra","description":"","publisher":{"@id":"https:\/\/nexusintegra.io\/es\/#organization"},"potentialAction":[{"@type":"SearchAction","target":{"@type":"EntryPoint","urlTemplate":"https:\/\/nexusintegra.io\/es\/?s={search_term_string}"},"query-input":{"@type":"PropertyValueSpecification","valueRequired":true,"valueName":"search_term_string"}}],"inLanguage":"es"},{"@type":"Organization","@id":"https:\/\/nexusintegra.io\/es\/#organization","name":"Nexus Integra","url":"https:\/\/nexusintegra.io\/es\/","logo":{"@type":"ImageObject","inLanguage":"es","@id":"https:\/\/nexusintegra.io\/es\/#\/schema\/logo\/image\/","url":"https:\/\/nexusintegra.io\/es\/wp-content\/uploads\/2021\/10\/logo-nexus.svg","contentUrl":"https:\/\/nexusintegra.io\/es\/wp-content\/uploads\/2021\/10\/logo-nexus.svg","width":"1024","height":"1024","caption":"Nexus Integra"},"image":{"@id":"https:\/\/nexusintegra.io\/es\/#\/schema\/logo\/image\/"},"sameAs":["https:\/\/www.facebook.com\/nexusintegra1\/","https:\/\/x.com\/nexusintegra","https:\/\/www.linkedin.com\/company\/nexusintegra\/"]}]}},"_links":{"self":[{"href":"https:\/\/nexusintegra.io\/es\/wp-json\/wp\/v2\/pages\/1377","targetHints":{"allow":["GET"]}}],"collection":[{"href":"https:\/\/nexusintegra.io\/es\/wp-json\/wp\/v2\/pages"}],"about":[{"href":"https:\/\/nexusintegra.io\/es\/wp-json\/wp\/v2\/types\/page"}],"author":[{"embeddable":true,"href":"https:\/\/nexusintegra.io\/es\/wp-json\/wp\/v2\/users\/1"}],"replies":[{"embeddable":true,"href":"https:\/\/nexusintegra.io\/es\/wp-json\/wp\/v2\/comments?post=1377"}],"version-history":[{"count":7,"href":"https:\/\/nexusintegra.io\/es\/wp-json\/wp\/v2\/pages\/1377\/revisions"}],"predecessor-version":[{"id":2493,"href":"https:\/\/nexusintegra.io\/es\/wp-json\/wp\/v2\/pages\/1377\/revisions\/2493"}],"wp:featuredmedia":[{"embeddable":true,"href":"https:\/\/nexusintegra.io\/es\/wp-json\/wp\/v2\/media\/1385"}],"wp:attachment":[{"href":"https:\/\/nexusintegra.io\/es\/wp-json\/wp\/v2\/media?parent=1377"}],"curies":[{"name":"wp","href":"https:\/\/api.w.org\/{rel}","templated":true}]}}