{"id":1374,"date":"2021-11-08T15:09:29","date_gmt":"2021-11-08T15:09:29","guid":{"rendered":"http:\/\/dev.nexusintegra.io\/es\/?page_id=1374"},"modified":"2022-01-03T15:52:03","modified_gmt":"2022-01-03T15:52:03","slug":"sant-boit-llobregat-caso-de-exito","status":"publish","type":"page","link":"https:\/\/nexusintegra.io\/es\/sant-boit-llobregat-caso-de-exito\/","title":{"rendered":"Caso de \u00e9xito &#8211; Sant Boi de Llobregat"},"content":{"rendered":"\t<section class=\"section\" id=\"section_1765208428\">\n\t\t<div class=\"bg section-bg fill bg-fill  \" >\n\n\t\t\t\n\t\t\t\n\t\t\t\n\n\t\t<\/div>\n\n\t\t\n\n\t\t<div class=\"section-content relative\">\n\t\t\t\n<div class=\"row align-center\"  id=\"row-1010214438\">\n\n\t<div id=\"col-269696632\" class=\"col medium-7 small-12 large-5\"  >\n\t\t\t\t<div class=\"col-inner text-center dark\"  >\n\t\t\t\n\t\t\t\n\t<div class=\"img has-hover x md-x lg-x y md-y lg-y\" id=\"image_177051745\">\n\t\t\t\t\t\t\t\t<div class=\"img-inner dark\" >\n\t\t\t<img loading=\"lazy\" decoding=\"async\" width=\"1020\" height=\"1020\" src=\"https:\/\/nexusintegra.io\/es\/wp-content\/uploads\/2021\/10\/nexus-integra-logo-circular-tittle-home-1.svg\" class=\"attachment-large size-large\" alt=\"\" \/>\t\t\t\t\t\t\n\t\t\t\t\t<\/div>\n\t\t\t\t\t\t\t\t\n<style>\n#image_177051745 {\n  width: 15%;\n}\n@media (min-width:550px) {\n  #image_177051745 {\n    width: 8%;\n  }\n}\n<\/style>\n\t<\/div>\n\t\n<p class=\"lead\" style=\"margin-bottom:0;\"><strong>Caso de \u00e9xito<\/strong><\/p>\n\t<div id=\"gap-1201924094\" class=\"gap-element clearfix\" style=\"display:block; height:auto;\">\n\t\t\n<style>\n#gap-1201924094 {\n  padding-top: 10px;\n}\n<\/style>\n\t<\/div>\n\t\n<h1><span style=\"font-size: 130%;\">Sant Boi de Llobregat<\/span><\/h1>\n\t\t<\/div>\n\t\t\t\t\t<\/div>\n\n\t\n<\/div>\n\t\t<\/div>\n\n\t\t\n<style>\n#section_1765208428 {\n  padding-top: 30px;\n  padding-bottom: 30px;\n  min-height: 50vh;\n}\n#section_1765208428 .section-bg.bg-loaded {\n  background-image: url(https:\/\/nexusintegra.io\/es\/wp-content\/uploads\/2021\/11\/nexus-integra-sant-boi-header.jpg);\n}\n#section_1765208428 .section-bg {\n  background-position: 37% 89%;\n}\n#section_1765208428 .ux-shape-divider--top svg {\n  height: 150px;\n  --divider-top-width: 100%;\n}\n#section_1765208428 .ux-shape-divider--bottom svg {\n  height: 150px;\n  --divider-width: 100%;\n}\n<\/style>\n\t<\/section>\n\t\n\t<div id=\"gap-1057165536\" class=\"gap-element clearfix\" style=\"display:block; height:auto;\">\n\t\t\n<style>\n#gap-1057165536 {\n  padding-top: 75px;\n}\n<\/style>\n\t<\/div>\n\t\n<div class=\"row row-large align-center\"  id=\"row-2080874369\">\n\n\t<div id=\"col-1549437412\" class=\"col medium-10 small-12 large-7\"  >\n\t\t\t\t<div class=\"col-inner\"  >\n\t\t\t\n\t\t\t\n\t<div class=\"img has-hover x md-x lg-x y md-y lg-y\" id=\"image_865912737\">\n\t\t\t\t\t\t\t\t<div class=\"img-inner dark\" >\n\t\t\t<img loading=\"lazy\" decoding=\"async\" width=\"423\" height=\"60\" src=\"https:\/\/nexusintegra.io\/es\/wp-content\/uploads\/2021\/11\/logo-sant-boi.png\" class=\"attachment-original size-original\" alt=\"\" srcset=\"https:\/\/nexusintegra.io\/es\/wp-content\/uploads\/2021\/11\/logo-sant-boi.png 423w, https:\/\/nexusintegra.io\/es\/wp-content\/uploads\/2021\/11\/logo-sant-boi-300x43.png 300w\" sizes=\"auto, (max-width: 423px) 100vw, 423px\" \/>\t\t\t\t\t\t\n\t\t\t\t\t<\/div>\n\t\t\t\t\t\t\t\t\n<style>\n#image_865912737 {\n  width: 85%;\n}\n@media (min-width:550px) {\n  #image_865912737 {\n    width: 55%;\n  }\n}\n@media (min-width:850px) {\n  #image_865912737 {\n    width: 45%;\n  }\n}\n<\/style>\n\t<\/div>\n\t\n<p>El principal reto que afrontaba el <strong>Ayuntamiento de Sant Boi de Llobregat<\/strong> es convertirse en referente como ciudad metropolitana <strong>sostenible<\/strong>, <strong>saludable<\/strong>, <strong>cohesionada<\/strong> e <strong>inteligente<\/strong>.<\/p>\n<p>Nexus Integra ha proporcionado una soluci\u00f3n de operaciones que les permite integrar y gestionar de manera centralizada diferentes las soluciones existentes y los datos de medidas de calidad del aire, producci\u00f3n fotovoltaica y gesti\u00f3n energ\u00e9tica de edificios principalmente en el \u00e1rea industrial que tiene gran peso en la vida del municipio.<\/p>\n\t<div id=\"gap-1229350919\" class=\"gap-element clearfix\" style=\"display:block; height:auto;\">\n\t\t\n<style>\n#gap-1229350919 {\n  padding-top: 25px;\n}\n<\/style>\n\t<\/div>\n\t\n<p class=\"lead\"><span style=\"color: #2875e9;\">Algunos de los beneficios logrados:<\/span><\/p>\n<ul class=\"check-bullets\">\n<li>Entorno de operaciones de la ciudad centralizado.<\/li>\n<li>Interoperabilidad entre todas las aplicaciones existentes en el ayuntamiento.<\/li>\n<li><span class=\"list-content\">Escalabilidad en la gesti\u00f3n eficiente y sostenible de los activos del municipio.<\/span><\/li>\n<li><span class=\"list-content\">Gestor integral de alarmas y notificaciones a todos los agentes de la ciudad.<\/span><\/li>\n<li><span class=\"list-content\">Gesti\u00f3n y operativa en tiempo real de los diferentes servicios municipales y activos de la ciudad.<\/span><\/li>\n<\/ul>\n\t<div id=\"gap-411888180\" class=\"gap-element clearfix\" style=\"display:block; height:auto;\">\n\t\t\n<style>\n#gap-411888180 {\n  padding-top: 35px;\n}\n<\/style>\n\t<\/div>\n\t\n\t\t<\/div>\n\t\t\t\t\t<\/div>\n\n\t\n\n\t<div id=\"col-811358955\" class=\"col shadowed-col rounded-border-10 medium-10 small-12 large-5\"  >\n\t\t\t\t<div class=\"col-inner\"  >\n\t\t\t\n\t\t\t\n<p class=\"lead\" style=\"margin-bottom:0\"><span style=\"color: #2875e9;\">Rellena el formulario para acceder al caso de \u00e9xito completo:<\/span><\/p>\n\n<p><script charset=\"utf-8\" type=\"text\/javascript\" src=\"\/\/js.hsforms.net\/forms\/shell.js\"><\/script><br \/>\n<script>\n  hbspt.forms.create({\n\tregion: \"na1\",\n\tportalId: \"5762261\",\n\tformId: \"aebf12c5-dc28-4bf5-aec3-ec9b558b5140\"\n});\n<\/script><br \/>\n\n\t\t<\/div>\n\t\t\t\t\n<style>\n#col-811358955 > .col-inner {\n  padding: 25px 20px 0px 20px;\n}\n@media (min-width:550px) {\n  #col-811358955 > .col-inner {\n    padding: 50px 50px 0px 50px;\n  }\n}\n<\/style>\n\t<\/div>\n\n\t\n<\/div>\n\t<div id=\"gap-1803241493\" class=\"gap-element clearfix\" style=\"display:block; height:auto;\">\n\t\t\n<style>\n#gap-1803241493 {\n  padding-top: 50px;\n}\n<\/style>\n\t<\/div>\n\t\n","protected":false},"excerpt":{"rendered":"","protected":false},"author":1,"featured_media":1680,"parent":0,"menu_order":0,"comment_status":"closed","ping_status":"closed","template":"page-blank.php","meta":{"_acf_changed":false,"inline_featured_image":false,"footnotes":""},"class_list":["post-1374","page","type-page","status-publish","has-post-thumbnail","hentry"],"acf":[],"yoast_head":"<!-- This site is optimized with the Yoast SEO plugin v26.4 - https:\/\/yoast.com\/wordpress\/plugins\/seo\/ -->\n<title>Caso de \u00e9xito - Sant Boi de Llobregat | Nexus Integra<\/title>\n<meta name=\"robots\" content=\"index, follow, max-snippet:-1, max-image-preview:large, max-video-preview:-1\" \/>\n<link rel=\"canonical\" href=\"https:\/\/nexusintegra.io\/es\/sant-boit-llobregat-caso-de-exito\/\" \/>\n<meta property=\"og:locale\" content=\"es_ES\" \/>\n<meta property=\"og:type\" content=\"article\" \/>\n<meta property=\"og:title\" content=\"Caso de \u00e9xito - Sant Boi de Llobregat | Nexus Integra\" \/>\n<meta property=\"og:url\" content=\"https:\/\/nexusintegra.io\/es\/sant-boit-llobregat-caso-de-exito\/\" \/>\n<meta property=\"og:site_name\" content=\"Nexus Integra\" \/>\n<meta property=\"article:publisher\" content=\"https:\/\/www.facebook.com\/nexusintegra1\/\" \/>\n<meta property=\"article:modified_time\" content=\"2022-01-03T15:52:03+00:00\" \/>\n<meta property=\"og:image\" content=\"https:\/\/nexusintegra.io\/es\/wp-content\/uploads\/2021\/11\/img-banner-santboi.jpg\" \/>\n\t<meta property=\"og:image:width\" content=\"1024\" \/>\n\t<meta property=\"og:image:height\" content=\"683\" \/>\n\t<meta property=\"og:image:type\" content=\"image\/jpeg\" \/>\n<meta name=\"twitter:card\" content=\"summary_large_image\" \/>\n<meta name=\"twitter:site\" content=\"@nexusintegra\" \/>\n<meta name=\"twitter:label1\" content=\"Tiempo de lectura\" \/>\n\t<meta name=\"twitter:data1\" content=\"1 minuto\" \/>\n<script type=\"application\/ld+json\" class=\"yoast-schema-graph\">{\"@context\":\"https:\/\/schema.org\",\"@graph\":[{\"@type\":\"WebPage\",\"@id\":\"https:\/\/nexusintegra.io\/es\/sant-boit-llobregat-caso-de-exito\/\",\"url\":\"https:\/\/nexusintegra.io\/es\/sant-boit-llobregat-caso-de-exito\/\",\"name\":\"Caso de \u00e9xito - Sant Boi de Llobregat | Nexus Integra\",\"isPartOf\":{\"@id\":\"https:\/\/nexusintegra.io\/es\/#website\"},\"primaryImageOfPage\":{\"@id\":\"https:\/\/nexusintegra.io\/es\/sant-boit-llobregat-caso-de-exito\/#primaryimage\"},\"image\":{\"@id\":\"https:\/\/nexusintegra.io\/es\/sant-boit-llobregat-caso-de-exito\/#primaryimage\"},\"thumbnailUrl\":\"https:\/\/nexusintegra.io\/es\/wp-content\/uploads\/2021\/11\/img-banner-santboi.jpg\",\"datePublished\":\"2021-11-08T15:09:29+00:00\",\"dateModified\":\"2022-01-03T15:52:03+00:00\",\"breadcrumb\":{\"@id\":\"https:\/\/nexusintegra.io\/es\/sant-boit-llobregat-caso-de-exito\/#breadcrumb\"},\"inLanguage\":\"es\",\"potentialAction\":[{\"@type\":\"ReadAction\",\"target\":[\"https:\/\/nexusintegra.io\/es\/sant-boit-llobregat-caso-de-exito\/\"]}]},{\"@type\":\"ImageObject\",\"inLanguage\":\"es\",\"@id\":\"https:\/\/nexusintegra.io\/es\/sant-boit-llobregat-caso-de-exito\/#primaryimage\",\"url\":\"https:\/\/nexusintegra.io\/es\/wp-content\/uploads\/2021\/11\/img-banner-santboi.jpg\",\"contentUrl\":\"https:\/\/nexusintegra.io\/es\/wp-content\/uploads\/2021\/11\/img-banner-santboi.jpg\",\"width\":1024,\"height\":683},{\"@type\":\"BreadcrumbList\",\"@id\":\"https:\/\/nexusintegra.io\/es\/sant-boit-llobregat-caso-de-exito\/#breadcrumb\",\"itemListElement\":[{\"@type\":\"ListItem\",\"position\":1,\"name\":\"Home\",\"item\":\"https:\/\/nexusintegra.io\/es\/\"},{\"@type\":\"ListItem\",\"position\":2,\"name\":\"Caso de \u00e9xito &#8211; Sant Boi de Llobregat\"}]},{\"@type\":\"WebSite\",\"@id\":\"https:\/\/nexusintegra.io\/es\/#website\",\"url\":\"https:\/\/nexusintegra.io\/es\/\",\"name\":\"Nexus Integra\",\"description\":\"\",\"publisher\":{\"@id\":\"https:\/\/nexusintegra.io\/es\/#organization\"},\"potentialAction\":[{\"@type\":\"SearchAction\",\"target\":{\"@type\":\"EntryPoint\",\"urlTemplate\":\"https:\/\/nexusintegra.io\/es\/?s={search_term_string}\"},\"query-input\":{\"@type\":\"PropertyValueSpecification\",\"valueRequired\":true,\"valueName\":\"search_term_string\"}}],\"inLanguage\":\"es\"},{\"@type\":\"Organization\",\"@id\":\"https:\/\/nexusintegra.io\/es\/#organization\",\"name\":\"Nexus Integra\",\"url\":\"https:\/\/nexusintegra.io\/es\/\",\"logo\":{\"@type\":\"ImageObject\",\"inLanguage\":\"es\",\"@id\":\"https:\/\/nexusintegra.io\/es\/#\/schema\/logo\/image\/\",\"url\":\"https:\/\/nexusintegra.io\/es\/wp-content\/uploads\/2021\/10\/logo-nexus.svg\",\"contentUrl\":\"https:\/\/nexusintegra.io\/es\/wp-content\/uploads\/2021\/10\/logo-nexus.svg\",\"width\":\"1024\",\"height\":\"1024\",\"caption\":\"Nexus Integra\"},\"image\":{\"@id\":\"https:\/\/nexusintegra.io\/es\/#\/schema\/logo\/image\/\"},\"sameAs\":[\"https:\/\/www.facebook.com\/nexusintegra1\/\",\"https:\/\/x.com\/nexusintegra\",\"https:\/\/www.linkedin.com\/company\/nexusintegra\/\"]}]}<\/script>\n<!-- \/ Yoast SEO plugin. -->","yoast_head_json":{"title":"Caso de \u00e9xito - Sant Boi de Llobregat | Nexus Integra","robots":{"index":"index","follow":"follow","max-snippet":"max-snippet:-1","max-image-preview":"max-image-preview:large","max-video-preview":"max-video-preview:-1"},"canonical":"https:\/\/nexusintegra.io\/es\/sant-boit-llobregat-caso-de-exito\/","og_locale":"es_ES","og_type":"article","og_title":"Caso de \u00e9xito - Sant Boi de Llobregat | Nexus Integra","og_url":"https:\/\/nexusintegra.io\/es\/sant-boit-llobregat-caso-de-exito\/","og_site_name":"Nexus Integra","article_publisher":"https:\/\/www.facebook.com\/nexusintegra1\/","article_modified_time":"2022-01-03T15:52:03+00:00","og_image":[{"width":1024,"height":683,"url":"https:\/\/nexusintegra.io\/es\/wp-content\/uploads\/2021\/11\/img-banner-santboi.jpg","type":"image\/jpeg"}],"twitter_card":"summary_large_image","twitter_site":"@nexusintegra","twitter_misc":{"Tiempo de lectura":"1 minuto"},"schema":{"@context":"https:\/\/schema.org","@graph":[{"@type":"WebPage","@id":"https:\/\/nexusintegra.io\/es\/sant-boit-llobregat-caso-de-exito\/","url":"https:\/\/nexusintegra.io\/es\/sant-boit-llobregat-caso-de-exito\/","name":"Caso de \u00e9xito - Sant Boi de Llobregat | Nexus Integra","isPartOf":{"@id":"https:\/\/nexusintegra.io\/es\/#website"},"primaryImageOfPage":{"@id":"https:\/\/nexusintegra.io\/es\/sant-boit-llobregat-caso-de-exito\/#primaryimage"},"image":{"@id":"https:\/\/nexusintegra.io\/es\/sant-boit-llobregat-caso-de-exito\/#primaryimage"},"thumbnailUrl":"https:\/\/nexusintegra.io\/es\/wp-content\/uploads\/2021\/11\/img-banner-santboi.jpg","datePublished":"2021-11-08T15:09:29+00:00","dateModified":"2022-01-03T15:52:03+00:00","breadcrumb":{"@id":"https:\/\/nexusintegra.io\/es\/sant-boit-llobregat-caso-de-exito\/#breadcrumb"},"inLanguage":"es","potentialAction":[{"@type":"ReadAction","target":["https:\/\/nexusintegra.io\/es\/sant-boit-llobregat-caso-de-exito\/"]}]},{"@type":"ImageObject","inLanguage":"es","@id":"https:\/\/nexusintegra.io\/es\/sant-boit-llobregat-caso-de-exito\/#primaryimage","url":"https:\/\/nexusintegra.io\/es\/wp-content\/uploads\/2021\/11\/img-banner-santboi.jpg","contentUrl":"https:\/\/nexusintegra.io\/es\/wp-content\/uploads\/2021\/11\/img-banner-santboi.jpg","width":1024,"height":683},{"@type":"BreadcrumbList","@id":"https:\/\/nexusintegra.io\/es\/sant-boit-llobregat-caso-de-exito\/#breadcrumb","itemListElement":[{"@type":"ListItem","position":1,"name":"Home","item":"https:\/\/nexusintegra.io\/es\/"},{"@type":"ListItem","position":2,"name":"Caso de \u00e9xito &#8211; Sant Boi de Llobregat"}]},{"@type":"WebSite","@id":"https:\/\/nexusintegra.io\/es\/#website","url":"https:\/\/nexusintegra.io\/es\/","name":"Nexus Integra","description":"","publisher":{"@id":"https:\/\/nexusintegra.io\/es\/#organization"},"potentialAction":[{"@type":"SearchAction","target":{"@type":"EntryPoint","urlTemplate":"https:\/\/nexusintegra.io\/es\/?s={search_term_string}"},"query-input":{"@type":"PropertyValueSpecification","valueRequired":true,"valueName":"search_term_string"}}],"inLanguage":"es"},{"@type":"Organization","@id":"https:\/\/nexusintegra.io\/es\/#organization","name":"Nexus Integra","url":"https:\/\/nexusintegra.io\/es\/","logo":{"@type":"ImageObject","inLanguage":"es","@id":"https:\/\/nexusintegra.io\/es\/#\/schema\/logo\/image\/","url":"https:\/\/nexusintegra.io\/es\/wp-content\/uploads\/2021\/10\/logo-nexus.svg","contentUrl":"https:\/\/nexusintegra.io\/es\/wp-content\/uploads\/2021\/10\/logo-nexus.svg","width":"1024","height":"1024","caption":"Nexus Integra"},"image":{"@id":"https:\/\/nexusintegra.io\/es\/#\/schema\/logo\/image\/"},"sameAs":["https:\/\/www.facebook.com\/nexusintegra1\/","https:\/\/x.com\/nexusintegra","https:\/\/www.linkedin.com\/company\/nexusintegra\/"]}]}},"_links":{"self":[{"href":"https:\/\/nexusintegra.io\/es\/wp-json\/wp\/v2\/pages\/1374","targetHints":{"allow":["GET"]}}],"collection":[{"href":"https:\/\/nexusintegra.io\/es\/wp-json\/wp\/v2\/pages"}],"about":[{"href":"https:\/\/nexusintegra.io\/es\/wp-json\/wp\/v2\/types\/page"}],"author":[{"embeddable":true,"href":"https:\/\/nexusintegra.io\/es\/wp-json\/wp\/v2\/users\/1"}],"replies":[{"embeddable":true,"href":"https:\/\/nexusintegra.io\/es\/wp-json\/wp\/v2\/comments?post=1374"}],"version-history":[{"count":4,"href":"https:\/\/nexusintegra.io\/es\/wp-json\/wp\/v2\/pages\/1374\/revisions"}],"predecessor-version":[{"id":1428,"href":"https:\/\/nexusintegra.io\/es\/wp-json\/wp\/v2\/pages\/1374\/revisions\/1428"}],"wp:featuredmedia":[{"embeddable":true,"href":"https:\/\/nexusintegra.io\/es\/wp-json\/wp\/v2\/media\/1680"}],"wp:attachment":[{"href":"https:\/\/nexusintegra.io\/es\/wp-json\/wp\/v2\/media?parent=1374"}],"curies":[{"name":"wp","href":"https:\/\/api.w.org\/{rel}","templated":true}]}}