{"id":1371,"date":"2021-11-08T15:06:10","date_gmt":"2021-11-08T15:06:10","guid":{"rendered":"http:\/\/dev.nexusintegra.io\/es\/?page_id=1371"},"modified":"2022-06-28T18:13:59","modified_gmt":"2022-06-28T17:13:59","slug":"global-omnium-caso-exito","status":"publish","type":"page","link":"https:\/\/nexusintegra.io\/es\/global-omnium-caso-exito\/","title":{"rendered":"Caso de \u00e9xito &#8211; Global Omnium"},"content":{"rendered":"\t<section class=\"section\" id=\"section_787147305\">\n\t\t<div class=\"bg section-bg fill bg-fill  \" >\n\n\t\t\t\n\t\t\t\n\t\t\t\n\n\t\t<\/div>\n\n\t\t\n\n\t\t<div class=\"section-content relative\">\n\t\t\t\n<div class=\"row align-center\"  id=\"row-2072633986\">\n\n\t<div id=\"col-972641961\" class=\"col medium-7 small-12 large-5\"  >\n\t\t\t\t<div class=\"col-inner text-center dark\"  >\n\t\t\t\n\t\t\t\n\t<div class=\"img has-hover x md-x lg-x y md-y lg-y\" id=\"image_1823161660\">\n\t\t\t\t\t\t\t\t<div class=\"img-inner dark\" >\n\t\t\t<img loading=\"lazy\" decoding=\"async\" width=\"1020\" height=\"1020\" src=\"https:\/\/nexusintegra.io\/es\/wp-content\/uploads\/2021\/10\/nexus-integra-logo-circular-tittle-home-1.svg\" class=\"attachment-large size-large\" alt=\"\" \/>\t\t\t\t\t\t\n\t\t\t\t\t<\/div>\n\t\t\t\t\t\t\t\t\n<style>\n#image_1823161660 {\n  width: 15%;\n}\n@media (min-width:550px) {\n  #image_1823161660 {\n    width: 8%;\n  }\n}\n<\/style>\n\t<\/div>\n\t\n<p class=\"lead\" style=\"margin-bottom:0;\"><strong>Caso de \u00e9xito<\/strong><\/p>\n\t<div id=\"gap-1327961885\" class=\"gap-element clearfix\" style=\"display:block; height:auto;\">\n\t\t\n<style>\n#gap-1327961885 {\n  padding-top: 10px;\n}\n<\/style>\n\t<\/div>\n\t\n<h1><span style=\"font-size: 130%;\">Global Omnium<\/span><\/h1>\n\t\t<\/div>\n\t\t\t\t\t<\/div>\n\n\t\n<\/div>\n\t\t<\/div>\n\n\t\t\n<style>\n#section_787147305 {\n  padding-top: 30px;\n  padding-bottom: 30px;\n  min-height: 50vh;\n}\n#section_787147305 .section-bg.bg-loaded {\n  background-image: url(https:\/\/nexusintegra.io\/es\/wp-content\/uploads\/2021\/11\/nexus-integra-globalomnium-header.jpg);\n}\n#section_787147305 .section-bg {\n  background-position: 37% 89%;\n}\n#section_787147305 .ux-shape-divider--top svg {\n  height: 150px;\n  --divider-top-width: 100%;\n}\n#section_787147305 .ux-shape-divider--bottom svg {\n  height: 150px;\n  --divider-width: 100%;\n}\n<\/style>\n\t<\/section>\n\t\n\t<div id=\"gap-561612106\" class=\"gap-element clearfix\" style=\"display:block; height:auto;\">\n\t\t\n<style>\n#gap-561612106 {\n  padding-top: 75px;\n}\n<\/style>\n\t<\/div>\n\t\n<div class=\"row row-large align-center\"  id=\"row-1817198114\">\n\n\t<div id=\"col-1699139409\" class=\"col medium-10 small-12 large-7\"  >\n\t\t\t\t<div class=\"col-inner\"  >\n\t\t\t\n\t\t\t\n\t<div class=\"img has-hover x md-x lg-x y md-y lg-y\" id=\"image_2055302328\">\n\t\t\t\t\t\t\t\t<div class=\"img-inner dark\" >\n\t\t\t<img loading=\"lazy\" decoding=\"async\" width=\"420\" height=\"74\" src=\"https:\/\/nexusintegra.io\/es\/wp-content\/uploads\/2021\/11\/logo-globalomnium.png\" class=\"attachment-original size-original\" alt=\"\" srcset=\"https:\/\/nexusintegra.io\/es\/wp-content\/uploads\/2021\/11\/logo-globalomnium.png 420w, https:\/\/nexusintegra.io\/es\/wp-content\/uploads\/2021\/11\/logo-globalomnium-300x53.png 300w\" sizes=\"auto, (max-width: 420px) 100vw, 420px\" \/>\t\t\t\t\t\t\n\t\t\t\t\t<\/div>\n\t\t\t\t\t\t\t\t\n<style>\n#image_2055302328 {\n  width: 85%;\n}\n@media (min-width:550px) {\n  #image_2055302328 {\n    width: 55%;\n  }\n}\n@media (min-width:850px) {\n  #image_2055302328 {\n    width: 45%;\n  }\n}\n<\/style>\n\t<\/div>\n\t\n<p><strong>Global Omnium<\/strong>, la segunda mayor empresa privada espa\u00f1ola de servicios p\u00fablicos de agua, quer\u00eda automatizar la explotaci\u00f3n de reservas en la industria del agua, pero se enfrentaba a dos problemas principales: la dispersi\u00f3n geogr\u00e1fica de sus activos y la falta de integraci\u00f3n entre las soluciones tecnol\u00f3gicas utilizadas para su explotaci\u00f3n<\/p>\n<p>Afortunadamente, la plataforma de Nexus Integra les ha permitido transformar con \u00e9xito la gesti\u00f3n de operaciones.<\/p>\n\t<div id=\"gap-1803969672\" class=\"gap-element clearfix\" style=\"display:block; height:auto;\">\n\t\t\n<style>\n#gap-1803969672 {\n  padding-top: 25px;\n}\n<\/style>\n\t<\/div>\n\t\n<p class=\"lead\"><span style=\"color: #2875e9;\">Algunos de los beneficios logrados:<\/span><\/p>\n<ul class=\"check-bullets\">\n<li>Sistemas de monitoreo de procesos.<\/li>\n<li>Mejora de la eficiencia.<\/li>\n<li>Ahorro de 1M de \u20ac en consumo de energ\u00eda.<\/li>\n<\/ul>\n\t<div id=\"gap-971055067\" class=\"gap-element clearfix\" style=\"display:block; height:auto;\">\n\t\t\n<style>\n#gap-971055067 {\n  padding-top: 35px;\n}\n<\/style>\n\t<\/div>\n\t\n\t\t<\/div>\n\t\t\t\t\t<\/div>\n\n\t\n\n\t<div id=\"col-702079391\" class=\"col shadowed-col rounded-border-10 medium-10 small-12 large-5\"  >\n\t\t\t\t<div class=\"col-inner\"  >\n\t\t\t\n\t\t\t\n<p class=\"lead\" style=\"margin-bottom:0\"><span style=\"color: #2875e9;\">Rellena el formulario para acceder al caso de \u00e9xito completo:<\/span><\/p>\n\n<p><script charset=\"utf-8\" type=\"text\/javascript\" src=\"\/\/js.hsforms.net\/forms\/v2.js\"><\/script><br \/>\n<script>\n  hbspt.forms.create({\n    region: \"na1\",\n    portalId: \"5762261\",\n    formId: \"bc33a89b-3a97-430a-83bc-5d4b415cd508\"\n  });\n<\/script><br \/>\n\n\t\t<\/div>\n\t\t\t\t\n<style>\n#col-702079391 > .col-inner {\n  padding: 25px 20px 0px 20px;\n}\n@media (min-width:550px) {\n  #col-702079391 > .col-inner {\n    padding: 50px 50px 0px 50px;\n  }\n}\n<\/style>\n\t<\/div>\n\n\t\n<\/div>\n\t<div id=\"gap-682782027\" class=\"gap-element clearfix\" style=\"display:block; height:auto;\">\n\t\t\n<style>\n#gap-682782027 {\n  padding-top: 50px;\n}\n<\/style>\n\t<\/div>\n\t\n","protected":false},"excerpt":{"rendered":"","protected":false},"author":1,"featured_media":1389,"parent":0,"menu_order":0,"comment_status":"closed","ping_status":"closed","template":"page-blank.php","meta":{"_acf_changed":false,"inline_featured_image":false,"footnotes":""},"class_list":["post-1371","page","type-page","status-publish","has-post-thumbnail","hentry"],"acf":[],"yoast_head":"<!-- This site is optimized with the Yoast SEO plugin v26.4 - https:\/\/yoast.com\/wordpress\/plugins\/seo\/ -->\n<title>Caso de \u00e9xito - Global Omnium | Nexus Integra<\/title>\n<meta name=\"robots\" content=\"index, follow, max-snippet:-1, max-image-preview:large, max-video-preview:-1\" \/>\n<link rel=\"canonical\" href=\"https:\/\/nexusintegra.io\/es\/global-omnium-caso-exito\/\" \/>\n<meta property=\"og:locale\" content=\"es_ES\" \/>\n<meta property=\"og:type\" content=\"article\" \/>\n<meta property=\"og:title\" content=\"Caso de \u00e9xito - Global Omnium | Nexus Integra\" \/>\n<meta property=\"og:url\" content=\"https:\/\/nexusintegra.io\/es\/global-omnium-caso-exito\/\" \/>\n<meta property=\"og:site_name\" content=\"Nexus Integra\" \/>\n<meta property=\"article:publisher\" content=\"https:\/\/www.facebook.com\/nexusintegra1\/\" \/>\n<meta property=\"article:modified_time\" content=\"2022-06-28T17:13:59+00:00\" \/>\n<meta property=\"og:image\" content=\"https:\/\/nexusintegra.io\/es\/wp-content\/uploads\/2021\/11\/nexus-integra-globalomnium-header.jpg\" \/>\n\t<meta property=\"og:image:width\" content=\"1920\" \/>\n\t<meta property=\"og:image:height\" content=\"721\" \/>\n\t<meta property=\"og:image:type\" content=\"image\/jpeg\" \/>\n<meta name=\"twitter:card\" content=\"summary_large_image\" \/>\n<meta name=\"twitter:site\" content=\"@nexusintegra\" \/>\n<meta name=\"twitter:label1\" content=\"Tiempo de lectura\" \/>\n\t<meta name=\"twitter:data1\" content=\"1 minuto\" \/>\n<script type=\"application\/ld+json\" class=\"yoast-schema-graph\">{\"@context\":\"https:\/\/schema.org\",\"@graph\":[{\"@type\":\"WebPage\",\"@id\":\"https:\/\/nexusintegra.io\/es\/global-omnium-caso-exito\/\",\"url\":\"https:\/\/nexusintegra.io\/es\/global-omnium-caso-exito\/\",\"name\":\"Caso de \u00e9xito - Global Omnium | Nexus Integra\",\"isPartOf\":{\"@id\":\"https:\/\/nexusintegra.io\/es\/#website\"},\"primaryImageOfPage\":{\"@id\":\"https:\/\/nexusintegra.io\/es\/global-omnium-caso-exito\/#primaryimage\"},\"image\":{\"@id\":\"https:\/\/nexusintegra.io\/es\/global-omnium-caso-exito\/#primaryimage\"},\"thumbnailUrl\":\"https:\/\/nexusintegra.io\/es\/wp-content\/uploads\/2021\/11\/nexus-integra-globalomnium-header.jpg\",\"datePublished\":\"2021-11-08T15:06:10+00:00\",\"dateModified\":\"2022-06-28T17:13:59+00:00\",\"breadcrumb\":{\"@id\":\"https:\/\/nexusintegra.io\/es\/global-omnium-caso-exito\/#breadcrumb\"},\"inLanguage\":\"es\",\"potentialAction\":[{\"@type\":\"ReadAction\",\"target\":[\"https:\/\/nexusintegra.io\/es\/global-omnium-caso-exito\/\"]}]},{\"@type\":\"ImageObject\",\"inLanguage\":\"es\",\"@id\":\"https:\/\/nexusintegra.io\/es\/global-omnium-caso-exito\/#primaryimage\",\"url\":\"https:\/\/nexusintegra.io\/es\/wp-content\/uploads\/2021\/11\/nexus-integra-globalomnium-header.jpg\",\"contentUrl\":\"https:\/\/nexusintegra.io\/es\/wp-content\/uploads\/2021\/11\/nexus-integra-globalomnium-header.jpg\",\"width\":1920,\"height\":721},{\"@type\":\"BreadcrumbList\",\"@id\":\"https:\/\/nexusintegra.io\/es\/global-omnium-caso-exito\/#breadcrumb\",\"itemListElement\":[{\"@type\":\"ListItem\",\"position\":1,\"name\":\"Home\",\"item\":\"https:\/\/nexusintegra.io\/es\/\"},{\"@type\":\"ListItem\",\"position\":2,\"name\":\"Caso de \u00e9xito &#8211; Global Omnium\"}]},{\"@type\":\"WebSite\",\"@id\":\"https:\/\/nexusintegra.io\/es\/#website\",\"url\":\"https:\/\/nexusintegra.io\/es\/\",\"name\":\"Nexus Integra\",\"description\":\"\",\"publisher\":{\"@id\":\"https:\/\/nexusintegra.io\/es\/#organization\"},\"potentialAction\":[{\"@type\":\"SearchAction\",\"target\":{\"@type\":\"EntryPoint\",\"urlTemplate\":\"https:\/\/nexusintegra.io\/es\/?s={search_term_string}\"},\"query-input\":{\"@type\":\"PropertyValueSpecification\",\"valueRequired\":true,\"valueName\":\"search_term_string\"}}],\"inLanguage\":\"es\"},{\"@type\":\"Organization\",\"@id\":\"https:\/\/nexusintegra.io\/es\/#organization\",\"name\":\"Nexus Integra\",\"url\":\"https:\/\/nexusintegra.io\/es\/\",\"logo\":{\"@type\":\"ImageObject\",\"inLanguage\":\"es\",\"@id\":\"https:\/\/nexusintegra.io\/es\/#\/schema\/logo\/image\/\",\"url\":\"https:\/\/nexusintegra.io\/es\/wp-content\/uploads\/2021\/10\/logo-nexus.svg\",\"contentUrl\":\"https:\/\/nexusintegra.io\/es\/wp-content\/uploads\/2021\/10\/logo-nexus.svg\",\"width\":\"1024\",\"height\":\"1024\",\"caption\":\"Nexus Integra\"},\"image\":{\"@id\":\"https:\/\/nexusintegra.io\/es\/#\/schema\/logo\/image\/\"},\"sameAs\":[\"https:\/\/www.facebook.com\/nexusintegra1\/\",\"https:\/\/x.com\/nexusintegra\",\"https:\/\/www.linkedin.com\/company\/nexusintegra\/\"]}]}<\/script>\n<!-- \/ Yoast SEO plugin. -->","yoast_head_json":{"title":"Caso de \u00e9xito - Global Omnium | Nexus Integra","robots":{"index":"index","follow":"follow","max-snippet":"max-snippet:-1","max-image-preview":"max-image-preview:large","max-video-preview":"max-video-preview:-1"},"canonical":"https:\/\/nexusintegra.io\/es\/global-omnium-caso-exito\/","og_locale":"es_ES","og_type":"article","og_title":"Caso de \u00e9xito - Global Omnium | Nexus Integra","og_url":"https:\/\/nexusintegra.io\/es\/global-omnium-caso-exito\/","og_site_name":"Nexus Integra","article_publisher":"https:\/\/www.facebook.com\/nexusintegra1\/","article_modified_time":"2022-06-28T17:13:59+00:00","og_image":[{"width":1920,"height":721,"url":"https:\/\/nexusintegra.io\/es\/wp-content\/uploads\/2021\/11\/nexus-integra-globalomnium-header.jpg","type":"image\/jpeg"}],"twitter_card":"summary_large_image","twitter_site":"@nexusintegra","twitter_misc":{"Tiempo de lectura":"1 minuto"},"schema":{"@context":"https:\/\/schema.org","@graph":[{"@type":"WebPage","@id":"https:\/\/nexusintegra.io\/es\/global-omnium-caso-exito\/","url":"https:\/\/nexusintegra.io\/es\/global-omnium-caso-exito\/","name":"Caso de \u00e9xito - Global Omnium | Nexus Integra","isPartOf":{"@id":"https:\/\/nexusintegra.io\/es\/#website"},"primaryImageOfPage":{"@id":"https:\/\/nexusintegra.io\/es\/global-omnium-caso-exito\/#primaryimage"},"image":{"@id":"https:\/\/nexusintegra.io\/es\/global-omnium-caso-exito\/#primaryimage"},"thumbnailUrl":"https:\/\/nexusintegra.io\/es\/wp-content\/uploads\/2021\/11\/nexus-integra-globalomnium-header.jpg","datePublished":"2021-11-08T15:06:10+00:00","dateModified":"2022-06-28T17:13:59+00:00","breadcrumb":{"@id":"https:\/\/nexusintegra.io\/es\/global-omnium-caso-exito\/#breadcrumb"},"inLanguage":"es","potentialAction":[{"@type":"ReadAction","target":["https:\/\/nexusintegra.io\/es\/global-omnium-caso-exito\/"]}]},{"@type":"ImageObject","inLanguage":"es","@id":"https:\/\/nexusintegra.io\/es\/global-omnium-caso-exito\/#primaryimage","url":"https:\/\/nexusintegra.io\/es\/wp-content\/uploads\/2021\/11\/nexus-integra-globalomnium-header.jpg","contentUrl":"https:\/\/nexusintegra.io\/es\/wp-content\/uploads\/2021\/11\/nexus-integra-globalomnium-header.jpg","width":1920,"height":721},{"@type":"BreadcrumbList","@id":"https:\/\/nexusintegra.io\/es\/global-omnium-caso-exito\/#breadcrumb","itemListElement":[{"@type":"ListItem","position":1,"name":"Home","item":"https:\/\/nexusintegra.io\/es\/"},{"@type":"ListItem","position":2,"name":"Caso de \u00e9xito &#8211; Global Omnium"}]},{"@type":"WebSite","@id":"https:\/\/nexusintegra.io\/es\/#website","url":"https:\/\/nexusintegra.io\/es\/","name":"Nexus Integra","description":"","publisher":{"@id":"https:\/\/nexusintegra.io\/es\/#organization"},"potentialAction":[{"@type":"SearchAction","target":{"@type":"EntryPoint","urlTemplate":"https:\/\/nexusintegra.io\/es\/?s={search_term_string}"},"query-input":{"@type":"PropertyValueSpecification","valueRequired":true,"valueName":"search_term_string"}}],"inLanguage":"es"},{"@type":"Organization","@id":"https:\/\/nexusintegra.io\/es\/#organization","name":"Nexus Integra","url":"https:\/\/nexusintegra.io\/es\/","logo":{"@type":"ImageObject","inLanguage":"es","@id":"https:\/\/nexusintegra.io\/es\/#\/schema\/logo\/image\/","url":"https:\/\/nexusintegra.io\/es\/wp-content\/uploads\/2021\/10\/logo-nexus.svg","contentUrl":"https:\/\/nexusintegra.io\/es\/wp-content\/uploads\/2021\/10\/logo-nexus.svg","width":"1024","height":"1024","caption":"Nexus Integra"},"image":{"@id":"https:\/\/nexusintegra.io\/es\/#\/schema\/logo\/image\/"},"sameAs":["https:\/\/www.facebook.com\/nexusintegra1\/","https:\/\/x.com\/nexusintegra","https:\/\/www.linkedin.com\/company\/nexusintegra\/"]}]}},"_links":{"self":[{"href":"https:\/\/nexusintegra.io\/es\/wp-json\/wp\/v2\/pages\/1371","targetHints":{"allow":["GET"]}}],"collection":[{"href":"https:\/\/nexusintegra.io\/es\/wp-json\/wp\/v2\/pages"}],"about":[{"href":"https:\/\/nexusintegra.io\/es\/wp-json\/wp\/v2\/types\/page"}],"author":[{"embeddable":true,"href":"https:\/\/nexusintegra.io\/es\/wp-json\/wp\/v2\/users\/1"}],"replies":[{"embeddable":true,"href":"https:\/\/nexusintegra.io\/es\/wp-json\/wp\/v2\/comments?post=1371"}],"version-history":[{"count":5,"href":"https:\/\/nexusintegra.io\/es\/wp-json\/wp\/v2\/pages\/1371\/revisions"}],"predecessor-version":[{"id":3217,"href":"https:\/\/nexusintegra.io\/es\/wp-json\/wp\/v2\/pages\/1371\/revisions\/3217"}],"wp:featuredmedia":[{"embeddable":true,"href":"https:\/\/nexusintegra.io\/es\/wp-json\/wp\/v2\/media\/1389"}],"wp:attachment":[{"href":"https:\/\/nexusintegra.io\/es\/wp-json\/wp\/v2\/media?parent=1371"}],"curies":[{"name":"wp","href":"https:\/\/api.w.org\/{rel}","templated":true}]}}